{"id":950,"date":"2022-10-14T09:28:24","date_gmt":"2022-10-14T09:28:24","guid":{"rendered":"https:\/\/africadevelopmentconsultingroup.com\/?page_id=950"},"modified":"2023-02-21T15:26:17","modified_gmt":"2023-02-21T15:26:17","slug":"qui-sommes-nous","status":"publish","type":"page","link":"https:\/\/africadevelopmentconsultingroup.com\/en\/qui-sommes-nous\/","title":{"rendered":"Qui sommes nous"},"content":{"rendered":"<div data-elementor-type=\"wp-page\" data-elementor-id=\"950\" class=\"elementor elementor-950\" data-elementor-post-type=\"page\">\n\t\t\t\t\t\t<section data-particle_enable=\"false\" data-particle-mobile-disabled=\"false\" class=\"elementor-section elementor-top-section elementor-element elementor-element-1e1b5e0a elementor-section-full_width elementor-section-stretched elementor-section-height-default elementor-section-height-default\" data-id=\"1e1b5e0a\" data-element_type=\"section\" data-settings=\"{&quot;background_background&quot;:&quot;gradient&quot;,&quot;stretch_section&quot;:&quot;section-stretched&quot;,&quot;ekit_has_onepagescroll_dot&quot;:&quot;yes&quot;}\">\n\t\t\t\t\t\t\t<div class=\"elementor-background-overlay\"><\/div>\n\t\t\t\t\t\t\t<div class=\"elementor-container elementor-column-gap-default\">\n\t\t\t\t\t<div class=\"elementor-column elementor-col-50 elementor-top-column elementor-element elementor-element-72a86ef3\" data-id=\"72a86ef3\" data-element_type=\"column\" data-settings=\"{&quot;background_background&quot;:&quot;classic&quot;}\">\n\t\t\t<div class=\"elementor-widget-wrap elementor-element-populated\">\n\t\t\t\t\t\t<div class=\"elementor-element elementor-element-1018ddb elementor-widget elementor-widget-image\" data-id=\"1018ddb\" data-element_type=\"widget\" data-settings=\"{&quot;ekit_we_effect_on&quot;:&quot;none&quot;}\" data-widget_type=\"image.default\">\n\t\t\t\t<div class=\"elementor-widget-container\">\n\t\t\t\t\t\t\t\t\t\t\t\t\t\t\t<img fetchpriority=\"high\" decoding=\"async\" width=\"775\" height=\"1000\" src=\"https:\/\/africadevelopmentconsultingroup.com\/wp-content\/uploads\/2022\/10\/keye.jpeg\" class=\"attachment-large size-large wp-image-955\" alt=\"\" srcset=\"https:\/\/africadevelopmentconsultingroup.com\/wp-content\/uploads\/2022\/10\/keye.jpeg 775w, https:\/\/africadevelopmentconsultingroup.com\/wp-content\/uploads\/2022\/10\/keye-233x300.jpeg 233w, https:\/\/africadevelopmentconsultingroup.com\/wp-content\/uploads\/2022\/10\/keye-768x991.jpeg 768w\" sizes=\"(max-width: 775px) 100vw, 775px\" \/>\t\t\t\t\t\t\t\t\t\t\t\t\t\t\t<\/div>\n\t\t\t\t<\/div>\n\t\t\t\t\t<\/div>\n\t\t<\/div>\n\t\t\t\t<div class=\"elementor-column elementor-col-50 elementor-top-column elementor-element elementor-element-62a6d917\" data-id=\"62a6d917\" data-element_type=\"column\" data-settings=\"{&quot;background_background&quot;:&quot;classic&quot;}\">\n\t\t\t<div class=\"elementor-widget-wrap elementor-element-populated\">\n\t\t\t\t\t\t<div class=\"elementor-element elementor-element-d0c4aba elementor-widget elementor-widget-bdt-advanced-heading\" data-id=\"d0c4aba\" data-element_type=\"widget\" data-settings=\"{&quot;ekit_we_effect_on&quot;:&quot;none&quot;}\" data-widget_type=\"bdt-advanced-heading.default\">\n\t\t\t\t<div class=\"elementor-widget-container\">\n\t\t\t\t\t<div id =\"d0c4aba\" class=\"bdt-ep-advanced-heading\" data-settings=\"{&quot;titleMultiColor&quot;:&quot;no&quot;}\"><div class=\"bdt-ep-advanced-heading-content bdt-visible@m\"><div class=\"bdt-transform-origin-top-left\">Africa development\nconsultingroup<\/div><\/div><h2 class=\"bdt-ep-advanced-heading-title\"><span class=\"bdt-ep-advanced-heading-main-title\"><span class=\"bdt-ep-advanced-heading-main-title-inner\">who we are<\/span><\/span><\/h2><\/div>\t\t\t\t<\/div>\n\t\t\t\t<\/div>\n\t\t\t\t<div class=\"elementor-element elementor-element-fc5d6a5 elementor-invisible elementor-widget elementor-widget-text-editor\" data-id=\"fc5d6a5\" data-element_type=\"widget\" data-settings=\"{&quot;_animation&quot;:&quot;fadeInUp&quot;,&quot;_animation_delay&quot;:400,&quot;ekit_we_effect_on&quot;:&quot;none&quot;}\" data-widget_type=\"text-editor.default\">\n\t\t\t\t<div class=\"elementor-widget-container\">\n\t\t\t\t\t\t\t\t\t<p>Africa Development Consulting Group (ADCG) est un cabinet conseil et d&rsquo;ex\u00e9cution d&rsquo;ouvrage ind\u00e9pendant sp\u00e9cialis\u00e9 en d\u00e9veloppement, en ing\u00e9nierie territoriale, en ing\u00e9nierie environnementale, en management, en investissement financier, en immobilier, en \u00e9ducation et en BTP. Africa Development Consulting Group regroupe des consultants, des professionnels, des ing\u00e9nieurs et des professeurs ayant une large exp\u00e9rience nationale et internationale \u00e0 la fois dans les secteurs priv\u00e9s et publics. L\u2019entreprise exerce ses activit\u00e9s au niveau national et ambitionne de se positionner comme un leader dans la sous-r\u00e9gion.<\/p><p>Africa Development Consulting Group, cr\u00e9\u00e9 en 2021, d\u00e9veloppe un savoir-faire dans divers domaines de l&rsquo;ing\u00e9nierie, de la gestion de projet, du management, de l&rsquo;investissement financier, de l&rsquo;\u00e9ducation, de l&rsquo;immobilier et du BTP en C\u00f4te d\u2019Ivoire. Africa Development Consulting Group \u00a0intervient essentiellement pour diverses activit\u00e9s suivantes :<\/p><p><strong>- The Studies<\/strong><\/p><p><strong>- Expertise and advice<\/strong><\/p><p><strong>- Project management and control of the execution of the works<\/strong><\/p><p><strong>- Assistance to the project owner<\/strong><\/p><p><strong>- Qualifying training<\/strong><\/p><p><strong>- Real Estate<\/strong><\/p><p><strong>- The investment<\/strong><\/p><p><strong>- Education<\/strong><\/p><p>In order to establish its reputation, Africa Development Consulting Group develops a policy of exchanges and strategic partnerships with many Canadian firms or international consulting firms and Canadian universities. Our general objective is first of all to insert us more in the new economic dynamics which takes place in C\u00f4te d'Ivoire and then to extend our expertise in the sub-region. Our major concern is to carry out works, studies of high qualities for our customers while providing a pleasant environment of work to our professionals. Africa Development Consulting Group is permanently listening to its customers in order to take into account all their concerns, for a better result to the height of their expectations.<\/p>\t\t\t\t\t\t\t\t<\/div>\n\t\t\t\t<\/div>\n\t\t\t\t\t<\/div>\n\t\t<\/div>\n\t\t\t\t\t<\/div>\n\t\t<\/section>\n\t\t\t\t<\/div>","protected":false},"excerpt":{"rendered":"<p>Africa development consultingroup qui sommes nous Africa Development Consulting Group (ADCG) est un cabinet conseil et d&rsquo;ex\u00e9cution d&rsquo;ouvrage ind\u00e9pendant sp\u00e9cialis\u00e9 en d\u00e9veloppement, en ing\u00e9nierie territoriale, en ing\u00e9nierie environnementale, en management, en investissement financier, en immobilier, en \u00e9ducation et en BTP. Africa Development Consulting Group regroupe des consultants, des professionnels, des ing\u00e9nieurs et des professeurs ayant [&hellip;]<\/p>","protected":false},"author":1,"featured_media":0,"parent":0,"menu_order":0,"comment_status":"closed","ping_status":"closed","template":"elementor_header_footer","meta":{"_editorskit_title_hidden":false,"_editorskit_reading_time":0,"_editorskit_is_block_options_detached":false,"_editorskit_block_options_position":"{}","footnotes":""},"class_list":["post-950","page","type-page","status-publish","hentry"],"_links":{"self":[{"href":"https:\/\/africadevelopmentconsultingroup.com\/en\/wp-json\/wp\/v2\/pages\/950","targetHints":{"allow":["GET"]}}],"collection":[{"href":"https:\/\/africadevelopmentconsultingroup.com\/en\/wp-json\/wp\/v2\/pages"}],"about":[{"href":"https:\/\/africadevelopmentconsultingroup.com\/en\/wp-json\/wp\/v2\/types\/page"}],"author":[{"embeddable":true,"href":"https:\/\/africadevelopmentconsultingroup.com\/en\/wp-json\/wp\/v2\/users\/1"}],"replies":[{"embeddable":true,"href":"https:\/\/africadevelopmentconsultingroup.com\/en\/wp-json\/wp\/v2\/comments?post=950"}],"version-history":[{"count":14,"href":"https:\/\/africadevelopmentconsultingroup.com\/en\/wp-json\/wp\/v2\/pages\/950\/revisions"}],"predecessor-version":[{"id":4023,"href":"https:\/\/africadevelopmentconsultingroup.com\/en\/wp-json\/wp\/v2\/pages\/950\/revisions\/4023"}],"wp:attachment":[{"href":"https:\/\/africadevelopmentconsultingroup.com\/en\/wp-json\/wp\/v2\/media?parent=950"}],"curies":[{"name":"wp","href":"https:\/\/api.w.org\/{rel}","templated":true}]}}