{"id":918,"date":"2022-10-14T09:00:05","date_gmt":"2022-10-14T09:00:05","guid":{"rendered":"https:\/\/africadevelopmentconsultingroup.com\/?page_id=918"},"modified":"2023-02-21T11:37:49","modified_gmt":"2023-02-21T11:37:49","slug":"devise","status":"publish","type":"page","link":"https:\/\/africadevelopmentconsultingroup.com\/en\/devise\/","title":{"rendered":"Currency"},"content":{"rendered":"<div data-elementor-type=\"wp-page\" data-elementor-id=\"918\" class=\"elementor elementor-918\" data-elementor-post-type=\"page\">\n\t\t\t\t\t\t<section data-particle_enable=\"false\" data-particle-mobile-disabled=\"false\" class=\"elementor-section elementor-top-section elementor-element elementor-element-1e1b5e0a elementor-section-stretched elementor-section-boxed elementor-section-height-default elementor-section-height-default\" data-id=\"1e1b5e0a\" data-element_type=\"section\" data-settings=\"{&quot;background_background&quot;:&quot;gradient&quot;,&quot;stretch_section&quot;:&quot;section-stretched&quot;,&quot;ekit_has_onepagescroll_dot&quot;:&quot;yes&quot;}\">\n\t\t\t\t\t\t\t<div class=\"elementor-background-overlay\"><\/div>\n\t\t\t\t\t\t\t<div class=\"elementor-container elementor-column-gap-default\">\n\t\t\t\t\t<div class=\"elementor-column elementor-col-50 elementor-top-column elementor-element elementor-element-72a86ef3\" data-id=\"72a86ef3\" data-element_type=\"column\" data-settings=\"{&quot;background_background&quot;:&quot;classic&quot;}\">\n\t\t\t<div class=\"elementor-widget-wrap elementor-element-populated\">\n\t\t\t\t\t\t<div class=\"elementor-element elementor-element-1018ddb elementor-widget elementor-widget-image\" data-id=\"1018ddb\" data-element_type=\"widget\" data-settings=\"{&quot;ekit_we_effect_on&quot;:&quot;none&quot;}\" data-widget_type=\"image.default\">\n\t\t\t\t<div class=\"elementor-widget-container\">\n\t\t\t\t\t\t\t\t\t\t\t\t\t\t\t<img fetchpriority=\"high\" decoding=\"async\" width=\"667\" height=\"1000\" src=\"https:\/\/africadevelopmentconsultingroup.com\/wp-content\/uploads\/2022\/10\/jjueue.jpeg\" class=\"attachment-large size-large wp-image-820\" alt=\"\" srcset=\"https:\/\/africadevelopmentconsultingroup.com\/wp-content\/uploads\/2022\/10\/jjueue.jpeg 667w, https:\/\/africadevelopmentconsultingroup.com\/wp-content\/uploads\/2022\/10\/jjueue-200x300.jpeg 200w\" sizes=\"(max-width: 667px) 100vw, 667px\" \/>\t\t\t\t\t\t\t\t\t\t\t\t\t\t\t<\/div>\n\t\t\t\t<\/div>\n\t\t\t\t\t<\/div>\n\t\t<\/div>\n\t\t\t\t<div class=\"elementor-column elementor-col-50 elementor-top-column elementor-element elementor-element-62a6d917\" data-id=\"62a6d917\" data-element_type=\"column\" data-settings=\"{&quot;background_background&quot;:&quot;classic&quot;}\">\n\t\t\t<div class=\"elementor-widget-wrap elementor-element-populated\">\n\t\t\t\t\t\t<div class=\"elementor-element elementor-element-a9680d0 elementor-widget elementor-widget-bdt-advanced-heading\" data-id=\"a9680d0\" data-element_type=\"widget\" data-settings=\"{&quot;ekit_we_effect_on&quot;:&quot;none&quot;}\" data-widget_type=\"bdt-advanced-heading.default\">\n\t\t\t\t<div class=\"elementor-widget-container\">\n\t\t\t\t\t<div id =\"a9680d0\" class=\"bdt-ep-advanced-heading\" data-settings=\"{&quot;titleMultiColor&quot;:&quot;no&quot;}\"><div class=\"bdt-ep-advanced-heading-content bdt-visible@m\"><div class=\"bdt-transform-origin-top-left\">Africa development\nconsultingroup<\/div><\/div><h2 class=\"bdt-ep-advanced-heading-title\"><span class=\"bdt-ep-advanced-heading-main-title\"><span class=\"bdt-ep-advanced-heading-main-title-inner\">Currency<\/span><\/span><\/h2><\/div>\t\t\t\t<\/div>\n\t\t\t\t<\/div>\n\t\t\t\t<div class=\"elementor-element elementor-element-fc5d6a5 elementor-invisible elementor-widget elementor-widget-text-editor\" data-id=\"fc5d6a5\" data-element_type=\"widget\" data-settings=\"{&quot;_animation&quot;:&quot;fadeInUp&quot;,&quot;_animation_delay&quot;:400,&quot;ekit_we_effect_on&quot;:&quot;none&quot;}\" data-widget_type=\"text-editor.default\">\n\t\t\t\t<div class=\"elementor-widget-container\">\n\t\t\t\t\t\t\t\t\t<p><strong>Dare Africa, Dare Development<\/strong><\/p><p><strong>A<\/strong>Providing specialized expertise in development in Africa<\/p><p><strong>D<\/strong>Diagnosis, analysis and implementation of development projects<\/p><p><strong>C<\/strong>Building local knowledge and know-how through training and coaching<\/p><p><strong>G<\/strong>Efficient management of human and environmental potential<\/p>\t\t\t\t\t\t\t\t<\/div>\n\t\t\t\t<\/div>\n\t\t\t\t\t<\/div>\n\t\t<\/div>\n\t\t\t\t\t<\/div>\n\t\t<\/section>\n\t\t\t\t<\/div>","protected":false},"excerpt":{"rendered":"<p>Africa development consultingroup Devise Osez l&rsquo;Afrique, Osez le d\u00e9veloppement Apport d&rsquo;une expertise pointue dans le d\u00e9veloppement en Afrique Diagnostic, analyse et mise en \u0153uvre des projets de d\u00e9veloppement Construction d&rsquo;un savoir et d&rsquo;un savoir-faire local par la formation et l&rsquo;accompagnement Gestion efficiente des potentialit\u00e9s humaines et environnementales<\/p>","protected":false},"author":1,"featured_media":0,"parent":0,"menu_order":0,"comment_status":"closed","ping_status":"closed","template":"elementor_header_footer","meta":{"_editorskit_title_hidden":false,"_editorskit_reading_time":0,"_editorskit_is_block_options_detached":false,"_editorskit_block_options_position":"{}","footnotes":""},"class_list":["post-918","page","type-page","status-publish","hentry"],"_links":{"self":[{"href":"https:\/\/africadevelopmentconsultingroup.com\/en\/wp-json\/wp\/v2\/pages\/918","targetHints":{"allow":["GET"]}}],"collection":[{"href":"https:\/\/africadevelopmentconsultingroup.com\/en\/wp-json\/wp\/v2\/pages"}],"about":[{"href":"https:\/\/africadevelopmentconsultingroup.com\/en\/wp-json\/wp\/v2\/types\/page"}],"author":[{"embeddable":true,"href":"https:\/\/africadevelopmentconsultingroup.com\/en\/wp-json\/wp\/v2\/users\/1"}],"replies":[{"embeddable":true,"href":"https:\/\/africadevelopmentconsultingroup.com\/en\/wp-json\/wp\/v2\/comments?post=918"}],"version-history":[{"count":14,"href":"https:\/\/africadevelopmentconsultingroup.com\/en\/wp-json\/wp\/v2\/pages\/918\/revisions"}],"predecessor-version":[{"id":4013,"href":"https:\/\/africadevelopmentconsultingroup.com\/en\/wp-json\/wp\/v2\/pages\/918\/revisions\/4013"}],"wp:attachment":[{"href":"https:\/\/africadevelopmentconsultingroup.com\/en\/wp-json\/wp\/v2\/media?parent=918"}],"curies":[{"name":"wp","href":"https:\/\/api.w.org\/{rel}","templated":true}]}}