{"id":725,"date":"2022-10-12T15:05:06","date_gmt":"2022-10-12T15:05:06","guid":{"rendered":"https:\/\/africadevelopmentconsultingroup.com\/?page_id=725"},"modified":"2023-02-21T10:17:20","modified_gmt":"2023-02-21T10:17:20","slug":"levaluation-des-programmes-ou-offres-de-formation-superieure-2","status":"publish","type":"page","link":"https:\/\/africadevelopmentconsultingroup.com\/en\/levaluation-des-programmes-ou-offres-de-formation-superieure-2\/","title":{"rendered":"L&rsquo;\u00c9VALUATION DES PROGRAMMES OU OFFRES DE FORMATION SUP\u00c9RIEURE"},"content":{"rendered":"<div data-elementor-type=\"wp-page\" data-elementor-id=\"725\" class=\"elementor elementor-725\" data-elementor-post-type=\"page\">\n\t\t\t\t\t\t<section data-particle_enable=\"false\" data-particle-mobile-disabled=\"false\" class=\"elementor-section elementor-top-section elementor-element elementor-element-1e1b5e0a elementor-section-full_width elementor-section-stretched elementor-section-height-default elementor-section-height-default\" data-id=\"1e1b5e0a\" data-element_type=\"section\" data-settings=\"{&quot;background_background&quot;:&quot;gradient&quot;,&quot;stretch_section&quot;:&quot;section-stretched&quot;,&quot;ekit_has_onepagescroll_dot&quot;:&quot;yes&quot;}\">\n\t\t\t\t\t\t\t<div class=\"elementor-background-overlay\"><\/div>\n\t\t\t\t\t\t\t<div class=\"elementor-container elementor-column-gap-default\">\n\t\t\t\t\t<div class=\"elementor-column elementor-col-50 elementor-top-column elementor-element elementor-element-72a86ef3\" data-id=\"72a86ef3\" data-element_type=\"column\" data-settings=\"{&quot;background_background&quot;:&quot;classic&quot;}\">\n\t\t\t<div class=\"elementor-widget-wrap elementor-element-populated\">\n\t\t\t\t\t\t<div class=\"elementor-element elementor-element-1018ddb elementor-widget elementor-widget-image\" data-id=\"1018ddb\" data-element_type=\"widget\" data-settings=\"{&quot;ekit_we_effect_on&quot;:&quot;none&quot;}\" data-widget_type=\"image.default\">\n\t\t\t\t<div class=\"elementor-widget-container\">\n\t\t\t\t\t\t\t\t\t\t\t\t\t\t\t<img fetchpriority=\"high\" decoding=\"async\" width=\"667\" height=\"1000\" src=\"https:\/\/africadevelopmentconsultingroup.com\/wp-content\/uploads\/2022\/10\/jjueue.jpeg\" class=\"attachment-large size-large wp-image-820\" alt=\"\" srcset=\"https:\/\/africadevelopmentconsultingroup.com\/wp-content\/uploads\/2022\/10\/jjueue.jpeg 667w, https:\/\/africadevelopmentconsultingroup.com\/wp-content\/uploads\/2022\/10\/jjueue-200x300.jpeg 200w\" sizes=\"(max-width: 667px) 100vw, 667px\" \/>\t\t\t\t\t\t\t\t\t\t\t\t\t\t\t<\/div>\n\t\t\t\t<\/div>\n\t\t\t\t\t<\/div>\n\t\t<\/div>\n\t\t\t\t<div class=\"elementor-column elementor-col-50 elementor-top-column elementor-element elementor-element-62a6d917\" data-id=\"62a6d917\" data-element_type=\"column\" data-settings=\"{&quot;background_background&quot;:&quot;classic&quot;}\">\n\t\t\t<div class=\"elementor-widget-wrap elementor-element-populated\">\n\t\t\t\t\t\t<div class=\"elementor-element elementor-element-431f8b0 elementor-widget elementor-widget-bdt-advanced-heading\" data-id=\"431f8b0\" data-element_type=\"widget\" data-settings=\"{&quot;ekit_we_effect_on&quot;:&quot;none&quot;}\" data-widget_type=\"bdt-advanced-heading.default\">\n\t\t\t\t<div class=\"elementor-widget-container\">\n\t\t\t\t\t<div id =\"431f8b0\" class=\"bdt-ep-advanced-heading\" data-settings=\"{&quot;titleMultiColor&quot;:&quot;no&quot;}\"><div class=\"bdt-ep-advanced-heading-content bdt-visible@m\"><div class=\"bdt-transform-origin-top-left\">Africa development\nconsultingroup<\/div><\/div><h2 class=\"bdt-ep-advanced-heading-title\"><span class=\"bdt-ep-advanced-heading-main-title\"><span class=\"bdt-ep-advanced-heading-main-title-inner\">EVALUATION OF HIGHER EDUCATION PROGRAMS OR OFFERINGS<\/span><\/span><\/h2><\/div>\t\t\t\t<\/div>\n\t\t\t\t<\/div>\n\t\t\t\t<div class=\"elementor-element elementor-element-fc5d6a5 elementor-invisible elementor-widget elementor-widget-text-editor\" data-id=\"fc5d6a5\" data-element_type=\"widget\" data-settings=\"{&quot;_animation&quot;:&quot;fadeInUp&quot;,&quot;_animation_delay&quot;:400,&quot;ekit_we_effect_on&quot;:&quot;none&quot;}\" data-widget_type=\"text-editor.default\">\n\t\t\t\t<div class=\"elementor-widget-container\">\n\t\t\t\t\t\t\t\t\t<p>Evaluation is the systematic assessment of the design, implementation or outcomes of an initiative for the purpose of learning or decision-making (Canadian Evaluation Society). In practice, it is a rigorous and systematic process of collecting and analyzing evidence about interventions in order to improve them or make judgments about their value and thus inform decision-making.<\/p><p>Depending on the concerns of the schools or universities, the evaluation of our experts may take into consideration the relevance of the intervention and the means of intervention chosen, the implementation of the intervention, its results, the effectiveness with which its objectives are pursued or the efficiency of the action.<\/p><p>Our professionals are individuals who are responsible for assessing or evaluating the relevance of a higher education program or offering. Therefore, the evaluation of your program by ADCG's experts will take into consideration the following 10 criteria:<\/p><ol><li>The history of the program,<\/li><li>Social relevance,<\/li><li>Institutional relevance<\/li><li>The guidelines<\/li><li>The objectives<\/li><li>The content<\/li><li>The composition<\/li><li>Student enrollment<\/li><li>Available resources<\/li><li>Economic relevance or relevance to the job market<\/li><\/ol>\t\t\t\t\t\t\t\t<\/div>\n\t\t\t\t<\/div>\n\t\t\t\t\t<\/div>\n\t\t<\/div>\n\t\t\t\t\t<\/div>\n\t\t<\/section>\n\t\t\t\t<section data-particle_enable=\"false\" data-particle-mobile-disabled=\"false\" class=\"elementor-section elementor-top-section elementor-element elementor-element-c9f68dc elementor-section-full_width elementor-section-stretched elementor-section-height-default elementor-section-height-default\" data-id=\"c9f68dc\" data-element_type=\"section\" data-settings=\"{&quot;stretch_section&quot;:&quot;section-stretched&quot;,&quot;background_background&quot;:&quot;classic&quot;,&quot;ekit_has_onepagescroll_dot&quot;:&quot;yes&quot;}\">\n\t\t\t\t\t\t\t<div class=\"elementor-background-overlay\"><\/div>\n\t\t\t\t\t\t\t<div class=\"elementor-container elementor-column-gap-default\">\n\t\t\t\t\t<div class=\"elementor-column elementor-col-100 elementor-top-column elementor-element elementor-element-99c55e0\" data-id=\"99c55e0\" data-element_type=\"column\">\n\t\t\t<div class=\"elementor-widget-wrap elementor-element-populated\">\n\t\t\t\t\t\t<section data-particle_enable=\"false\" data-particle-mobile-disabled=\"false\" class=\"elementor-section elementor-inner-section elementor-element elementor-element-adfdfdf elementor-section-full_width elementor-section-height-default elementor-section-height-default\" data-id=\"adfdfdf\" data-element_type=\"section\" data-settings=\"{&quot;background_background&quot;:&quot;classic&quot;,&quot;ekit_has_onepagescroll_dot&quot;:&quot;yes&quot;}\">\n\t\t\t\t\t\t<div class=\"elementor-container elementor-column-gap-default\">\n\t\t\t\t\t<div class=\"elementor-column elementor-col-33 elementor-inner-column elementor-element elementor-element-80e5416\" data-id=\"80e5416\" data-element_type=\"column\">\n\t\t\t<div class=\"elementor-widget-wrap\">\n\t\t\t\t\t\t\t<\/div>\n\t\t<\/div>\n\t\t\t\t<div class=\"elementor-column elementor-col-33 elementor-inner-column elementor-element elementor-element-bc2b332\" data-id=\"bc2b332\" data-element_type=\"column\">\n\t\t\t<div class=\"elementor-widget-wrap elementor-element-populated\">\n\t\t\t\t\t\t<div class=\"elementor-element elementor-element-afb7ab2 elementor-widget elementor-widget-elementskit-heading\" data-id=\"afb7ab2\" data-element_type=\"widget\" data-settings=\"{&quot;ekit_we_effect_on&quot;:&quot;none&quot;}\" data-widget_type=\"elementskit-heading.default\">\n\t\t\t\t<div class=\"elementor-widget-container\">\n\t\t\t\t\t<div class=\"ekit-wid-con\" ><div class=\"ekit-heading elementskit-section-title-wraper text_center   ekit_heading_tablet-   ekit_heading_mobile-\"><h3 class=\"elementskit-section-subtitle  elementskit-style-border\">\n\t\t\t\t\t\tAfrica development consulting group\n\t\t\t\t\t<\/h3><h2 class=\"ekit-heading--title elementskit-section-title\">Our team<\/h2><\/div><\/div>\t\t\t\t<\/div>\n\t\t\t\t<\/div>\n\t\t\t\t\t<\/div>\n\t\t<\/div>\n\t\t\t\t<div class=\"elementor-column elementor-col-33 elementor-inner-column elementor-element elementor-element-6bc002f\" data-id=\"6bc002f\" data-element_type=\"column\">\n\t\t\t<div class=\"elementor-widget-wrap\">\n\t\t\t\t\t\t\t<\/div>\n\t\t<\/div>\n\t\t\t\t\t<\/div>\n\t\t<\/section>\n\t\t\t\t<section data-particle_enable=\"false\" data-particle-mobile-disabled=\"false\" class=\"elementor-section elementor-inner-section elementor-element elementor-element-e174224 elementor-section-full_width elementor-section-height-default elementor-section-height-default\" data-id=\"e174224\" data-element_type=\"section\" data-settings=\"{&quot;ekit_has_onepagescroll_dot&quot;:&quot;yes&quot;}\">\n\t\t\t\t\t\t<div class=\"elementor-container elementor-column-gap-default\">\n\t\t\t\t\t<div class=\"elementor-column elementor-col-33 elementor-inner-column elementor-element elementor-element-0e36ad0\" data-id=\"0e36ad0\" data-element_type=\"column\">\n\t\t\t<div class=\"elementor-widget-wrap elementor-element-populated\">\n\t\t\t\t\t\t<div class=\"elementor-element elementor-element-c71e745 elementor-widget elementor-widget-text-editor\" data-id=\"c71e745\" data-element_type=\"widget\" data-settings=\"{&quot;ekit_we_effect_on&quot;:&quot;none&quot;}\" data-widget_type=\"text-editor.default\">\n\t\t\t\t<div class=\"elementor-widget-container\">\n\t\t\t\t\t\t\t\t\t<ul><li>Evaluates your school or university program;<\/li><li>Formulates curriculum evaluation criteria;<\/li><li>Defines the framework for assessment of school and university learning curriculum;<\/li><li>Develops learning curriculum assessment tools;<\/li><li>Develops a school or university program;<\/li><li>Creates a school or university performance evaluation grid;<\/li><li>Seeking colleges, universities or colleges of higher learning for partnerships;<\/li><\/ul>\t\t\t\t\t\t\t\t<\/div>\n\t\t\t\t<\/div>\n\t\t\t\t\t<\/div>\n\t\t<\/div>\n\t\t\t\t<div class=\"elementor-column elementor-col-33 elementor-inner-column elementor-element elementor-element-c6c3881\" data-id=\"c6c3881\" data-element_type=\"column\">\n\t\t\t<div class=\"elementor-widget-wrap elementor-element-populated\">\n\t\t\t\t\t\t<div class=\"elementor-element elementor-element-6557d0c elementor-widget elementor-widget-text-editor\" data-id=\"6557d0c\" data-element_type=\"widget\" data-settings=\"{&quot;ekit_we_effect_on&quot;:&quot;none&quot;}\" data-widget_type=\"text-editor.default\">\n\t\t\t\t<div class=\"elementor-widget-container\">\n\t\t\t\t\t\t\t\t\t<ul><li>develops a comprehensive academic or school program<\/li><li>Create a performance evaluation grid (University and school)<\/li><li>is looking for partnerships with colleges, universities and universities of applied sciences<\/li><li>develops the framework cooperation agreement or memorandum of understanding between the partner institutions<\/li><\/ul>\t\t\t\t\t\t\t\t<\/div>\n\t\t\t\t<\/div>\n\t\t\t\t\t<\/div>\n\t\t<\/div>\n\t\t\t\t<div class=\"elementor-column elementor-col-33 elementor-inner-column elementor-element elementor-element-42c76bc\" data-id=\"42c76bc\" data-element_type=\"column\">\n\t\t\t<div class=\"elementor-widget-wrap elementor-element-populated\">\n\t\t\t\t\t\t<div class=\"elementor-element elementor-element-d7f4bfe elementor-widget elementor-widget-text-editor\" data-id=\"d7f4bfe\" data-element_type=\"widget\" data-settings=\"{&quot;ekit_we_effect_on&quot;:&quot;none&quot;}\" data-widget_type=\"text-editor.default\">\n\t\t\t\t<div class=\"elementor-widget-container\">\n\t\t\t\t\t\t\t\t\t<ul><li>Fact of the initial training of trainers (or professional);<\/li><li>Conducts continuing education with school and university institutions;<\/li><li>Search for partnerships for universities<\/li><li>Enables international student mobility;<\/li><li>Enrols students in Canadian universities;<\/li><li>Offers training and seminars on various topics in education in person or via webinar.<\/li><\/ul>\t\t\t\t\t\t\t\t<\/div>\n\t\t\t\t<\/div>\n\t\t\t\t\t<\/div>\n\t\t<\/div>\n\t\t\t\t\t<\/div>\n\t\t<\/section>\n\t\t\t\t\t<\/div>\n\t\t<\/div>\n\t\t\t\t\t<\/div>\n\t\t<\/section>\n\t\t\t\t<\/div>","protected":false},"excerpt":{"rendered":"<p>Africa development consultingroup L&rsquo;\u00c9VALUATION DES PROGRAMMES OU OFFRES DE FORMATION SUP\u00c9RIEURE L&rsquo;\u00e9valuation est l&rsquo;appr\u00e9ciation syst\u00e9matique de la conception, de la mise en \u0153uvre ou des r\u00e9sultats d&rsquo;une initiative pour des fins d&rsquo;apprentissage ou de prise de d\u00e9cision (Soci\u00e9t\u00e9 canadienne d&rsquo;\u00e9valuation). Dans la pratique, il s&rsquo;agit d&rsquo;une d\u00e9marche rigoureuse et syst\u00e9matique de collecte et d\u2019analyse de [&hellip;]<\/p>","protected":false},"author":1,"featured_media":0,"parent":0,"menu_order":0,"comment_status":"closed","ping_status":"closed","template":"elementor_header_footer","meta":{"_editorskit_title_hidden":false,"_editorskit_reading_time":0,"_editorskit_is_block_options_detached":false,"_editorskit_block_options_position":"{}","footnotes":""},"class_list":["post-725","page","type-page","status-publish","hentry"],"_links":{"self":[{"href":"https:\/\/africadevelopmentconsultingroup.com\/en\/wp-json\/wp\/v2\/pages\/725","targetHints":{"allow":["GET"]}}],"collection":[{"href":"https:\/\/africadevelopmentconsultingroup.com\/en\/wp-json\/wp\/v2\/pages"}],"about":[{"href":"https:\/\/africadevelopmentconsultingroup.com\/en\/wp-json\/wp\/v2\/types\/page"}],"author":[{"embeddable":true,"href":"https:\/\/africadevelopmentconsultingroup.com\/en\/wp-json\/wp\/v2\/users\/1"}],"replies":[{"embeddable":true,"href":"https:\/\/africadevelopmentconsultingroup.com\/en\/wp-json\/wp\/v2\/comments?post=725"}],"version-history":[{"count":25,"href":"https:\/\/africadevelopmentconsultingroup.com\/en\/wp-json\/wp\/v2\/pages\/725\/revisions"}],"predecessor-version":[{"id":3945,"href":"https:\/\/africadevelopmentconsultingroup.com\/en\/wp-json\/wp\/v2\/pages\/725\/revisions\/3945"}],"wp:attachment":[{"href":"https:\/\/africadevelopmentconsultingroup.com\/en\/wp-json\/wp\/v2\/media?parent=725"}],"curies":[{"name":"wp","href":"https:\/\/api.w.org\/{rel}","templated":true}]}}