{"id":4196,"date":"2023-12-18T20:50:14","date_gmt":"2023-12-18T20:50:14","guid":{"rendered":"https:\/\/africadevelopmentconsultingroup.com\/?page_id=4196"},"modified":"2023-12-19T10:11:49","modified_gmt":"2023-12-19T10:11:49","slug":"projets","status":"publish","type":"page","link":"https:\/\/africadevelopmentconsultingroup.com\/en\/projets\/","title":{"rendered":"Projects"},"content":{"rendered":"<div data-elementor-type=\"wp-page\" data-elementor-id=\"4196\" class=\"elementor elementor-4196\" data-elementor-post-type=\"page\">\n\t\t\t\t\t\t<section data-particle_enable=\"false\" data-particle-mobile-disabled=\"false\" class=\"elementor-section elementor-top-section elementor-element elementor-element-e9b569c elementor-section-boxed elementor-section-height-default elementor-section-height-default\" data-id=\"e9b569c\" data-element_type=\"section\" data-settings=\"{&quot;ekit_has_onepagescroll_dot&quot;:&quot;yes&quot;}\">\n\t\t\t\t\t\t<div class=\"elementor-container elementor-column-gap-default\">\n\t\t\t\t\t<div class=\"elementor-column elementor-col-100 elementor-top-column elementor-element elementor-element-0558478\" data-id=\"0558478\" data-element_type=\"column\">\n\t\t\t<div class=\"elementor-widget-wrap elementor-element-populated\">\n\t\t\t\t\t\t<div class=\"elementor-element elementor-element-e5bb413 elementor-grid-eael-col-2 elementor-grid-tablet-eael-col-2 elementor-grid-mobile-eael-col-1 elementor-widget elementor-widget-eael-post-grid\" data-id=\"e5bb413\" data-element_type=\"widget\" data-settings=\"{&quot;eael_post_grid_columns&quot;:&quot;eael-col-2&quot;,&quot;eael_post_grid_columns_tablet&quot;:&quot;eael-col-2&quot;,&quot;eael_post_grid_columns_mobile&quot;:&quot;eael-col-1&quot;,&quot;ekit_we_effect_on&quot;:&quot;none&quot;}\" data-widget_type=\"eael-post-grid.default\">\n\t\t\t\t<div class=\"elementor-widget-container\">\n\t\t\t\t\t<div id=\"eael-post-grid-e5bb413\" class=\"eael-post-grid-container\">\n            <div class=\"eael-post-grid eael-post-appender eael-post-appender-e5bb413 eael-post-grid-style-one\" data-layout-mode=\"grid\"><article class=\"eael-grid-post  eael-post-grid-column eael-pg-post-4206 category-projets\" data-id=\"4206\">\n        <div class=\"eael-grid-post-holder\">\n            <div class=\"eael-grid-post-holder-inner\"><div class=\"eael-entry-media\"><div class=\"eael-entry-overlay fade-in\"><i class=\"fas fa-long-arrow-alt-right\" aria-hidden=\"true\"><\/i><a href=\"https:\/\/africadevelopmentconsultingroup.com\/en\/projet-destination-canada\/\"><\/a><\/div><div class=\"eael-entry-thumbnail\">\n                <img decoding=\"async\" width=\"300\" height=\"128\" src=\"https:\/\/africadevelopmentconsultingroup.com\/wp-content\/uploads\/2023\/12\/Capture-decran-2023-12-19-104004-300x128.png\" class=\"attachment-medium size-medium wp-image-4214\" alt=\"\" srcset=\"https:\/\/africadevelopmentconsultingroup.com\/wp-content\/uploads\/2023\/12\/Capture-decran-2023-12-19-104004-300x128.png 300w, https:\/\/africadevelopmentconsultingroup.com\/wp-content\/uploads\/2023\/12\/Capture-decran-2023-12-19-104004-768x327.png 768w, https:\/\/africadevelopmentconsultingroup.com\/wp-content\/uploads\/2023\/12\/Capture-decran-2023-12-19-104004-18x8.png 18w, https:\/\/africadevelopmentconsultingroup.com\/wp-content\/uploads\/2023\/12\/Capture-decran-2023-12-19-104004.png 816w\" sizes=\"(max-width: 300px) 100vw, 300px\" \/>\n            <\/div>\n        <\/div><div class=\"eael-entry-wrapper\"><header class=\"eael-entry-header\"><h2 class=\"eael-entry-title\"><a class=\"eael-grid-post-link\" href=\"https:\/\/africadevelopmentconsultingroup.com\/en\/projet-destination-canada\/\" title=\"Destination Canada Project\">Destination Canada Project<\/a><\/h2><\/header><div class=\"eael-entry-content\">\n                        <div class=\"eael-grid-post-excerpt\"><p>Africa Development Consulting Group (ADCG) et son partenaire VGO PRIME...<\/p><a href=\"https:\/\/africadevelopmentconsultingroup.com\/en\/projet-destination-canada\/\" class=\"eael-post-elements-readmore-btn\">Read more<\/a><\/div>\n                    <\/div><div class=\"eael-entry-footer\"><div class=\"eael-entry-meta\"><span class=\"eael-posted-by\"><a href=\"https:\/\/africadevelopmentconsultingroup.com\/en\/author\/admin\/\" title=\"Posts by  \" rel=\"author\"> <\/a><\/span><\/div><\/div><\/div><\/div>\n        <\/div>\n    <\/article><\/div>\n            <div class=\"clearfix\"><\/div>\n        <\/div>\t\t\t\t<\/div>\n\t\t\t\t<\/div>\n\t\t\t\t\t<\/div>\n\t\t<\/div>\n\t\t\t\t\t<\/div>\n\t\t<\/section>\n\t\t\t\t<\/div>","protected":false},"excerpt":{"rendered":"<p>Projet Destination Canada Les m\u00e9dias qui parle de l&#8217;evenement Le Directeur g\u00e9n\u00e9ral de&#8230; Lire la suite<\/p>","protected":false},"author":1,"featured_media":0,"parent":0,"menu_order":0,"comment_status":"closed","ping_status":"closed","template":"","meta":{"_editorskit_title_hidden":false,"_editorskit_reading_time":0,"_editorskit_is_block_options_detached":false,"_editorskit_block_options_position":"{}","footnotes":""},"class_list":["post-4196","page","type-page","status-publish","hentry"],"_links":{"self":[{"href":"https:\/\/africadevelopmentconsultingroup.com\/en\/wp-json\/wp\/v2\/pages\/4196","targetHints":{"allow":["GET"]}}],"collection":[{"href":"https:\/\/africadevelopmentconsultingroup.com\/en\/wp-json\/wp\/v2\/pages"}],"about":[{"href":"https:\/\/africadevelopmentconsultingroup.com\/en\/wp-json\/wp\/v2\/types\/page"}],"author":[{"embeddable":true,"href":"https:\/\/africadevelopmentconsultingroup.com\/en\/wp-json\/wp\/v2\/users\/1"}],"replies":[{"embeddable":true,"href":"https:\/\/africadevelopmentconsultingroup.com\/en\/wp-json\/wp\/v2\/comments?post=4196"}],"version-history":[{"count":13,"href":"https:\/\/africadevelopmentconsultingroup.com\/en\/wp-json\/wp\/v2\/pages\/4196\/revisions"}],"predecessor-version":[{"id":4235,"href":"https:\/\/africadevelopmentconsultingroup.com\/en\/wp-json\/wp\/v2\/pages\/4196\/revisions\/4235"}],"wp:attachment":[{"href":"https:\/\/africadevelopmentconsultingroup.com\/en\/wp-json\/wp\/v2\/media?parent=4196"}],"curies":[{"name":"wp","href":"https:\/\/api.w.org\/{rel}","templated":true}]}}