{"id":285,"date":"2022-09-15T10:51:31","date_gmt":"2022-09-15T10:51:31","guid":{"rendered":"https:\/\/africadevelopmentconsultingroup.com\/?page_id=285"},"modified":"2023-01-15T15:47:44","modified_gmt":"2023-01-15T15:47:44","slug":"immobilier","status":"publish","type":"page","link":"https:\/\/africadevelopmentconsultingroup.com\/en\/immobilier\/","title":{"rendered":"REAL ESTATE"},"content":{"rendered":"<div data-elementor-type=\"wp-page\" data-elementor-id=\"285\" class=\"elementor elementor-285\" data-elementor-post-type=\"page\">\n\t\t\t\t\t\t<section data-particle_enable=\"false\" data-particle-mobile-disabled=\"false\" class=\"elementor-section elementor-top-section elementor-element elementor-element-18e4e592 elementor-section-boxed elementor-section-height-default elementor-section-height-default\" data-id=\"18e4e592\" data-element_type=\"section\" data-settings=\"{&quot;ekit_has_onepagescroll_dot&quot;:&quot;yes&quot;}\">\n\t\t\t\t\t\t<div class=\"elementor-container elementor-column-gap-default\">\n\t\t\t\t\t<div class=\"elementor-column elementor-col-33 elementor-top-column elementor-element elementor-element-59994687\" data-id=\"59994687\" data-element_type=\"column\">\n\t\t\t<div class=\"elementor-widget-wrap\">\n\t\t\t\t\t\t\t<\/div>\n\t\t<\/div>\n\t\t\t\t<div class=\"elementor-column elementor-col-66 elementor-top-column elementor-element elementor-element-4a2f724c\" data-id=\"4a2f724c\" data-element_type=\"column\">\n\t\t\t<div class=\"elementor-widget-wrap elementor-element-populated\">\n\t\t\t\t\t\t<div class=\"elementor-element elementor-element-49ffb610 elementor-widget elementor-widget-heading\" data-id=\"49ffb610\" data-element_type=\"widget\" data-settings=\"{&quot;ekit_we_effect_on&quot;:&quot;none&quot;}\" data-widget_type=\"heading.default\">\n\t\t\t\t<div class=\"elementor-widget-container\">\n\t\t\t\t\t<h3 class=\"elementor-heading-title elementor-size-default\">REAL ESTATE <\/h3>\t\t\t\t<\/div>\n\t\t\t\t<\/div>\n\t\t\t\t\t<\/div>\n\t\t<\/div>\n\t\t\t\t\t<\/div>\n\t\t<\/section>\n\t\t\t\t<section data-particle_enable=\"false\" data-particle-mobile-disabled=\"false\" class=\"elementor-section elementor-top-section elementor-element elementor-element-1143f17d elementor-section-full_width elementor-section-height-default elementor-section-height-default\" data-id=\"1143f17d\" data-element_type=\"section\" data-settings=\"{&quot;background_background&quot;:&quot;classic&quot;,&quot;ekit_has_onepagescroll_dot&quot;:&quot;yes&quot;}\">\n\t\t\t\t\t\t<div class=\"elementor-container elementor-column-gap-no\">\n\t\t\t\t\t<div class=\"elementor-column elementor-col-100 elementor-top-column elementor-element elementor-element-43481f6c\" data-id=\"43481f6c\" data-element_type=\"column\">\n\t\t\t<div class=\"elementor-widget-wrap elementor-element-populated\">\n\t\t\t\t\t\t<section data-particle_enable=\"false\" data-particle-mobile-disabled=\"false\" class=\"elementor-section elementor-inner-section elementor-element elementor-element-d18f98a elementor-section-full_width elementor-section-height-default elementor-section-height-default\" data-id=\"d18f98a\" data-element_type=\"section\" data-settings=\"{&quot;ekit_has_onepagescroll_dot&quot;:&quot;yes&quot;}\">\n\t\t\t\t\t\t<div class=\"elementor-container elementor-column-gap-default\">\n\t\t\t\t\t<div class=\"elementor-column elementor-col-25 elementor-inner-column elementor-element elementor-element-1c6302a1\" data-id=\"1c6302a1\" data-element_type=\"column\">\n\t\t\t<div class=\"elementor-widget-wrap elementor-element-populated\">\n\t\t\t\t\t\t<div class=\"elementor-element elementor-element-2a55d7ad ekit-equal-height-disable elementor-widget elementor-widget-elementskit-image-box\" data-id=\"2a55d7ad\" data-element_type=\"widget\" data-settings=\"{&quot;ekit_we_effect_on&quot;:&quot;none&quot;}\" data-widget_type=\"elementskit-image-box.default\">\n\t\t\t\t<div class=\"elementor-widget-container\">\n\t\t\t\t\t<div class=\"ekit-wid-con\" >\n            <div class=\"elementskit-info-image-box ekit-image-box text-left style-modern\" >\n\n                <a href=\"https:\/\/africadevelopmentconsultingroup.com\/en\/pourquoi-investir-au-canada\/\">\n                <div class=\"elementskit-box-header image-box-img-left\">\n\n                    <img decoding=\"async\" src=\"https:\/\/africadevelopmentconsultingroup.com\/wp-content\/uploads\/elementor\/thumbs\/R-2-pyepl5xmdz98jpntml7n7xmenampht6jnd8hd8ydzg-pz8omizm8mwx9fnt0cf5fmlmdd6obp9bniym3xgvco.jpeg\" title=\"R-2-pyepl5xmdz98jpntml7n7xmenampht6jnd8hd8ydzg\" alt=\"R-2-pyepl5xmdz98jpntml7n7xmenampht6jnd8hd8ydzg\" loading=\"lazy\" \/>\n                <\/div>\n                <\/a>\n                <div class=\"elementskit-box-body ekit-image-box-body\">\n                    <div class=\"elementskit-box-content ekit-image-box-body-inner\">\n                                                                <div class=\"elementskit-box-style-content\">\n                         WHY INVEST IN CANADA ?                    <\/div>\n                                    <\/div>\n\n                                <div class=\"elementskit-box-footer\">\n                    <div class=\"box-footer\">\n                        <div class=\"btn-wraper\">\n                                                            <a href=\"https:\/\/africadevelopmentconsultingroup.com\/en\/pourquoi-investir-au-canada\/\" class=\"elementskit-btn whitespace--normal\">\n                                    \n                                    <i aria-hidden=\"true\" class=\"fas fa-greater-than\"><\/i>\n                                    Read                                <\/a>\n                                                        <\/div>\n                    <\/div>\n                <\/div>\n                            <\/div>\n            <\/div>\n    <\/div>\t\t\t\t<\/div>\n\t\t\t\t<\/div>\n\t\t\t\t\t<\/div>\n\t\t<\/div>\n\t\t\t\t<div class=\"elementor-column elementor-col-25 elementor-inner-column elementor-element elementor-element-4a88db79\" data-id=\"4a88db79\" data-element_type=\"column\">\n\t\t\t<div class=\"elementor-widget-wrap elementor-element-populated\">\n\t\t\t\t\t\t<div class=\"elementor-element elementor-element-10520643 ekit-equal-height-disable elementor-widget elementor-widget-elementskit-image-box\" data-id=\"10520643\" data-element_type=\"widget\" data-settings=\"{&quot;ekit_we_effect_on&quot;:&quot;none&quot;}\" data-widget_type=\"elementskit-image-box.default\">\n\t\t\t\t<div class=\"elementor-widget-container\">\n\t\t\t\t\t<div class=\"ekit-wid-con\" >\n            <div class=\"elementskit-info-image-box ekit-image-box text-left style-modern\" >\n\n                <a href=\"https:\/\/africadevelopmentconsultingroup.com\/en\/investissement-immobilier-au-canada\/\">\n                <div class=\"elementskit-box-header image-box-img-left\">\n\n                    <img decoding=\"async\" src=\"https:\/\/africadevelopmentconsultingroup.com\/wp-content\/uploads\/elementor\/thumbs\/R-1-pyep8kvevu113nxx45dgu3y8bknsfp7x92sg1vm5ak-pz8o147ykhlst6re1392n13n9epozw9fdk0gl17p2w.jpeg\" title=\"R-1-pyep8kvevu113nxx45dgu3y8bknsfp7x92sg1vm5ak\" alt=\"R-1-pyep8kvevu113nxx45dgu3y8bknsfp7x92sg1vm5ak\" loading=\"lazy\" \/>\n                <\/div>\n                <\/a>\n                <div class=\"elementskit-box-body ekit-image-box-body\">\n                    <div class=\"elementskit-box-content ekit-image-box-body-inner\">\n                                                                <div class=\"elementskit-box-style-content\">\n                        INVESTING IN REAL ESTATE IN CANADA                    <\/div>\n                                    <\/div>\n\n                                <div class=\"elementskit-box-footer\">\n                    <div class=\"box-footer\">\n                        <div class=\"btn-wraper\">\n                                                            <a href=\"https:\/\/africadevelopmentconsultingroup.com\/en\/investissement-immobilier-au-canada\/\" class=\"elementskit-btn whitespace--normal\">\n                                    \n                                    <i aria-hidden=\"true\" class=\"fas fa-greater-than\"><\/i>\n                                    Read                                <\/a>\n                                                        <\/div>\n                    <\/div>\n                <\/div>\n                            <\/div>\n            <\/div>\n    <\/div>\t\t\t\t<\/div>\n\t\t\t\t<\/div>\n\t\t\t\t\t<\/div>\n\t\t<\/div>\n\t\t\t\t<div class=\"elementor-column elementor-col-25 elementor-inner-column elementor-element elementor-element-5dc31b09\" data-id=\"5dc31b09\" data-element_type=\"column\">\n\t\t\t<div class=\"elementor-widget-wrap elementor-element-populated\">\n\t\t\t\t\t\t<div class=\"elementor-element elementor-element-35a69f81 ekit-equal-height-disable elementor-widget elementor-widget-elementskit-image-box\" data-id=\"35a69f81\" data-element_type=\"widget\" data-settings=\"{&quot;ekit_we_effect_on&quot;:&quot;none&quot;}\" data-widget_type=\"elementskit-image-box.default\">\n\t\t\t\t<div class=\"elementor-widget-container\">\n\t\t\t\t\t<div class=\"ekit-wid-con\" >\n            <div class=\"elementskit-info-image-box ekit-image-box text-left style-modern\" >\n\n                <a href=\"https:\/\/africadevelopmentconsultingroup.com\/en\/comment-fonctionne-la-gestion-privee\/\">\n                <div class=\"elementskit-box-header image-box-img-left\">\n\n                    <img decoding=\"async\" src=\"https:\/\/africadevelopmentconsultingroup.com\/wp-content\/uploads\/elementor\/thumbs\/02376-RG-pz8p9i5laud92aaau9yudtv94fxohch4591wffef94.jpg\" title=\"02376-RG\" alt=\"02376-RG\" loading=\"lazy\" \/>\n                <\/div>\n                <\/a>\n                <div class=\"elementskit-box-body ekit-image-box-body\">\n                    <div class=\"elementskit-box-content ekit-image-box-body-inner\">\n                                                                <div class=\"elementskit-box-style-content\">\n                        HOW DOES PRIVATE MANAGEMENT WORK?                    <\/div>\n                                    <\/div>\n\n                                <div class=\"elementskit-box-footer\">\n                    <div class=\"box-footer\">\n                        <div class=\"btn-wraper\">\n                                                            <a href=\"https:\/\/africadevelopmentconsultingroup.com\/en\/comment-fonctionne-la-gestion-privee\/\" class=\"elementskit-btn whitespace--normal\">\n                                    \n                                    <i aria-hidden=\"true\" class=\"fas fa-greater-than\"><\/i>\n                                    Read                                <\/a>\n                                                        <\/div>\n                    <\/div>\n                <\/div>\n                            <\/div>\n            <\/div>\n    <\/div>\t\t\t\t<\/div>\n\t\t\t\t<\/div>\n\t\t\t\t\t<\/div>\n\t\t<\/div>\n\t\t\t\t<div class=\"elementor-column elementor-col-25 elementor-inner-column elementor-element elementor-element-24004f4\" data-id=\"24004f4\" data-element_type=\"column\">\n\t\t\t<div class=\"elementor-widget-wrap elementor-element-populated\">\n\t\t\t\t\t\t<div class=\"elementor-element elementor-element-5ee3316b ekit-equal-height-disable elementor-widget elementor-widget-elementskit-image-box\" data-id=\"5ee3316b\" data-element_type=\"widget\" data-settings=\"{&quot;ekit_we_effect_on&quot;:&quot;none&quot;}\" data-widget_type=\"elementskit-image-box.default\">\n\t\t\t\t<div class=\"elementor-widget-container\">\n\t\t\t\t\t<div class=\"ekit-wid-con\" >\n            <div class=\"elementskit-info-image-box ekit-image-box text-left style-modern\" >\n\n                <a href=\"https:\/\/africadevelopmentconsultingroup.com\/en\/les-programmes-immobiliers-cle-en-main-de-gash-investors-group-inc-et-son-partenaire-global-invest-inc\/\">\n                <div class=\"elementskit-box-header image-box-img-left\">\n\n                    <img decoding=\"async\" src=\"https:\/\/africadevelopmentconsultingroup.com\/wp-content\/uploads\/elementor\/thumbs\/maison-cle-en-main-pz8pl874jgezv799duebzdd7ug5hhg0lf9ywwo0nnc.jpg\" title=\"maison-cle-en-main\" alt=\"maison-cle-en-main\" loading=\"lazy\" \/>\n                <\/div>\n                <\/a>\n                <div class=\"elementskit-box-body ekit-image-box-body\">\n                    <div class=\"elementskit-box-content ekit-image-box-body-inner\">\n                                                                <div class=\"elementskit-box-style-content\">\n                        ADCG AND ITS PARTNER GASH'S TURNKEY REAL ESTATE PROGRAMS\nINVESTORS GROUP INC.                     <\/div>\n                                    <\/div>\n\n                                <div class=\"elementskit-box-footer\">\n                    <div class=\"box-footer\">\n                        <div class=\"btn-wraper\">\n                                                            <a href=\"https:\/\/africadevelopmentconsultingroup.com\/en\/les-programmes-immobiliers-cle-en-main-de-gash-investors-group-inc-et-son-partenaire-global-invest-inc\/\" class=\"elementskit-btn whitespace--normal\">\n                                    \n                                    <i aria-hidden=\"true\" class=\"fas fa-greater-than\"><\/i>\n                                    Read                                <\/a>\n                                                        <\/div>\n                    <\/div>\n                <\/div>\n                            <\/div>\n            <\/div>\n    <\/div>\t\t\t\t<\/div>\n\t\t\t\t<\/div>\n\t\t\t\t\t<\/div>\n\t\t<\/div>\n\t\t\t\t\t<\/div>\n\t\t<\/section>\n\t\t\t\t<section data-particle_enable=\"false\" data-particle-mobile-disabled=\"false\" class=\"elementor-section elementor-inner-section elementor-element elementor-element-713f4f15 elementor-section-full_width elementor-section-height-default elementor-section-height-default\" data-id=\"713f4f15\" data-element_type=\"section\" data-settings=\"{&quot;ekit_has_onepagescroll_dot&quot;:&quot;yes&quot;}\">\n\t\t\t\t\t\t<div class=\"elementor-container elementor-column-gap-default\">\n\t\t\t\t\t<div class=\"elementor-column elementor-col-25 elementor-inner-column elementor-element elementor-element-6b2fbb37\" data-id=\"6b2fbb37\" data-element_type=\"column\">\n\t\t\t<div class=\"elementor-widget-wrap elementor-element-populated\">\n\t\t\t\t\t\t<div class=\"elementor-element elementor-element-6399046 ekit-equal-height-disable elementor-widget elementor-widget-elementskit-image-box\" data-id=\"6399046\" data-element_type=\"widget\" data-settings=\"{&quot;ekit_we_effect_on&quot;:&quot;none&quot;}\" data-widget_type=\"elementskit-image-box.default\">\n\t\t\t\t<div class=\"elementor-widget-container\">\n\t\t\t\t\t<div class=\"ekit-wid-con\" >\n            <div class=\"elementskit-info-image-box ekit-image-box text-left style-modern\" >\n\n                <a href=\"https:\/\/africadevelopmentconsultingroup.com\/en\/quels-en-sont-les-avantages\/\">\n                <div class=\"elementskit-box-header image-box-img-left\">\n\n                    <img decoding=\"async\" src=\"https:\/\/africadevelopmentconsultingroup.com\/wp-content\/uploads\/elementor\/thumbs\/analyse-pyeoalzdwdiziza8gyru86jjha399hd4wy1qovzc5o-pz70ahhlmpjwzyo87gulpqghnuwhiqejox2fhlz5iw.jpeg\" title=\"analyse-pyeoalzdwdiziza8gyru86jjha399hd4wy1qovzc5o\" alt=\"analyse-pyeoalzdwdiziza8gyru86jjha399hd4wy1qovzc5o\" loading=\"lazy\" \/>\n                <\/div>\n                <\/a>\n                <div class=\"elementskit-box-body ekit-image-box-body\">\n                    <div class=\"elementskit-box-content ekit-image-box-body-inner\">\n                                                                <div class=\"elementskit-box-style-content\">\n                         WHAT ARE THE ADVANTAGES OF WORKING WITH AFRICA DEVELOPMENT CONSULTING\nGROUP AND ITS PARTNER GASH INVESTORS GROUP INC.?                    <\/div>\n                                    <\/div>\n\n                                <div class=\"elementskit-box-footer\">\n                    <div class=\"box-footer\">\n                        <div class=\"btn-wraper\">\n                                                            <a href=\"https:\/\/africadevelopmentconsultingroup.com\/en\/quels-en-sont-les-avantages\/\" class=\"elementskit-btn whitespace--normal\">\n                                    \n                                    <i aria-hidden=\"true\" class=\"fas fa-greater-than\"><\/i>\n                                    Read                                <\/a>\n                                                        <\/div>\n                    <\/div>\n                <\/div>\n                            <\/div>\n            <\/div>\n    <\/div>\t\t\t\t<\/div>\n\t\t\t\t<\/div>\n\t\t\t\t\t<\/div>\n\t\t<\/div>\n\t\t\t\t<div class=\"elementor-column elementor-col-25 elementor-inner-column elementor-element elementor-element-55c0d61c\" data-id=\"55c0d61c\" data-element_type=\"column\">\n\t\t\t<div class=\"elementor-widget-wrap elementor-element-populated\">\n\t\t\t\t\t\t<div class=\"elementor-element elementor-element-5fd415bd ekit-equal-height-disable elementor-widget elementor-widget-elementskit-image-box\" data-id=\"5fd415bd\" data-element_type=\"widget\" data-settings=\"{&quot;ekit_we_effect_on&quot;:&quot;none&quot;}\" data-widget_type=\"elementskit-image-box.default\">\n\t\t\t\t<div class=\"elementor-widget-container\">\n\t\t\t\t\t<div class=\"ekit-wid-con\" >\n            <div class=\"elementskit-info-image-box ekit-image-box text-left style-modern\" >\n\n                <a href=\"https:\/\/africadevelopmentconsultingroup.com\/en\/comment-fonctionne-votre-accompagnement\/\">\n                <div class=\"elementskit-box-header image-box-img-left\">\n\n                    <img decoding=\"async\" src=\"https:\/\/africadevelopmentconsultingroup.com\/wp-content\/uploads\/elementor\/thumbs\/accompagnement-pyeq3c5aio4t0b9jifzzfcj83h26b5bq5bafdu0dos-pz8qgeif7n3cxlz1cbivoi5l4ihqs1s3pkwnx1sla0.jpg\" title=\"accompagnement-pyeq3c5aio4t0b9jifzzfcj83h26b5bq5bafdu0dos\" alt=\"accompagnement-pyeq3c5aio4t0b9jifzzfcj83h26b5bq5bafdu0dos\" loading=\"lazy\" \/>\n                <\/div>\n                <\/a>\n                <div class=\"elementskit-box-body ekit-image-box-body\">\n                    <div class=\"elementskit-box-content ekit-image-box-body-inner\">\n                                                                <div class=\"elementskit-box-style-content\">\n                        HOW DOES YOUR SUPPORT WORK?                    <\/div>\n                                    <\/div>\n\n                                <div class=\"elementskit-box-footer\">\n                    <div class=\"box-footer\">\n                        <div class=\"btn-wraper\">\n                                                            <a href=\"https:\/\/africadevelopmentconsultingroup.com\/en\/comment-fonctionne-votre-accompagnement\/\" class=\"elementskit-btn whitespace--normal\">\n                                    \n                                    <i aria-hidden=\"true\" class=\"fas fa-greater-than\"><\/i>\n                                    Read                                <\/a>\n                                                        <\/div>\n                    <\/div>\n                <\/div>\n                            <\/div>\n            <\/div>\n    <\/div>\t\t\t\t<\/div>\n\t\t\t\t<\/div>\n\t\t\t\t\t<\/div>\n\t\t<\/div>\n\t\t\t\t<div class=\"elementor-column elementor-col-25 elementor-inner-column elementor-element elementor-element-57d1a85e\" data-id=\"57d1a85e\" data-element_type=\"column\">\n\t\t\t<div class=\"elementor-widget-wrap elementor-element-populated\">\n\t\t\t\t\t\t<div class=\"elementor-element elementor-element-65e54c0b ekit-equal-height-disable elementor-widget elementor-widget-elementskit-image-box\" data-id=\"65e54c0b\" data-element_type=\"widget\" data-settings=\"{&quot;ekit_we_effect_on&quot;:&quot;none&quot;}\" data-widget_type=\"elementskit-image-box.default\">\n\t\t\t\t<div class=\"elementor-widget-container\">\n\t\t\t\t\t<div class=\"ekit-wid-con\" >\n            <div class=\"elementskit-info-image-box ekit-image-box text-left style-modern\" >\n\n                <a href=\"https:\/\/africadevelopmentconsultingroup.com\/en\/formation-sur-limmobilier-au-canada-2\/\">\n                <div class=\"elementskit-box-header image-box-img-left\">\n\n                    <img decoding=\"async\" src=\"https:\/\/africadevelopmentconsultingroup.com\/wp-content\/uploads\/elementor\/thumbs\/secteur-immobilier-3-pz8qy8i6vhi77a2i7j12hi5euolftbkrtuhap1cp88.jpg\" title=\"secteur-immobilier-3\" alt=\"secteur-immobilier-3\" loading=\"lazy\" \/>\n                <\/div>\n                <\/a>\n                <div class=\"elementskit-box-body ekit-image-box-body\">\n                    <div class=\"elementskit-box-content ekit-image-box-body-inner\">\n                                                                <div class=\"elementskit-box-style-content\">\n                        REAL ESTATE TRAINING IN CANADA                    <\/div>\n                                    <\/div>\n\n                                <div class=\"elementskit-box-footer\">\n                    <div class=\"box-footer\">\n                        <div class=\"btn-wraper\">\n                                                            <a href=\"https:\/\/africadevelopmentconsultingroup.com\/en\/formation-sur-limmobilier-au-canada-2\/\" class=\"elementskit-btn whitespace--normal\">\n                                    \n                                    <i aria-hidden=\"true\" class=\"fas fa-greater-than\"><\/i>\n                                    Read                                <\/a>\n                                                        <\/div>\n                    <\/div>\n                <\/div>\n                            <\/div>\n            <\/div>\n    <\/div>\t\t\t\t<\/div>\n\t\t\t\t<\/div>\n\t\t\t\t\t<\/div>\n\t\t<\/div>\n\t\t\t\t<div class=\"elementor-column elementor-col-25 elementor-inner-column elementor-element elementor-element-585f044a\" data-id=\"585f044a\" data-element_type=\"column\">\n\t\t\t<div class=\"elementor-widget-wrap elementor-element-populated\">\n\t\t\t\t\t\t<div class=\"elementor-element elementor-element-9a87156 ekit-equal-height-disable elementor-widget elementor-widget-elementskit-image-box\" data-id=\"9a87156\" data-element_type=\"widget\" data-settings=\"{&quot;ekit_we_effect_on&quot;:&quot;none&quot;}\" data-widget_type=\"elementskit-image-box.default\">\n\t\t\t\t<div class=\"elementor-widget-container\">\n\t\t\t\t\t<div class=\"ekit-wid-con\" >\n            <div class=\"elementskit-info-image-box ekit-image-box text-left style-modern\" >\n\n                <a href=\"https:\/\/africadevelopmentconsultingroup.com\/en\/investissement-immobilier-en-cote-divoire\/\">\n                <div class=\"elementskit-box-header image-box-img-left\">\n\n                    <img decoding=\"async\" src=\"https:\/\/africadevelopmentconsultingroup.com\/wp-content\/uploads\/elementor\/thumbs\/accompagnement-pyeq3c5aio4t0b9jifzzfcj83h26b5bq5bafdu0dos-pz8qgeif7n3cxlz1cbivoi5l4ihqs1s3pkwnx1sla0.jpg\" title=\"accompagnement-pyeq3c5aio4t0b9jifzzfcj83h26b5bq5bafdu0dos\" alt=\"accompagnement-pyeq3c5aio4t0b9jifzzfcj83h26b5bq5bafdu0dos\" loading=\"lazy\" \/>\n                <\/div>\n                <\/a>\n                <div class=\"elementskit-box-body ekit-image-box-body\">\n                    <div class=\"elementskit-box-content ekit-image-box-body-inner\">\n                                                                <div class=\"elementskit-box-style-content\">\n                        REAL ESTATE INVESTMENT IN IVORY COAST                    <\/div>\n                                    <\/div>\n\n                                <div class=\"elementskit-box-footer\">\n                    <div class=\"box-footer\">\n                        <div class=\"btn-wraper\">\n                                                            <a href=\"https:\/\/africadevelopmentconsultingroup.com\/en\/investissement-immobilier-en-cote-divoire\/\" class=\"elementskit-btn whitespace--normal\">\n                                    \n                                    <i aria-hidden=\"true\" class=\"fas fa-greater-than\"><\/i>\n                                    Read                                <\/a>\n                                                        <\/div>\n                    <\/div>\n                <\/div>\n                            <\/div>\n            <\/div>\n    <\/div>\t\t\t\t<\/div>\n\t\t\t\t<\/div>\n\t\t\t\t\t<\/div>\n\t\t<\/div>\n\t\t\t\t\t<\/div>\n\t\t<\/section>\n\t\t\t\t\t<\/div>\n\t\t<\/div>\n\t\t\t\t\t<\/div>\n\t\t<\/section>\n\t\t\t\t<\/div>","protected":false},"excerpt":{"rendered":"<p>IMMOBILIER POURQUOI INVESTIR AU CANADA ? Lire INVESTIR EN IMMOBILIER AU CANADA Lire COMMENT FONCTIONNE LA GESTION PRIV\u00c9E ? Lire LES PROGRAMMES IMMOBILIERS CL\u00c9 EN MAIN DE ADCG ET SON PARTENAIRE GASH INVESTORS GROUP INC. Lire QUELS SONT LES AVANTAGES \u00c0 TRAVAILLER AVEC AFRICA DEVELOPMENT CONSULTING GROUP ET SON PARTENAIRE GASH INVESTORS GROUP INC. ? [&hellip;]<\/p>","protected":false},"author":1,"featured_media":0,"parent":0,"menu_order":0,"comment_status":"closed","ping_status":"closed","template":"elementor_header_footer","meta":{"_editorskit_title_hidden":false,"_editorskit_reading_time":0,"_editorskit_is_block_options_detached":false,"_editorskit_block_options_position":"{}","footnotes":""},"class_list":["post-285","page","type-page","status-publish","hentry"],"_links":{"self":[{"href":"https:\/\/africadevelopmentconsultingroup.com\/en\/wp-json\/wp\/v2\/pages\/285","targetHints":{"allow":["GET"]}}],"collection":[{"href":"https:\/\/africadevelopmentconsultingroup.com\/en\/wp-json\/wp\/v2\/pages"}],"about":[{"href":"https:\/\/africadevelopmentconsultingroup.com\/en\/wp-json\/wp\/v2\/types\/page"}],"author":[{"embeddable":true,"href":"https:\/\/africadevelopmentconsultingroup.com\/en\/wp-json\/wp\/v2\/users\/1"}],"replies":[{"embeddable":true,"href":"https:\/\/africadevelopmentconsultingroup.com\/en\/wp-json\/wp\/v2\/comments?post=285"}],"version-history":[{"count":91,"href":"https:\/\/africadevelopmentconsultingroup.com\/en\/wp-json\/wp\/v2\/pages\/285\/revisions"}],"predecessor-version":[{"id":2979,"href":"https:\/\/africadevelopmentconsultingroup.com\/en\/wp-json\/wp\/v2\/pages\/285\/revisions\/2979"}],"wp:attachment":[{"href":"https:\/\/africadevelopmentconsultingroup.com\/en\/wp-json\/wp\/v2\/media?parent=285"}],"curies":[{"name":"wp","href":"https:\/\/api.w.org\/{rel}","templated":true}]}}