{"id":281,"date":"2022-09-15T10:49:39","date_gmt":"2022-09-15T10:49:39","guid":{"rendered":"https:\/\/africadevelopmentconsultingroup.com\/?page_id=281"},"modified":"2023-01-28T19:41:50","modified_gmt":"2023-01-28T19:41:50","slug":"management","status":"publish","type":"page","link":"https:\/\/africadevelopmentconsultingroup.com\/en\/management\/","title":{"rendered":"MANAGEMENT"},"content":{"rendered":"<div data-elementor-type=\"wp-page\" data-elementor-id=\"281\" class=\"elementor elementor-281\" data-elementor-post-type=\"page\">\n\t\t\t\t\t\t<section data-particle_enable=\"false\" data-particle-mobile-disabled=\"false\" class=\"elementor-section elementor-top-section elementor-element elementor-element-18b5a6cb elementor-section-full_width elementor-section-height-default elementor-section-height-default\" data-id=\"18b5a6cb\" data-element_type=\"section\" data-settings=\"{&quot;background_background&quot;:&quot;classic&quot;,&quot;ekit_has_onepagescroll_dot&quot;:&quot;yes&quot;}\">\n\t\t\t\t\t\t<div class=\"elementor-container elementor-column-gap-no\">\n\t\t\t\t\t<div class=\"elementor-column elementor-col-100 elementor-top-column elementor-element elementor-element-b82a120\" data-id=\"b82a120\" data-element_type=\"column\">\n\t\t\t<div class=\"elementor-widget-wrap elementor-element-populated\">\n\t\t\t\t\t\t<div class=\"elementor-element elementor-element-41e84b5 elementor-widget elementor-widget-heading\" data-id=\"41e84b5\" data-element_type=\"widget\" data-settings=\"{&quot;ekit_we_effect_on&quot;:&quot;none&quot;}\" data-widget_type=\"heading.default\">\n\t\t\t\t<div class=\"elementor-widget-container\">\n\t\t\t\t\t<h3 class=\"elementor-heading-title elementor-size-default\">MANAGEMENT<\/h3>\t\t\t\t<\/div>\n\t\t\t\t<\/div>\n\t\t\t\t<section data-particle_enable=\"false\" data-particle-mobile-disabled=\"false\" class=\"elementor-section elementor-inner-section elementor-element elementor-element-5eaf9bde elementor-section-full_width elementor-section-height-default elementor-section-height-default\" data-id=\"5eaf9bde\" data-element_type=\"section\" data-settings=\"{&quot;ekit_has_onepagescroll_dot&quot;:&quot;yes&quot;}\">\n\t\t\t\t\t\t<div class=\"elementor-container elementor-column-gap-default\">\n\t\t\t\t\t<div class=\"elementor-column elementor-col-25 elementor-inner-column elementor-element elementor-element-33f55de6\" data-id=\"33f55de6\" data-element_type=\"column\">\n\t\t\t<div class=\"elementor-widget-wrap elementor-element-populated\">\n\t\t\t\t\t\t<div class=\"elementor-element elementor-element-10b0cb1 ekit-equal-height-disable elementor-widget elementor-widget-elementskit-image-box\" data-id=\"10b0cb1\" data-element_type=\"widget\" data-settings=\"{&quot;ekit_we_effect_on&quot;:&quot;none&quot;}\" data-widget_type=\"elementskit-image-box.default\">\n\t\t\t\t<div class=\"elementor-widget-container\">\n\t\t\t\t\t<div class=\"ekit-wid-con\" >\n            <div class=\"elementskit-info-image-box ekit-image-box text-center style-modern\" >\n\n                <a href=\"https:\/\/africadevelopmentconsultingroup.com\/en\/formation-a-la-culture-dentreprise-canadienne\/\">\n                <div class=\"elementskit-box-header image-box-img-center\">\n\n                    <img decoding=\"async\" src=\"https:\/\/africadevelopmentconsultingroup.com\/wp-content\/uploads\/elementor\/thumbs\/formation-cult-pyenq1akaxd1e964m2ltndgbdni0rzonf3z4iuhkcs-pz7022tki21l5ivvau0qeuu2dscao70z7b02yifx6g.jpeg\" title=\"formation-cult-pyenq1akaxd1e964m2ltndgbdni0rzonf3z4iuhkcs\" alt=\"formation-cult-pyenq1akaxd1e964m2ltndgbdni0rzonf3z4iuhkcs\" loading=\"lazy\" \/>\n                <\/div>\n                <\/a>\n                <div class=\"elementskit-box-body ekit-image-box-body\">\n                    <div class=\"elementskit-box-content ekit-image-box-body-inner\">\n                                                                <div class=\"elementskit-box-style-content\">\n                        CANADIAN CORPORATE CULTURE TRAINING                    <\/div>\n                                    <\/div>\n\n                                <div class=\"elementskit-box-footer\">\n                    <div class=\"box-footer\">\n                        <div class=\"btn-wraper\">\n                                                            <a href=\"https:\/\/africadevelopmentconsultingroup.com\/en\/formation-a-la-culture-dentreprise-canadienne\/\" class=\"elementskit-btn whitespace--normal\">\n                                    \n                                    <i aria-hidden=\"true\" class=\"fas fa-greater-than\"><\/i>\n                                    Read                                <\/a>\n                                                        <\/div>\n                    <\/div>\n                <\/div>\n                            <\/div>\n            <\/div>\n    <\/div>\t\t\t\t<\/div>\n\t\t\t\t<\/div>\n\t\t\t\t\t<\/div>\n\t\t<\/div>\n\t\t\t\t<div class=\"elementor-column elementor-col-25 elementor-inner-column elementor-element elementor-element-368577b4\" data-id=\"368577b4\" data-element_type=\"column\">\n\t\t\t<div class=\"elementor-widget-wrap elementor-element-populated\">\n\t\t\t\t\t\t<div class=\"elementor-element elementor-element-33d884ec ekit-equal-height-disable elementor-widget elementor-widget-elementskit-image-box\" data-id=\"33d884ec\" data-element_type=\"widget\" data-settings=\"{&quot;ekit_we_effect_on&quot;:&quot;none&quot;}\" data-widget_type=\"elementskit-image-box.default\">\n\t\t\t\t<div class=\"elementor-widget-container\">\n\t\t\t\t\t<div class=\"ekit-wid-con\" >\n            <div class=\"elementskit-info-image-box ekit-image-box text-center style-modern\" >\n\n                <a href=\"https:\/\/africadevelopmentconsultingroup.com\/en\/gestion-des-risques\/\">\n                <div class=\"elementskit-box-header image-box-img-center\">\n\n                    <img decoding=\"async\" src=\"https:\/\/africadevelopmentconsultingroup.com\/wp-content\/uploads\/elementor\/thumbs\/ges-pz7031llixd733hcnr1xh424d1kvkzv1o351pr0cs8.jpeg\" title=\"ges\" alt=\"ges\" loading=\"lazy\" \/>\n                <\/div>\n                <\/a>\n                <div class=\"elementskit-box-body ekit-image-box-body\">\n                    <div class=\"elementskit-box-content ekit-image-box-body-inner\">\n                                                                <div class=\"elementskit-box-style-content\">\n                        RISK MANAGEMENT                    <\/div>\n                                    <\/div>\n\n                                <div class=\"elementskit-box-footer\">\n                    <div class=\"box-footer\">\n                        <div class=\"btn-wraper\">\n                                                            <a href=\"https:\/\/africadevelopmentconsultingroup.com\/en\/gestion-des-risques\/\" class=\"elementskit-btn whitespace--normal\">\n                                    \n                                    <i aria-hidden=\"true\" class=\"fas fa-greater-than\"><\/i>\n                                    Read                                <\/a>\n                                                        <\/div>\n                    <\/div>\n                <\/div>\n                            <\/div>\n            <\/div>\n    <\/div>\t\t\t\t<\/div>\n\t\t\t\t<\/div>\n\t\t\t\t\t<\/div>\n\t\t<\/div>\n\t\t\t\t<div class=\"elementor-column elementor-col-25 elementor-inner-column elementor-element elementor-element-44d32f13\" data-id=\"44d32f13\" data-element_type=\"column\">\n\t\t\t<div class=\"elementor-widget-wrap elementor-element-populated\">\n\t\t\t\t\t\t<div class=\"elementor-element elementor-element-619afbee ekit-equal-height-disable elementor-widget elementor-widget-elementskit-image-box\" data-id=\"619afbee\" data-element_type=\"widget\" data-settings=\"{&quot;ekit_we_effect_on&quot;:&quot;none&quot;}\" data-widget_type=\"elementskit-image-box.default\">\n\t\t\t\t<div class=\"elementor-widget-container\">\n\t\t\t\t\t<div class=\"ekit-wid-con\" >\n            <div class=\"elementskit-info-image-box ekit-image-box text-center style-modern\" >\n\n                <a href=\"https:\/\/africadevelopmentconsultingroup.com\/en\/gestion-des-risques-environnementaux\/\">\n                <div class=\"elementskit-box-header image-box-img-center\">\n\n                    <img decoding=\"async\" src=\"https:\/\/africadevelopmentconsultingroup.com\/wp-content\/uploads\/elementor\/thumbs\/gest-enviro-pyeo39uqjxhewjxwbalo9j70k0946j8k8mqau4uyq4-pz7088nhayh99hxnbhworauukpyx4rhmpsyo7tb0e0.jpeg\" title=\"gest-enviro-pyeo39uqjxhewjxwbalo9j70k0946j8k8mqau4uyq4\" alt=\"gest-enviro-pyeo39uqjxhewjxwbalo9j70k0946j8k8mqau4uyq4\" loading=\"lazy\" \/>\n                <\/div>\n                <\/a>\n                <div class=\"elementskit-box-body ekit-image-box-body\">\n                    <div class=\"elementskit-box-content ekit-image-box-body-inner\">\n                                                                <div class=\"elementskit-box-style-content\">\n                        ENVIRONMENTAL RISK MANAGEMENT                    <\/div>\n                                    <\/div>\n\n                                <div class=\"elementskit-box-footer\">\n                    <div class=\"box-footer\">\n                        <div class=\"btn-wraper\">\n                                                            <a href=\"https:\/\/africadevelopmentconsultingroup.com\/en\/gestion-des-risques-environnementaux\/\" class=\"elementskit-btn whitespace--normal\">\n                                    \n                                    <i aria-hidden=\"true\" class=\"fas fa-greater-than\"><\/i>\n                                    Read                                <\/a>\n                                                        <\/div>\n                    <\/div>\n                <\/div>\n                            <\/div>\n            <\/div>\n    <\/div>\t\t\t\t<\/div>\n\t\t\t\t<\/div>\n\t\t\t\t\t<\/div>\n\t\t<\/div>\n\t\t\t\t<div class=\"elementor-column elementor-col-25 elementor-inner-column elementor-element elementor-element-13f6ae5b\" data-id=\"13f6ae5b\" data-element_type=\"column\">\n\t\t\t<div class=\"elementor-widget-wrap elementor-element-populated\">\n\t\t\t\t\t\t<div class=\"elementor-element elementor-element-ece43d9 ekit-equal-height-disable elementor-widget elementor-widget-elementskit-image-box\" data-id=\"ece43d9\" data-element_type=\"widget\" data-settings=\"{&quot;ekit_we_effect_on&quot;:&quot;none&quot;}\" data-widget_type=\"elementskit-image-box.default\">\n\t\t\t\t<div class=\"elementor-widget-container\">\n\t\t\t\t\t<div class=\"ekit-wid-con\" >\n            <div class=\"elementskit-info-image-box ekit-image-box text-center style-modern\" >\n\n                <a href=\"https:\/\/africadevelopmentconsultingroup.com\/en\/analyse-strategique-de-lentreprise\/\">\n                <div class=\"elementskit-box-header image-box-img-center\">\n\n                    <img decoding=\"async\" src=\"https:\/\/africadevelopmentconsultingroup.com\/wp-content\/uploads\/elementor\/thumbs\/analyse-pyeoalzdwdiziza8gyru86jjha399hd4wy1qovzc5o-pz70ahhlmpjwzyo87gulpqghnuwhiqejox2fhlz5iw.jpeg\" title=\"analyse-pyeoalzdwdiziza8gyru86jjha399hd4wy1qovzc5o\" alt=\"analyse-pyeoalzdwdiziza8gyru86jjha399hd4wy1qovzc5o\" loading=\"lazy\" \/>\n                <\/div>\n                <\/a>\n                <div class=\"elementskit-box-body ekit-image-box-body\">\n                    <div class=\"elementskit-box-content ekit-image-box-body-inner\">\n                                                                <div class=\"elementskit-box-style-content\">\n                        STRATEGIC ANALYSIS OF THE COMPANY                    <\/div>\n                                    <\/div>\n\n                                <div class=\"elementskit-box-footer\">\n                    <div class=\"box-footer\">\n                        <div class=\"btn-wraper\">\n                                                            <a href=\"https:\/\/africadevelopmentconsultingroup.com\/en\/analyse-strategique-de-lentreprise\/\" class=\"elementskit-btn whitespace--normal\">\n                                    \n                                    <i aria-hidden=\"true\" class=\"fas fa-greater-than\"><\/i>\n                                    Read                                <\/a>\n                                                        <\/div>\n                    <\/div>\n                <\/div>\n                            <\/div>\n            <\/div>\n    <\/div>\t\t\t\t<\/div>\n\t\t\t\t<\/div>\n\t\t\t\t\t<\/div>\n\t\t<\/div>\n\t\t\t\t\t<\/div>\n\t\t<\/section>\n\t\t\t\t<section data-particle_enable=\"false\" data-particle-mobile-disabled=\"false\" class=\"elementor-section elementor-inner-section elementor-element elementor-element-27cc3f68 elementor-section-full_width elementor-section-height-default elementor-section-height-default\" data-id=\"27cc3f68\" data-element_type=\"section\" data-settings=\"{&quot;ekit_has_onepagescroll_dot&quot;:&quot;yes&quot;}\">\n\t\t\t\t\t\t<div class=\"elementor-container elementor-column-gap-default\">\n\t\t\t\t\t<div class=\"elementor-column elementor-col-25 elementor-inner-column elementor-element elementor-element-4fa1bc9\" data-id=\"4fa1bc9\" data-element_type=\"column\">\n\t\t\t<div class=\"elementor-widget-wrap elementor-element-populated\">\n\t\t\t\t\t\t<div class=\"elementor-element elementor-element-617aa905 ekit-equal-height-disable elementor-widget elementor-widget-elementskit-image-box\" data-id=\"617aa905\" data-element_type=\"widget\" data-settings=\"{&quot;ekit_we_effect_on&quot;:&quot;none&quot;}\" data-widget_type=\"elementskit-image-box.default\">\n\t\t\t\t<div class=\"elementor-widget-container\">\n\t\t\t\t\t<div class=\"ekit-wid-con\" >\n            <div class=\"elementskit-info-image-box ekit-image-box text-center style-modern\" >\n\n                <a href=\"https:\/\/africadevelopmentconsultingroup.com\/en\/plan-de-reforme-structurelle-de-lentreprise\/\">\n                <div class=\"elementskit-box-header image-box-img-center\">\n\n                    <img decoding=\"async\" src=\"https:\/\/africadevelopmentconsultingroup.com\/wp-content\/uploads\/elementor\/thumbs\/reforme-pyeophre3xwfcpnzked6pfca2wqh4yg4ylwi8lwxn0-pz70d78tdh9qjeq8cn3sx1sffxinr96mqcwxedy7js.jpeg\" title=\"reforme-pyeophre3xwfcpnzked6pfca2wqh4yg4ylwi8lwxn0\" alt=\"reforme-pyeophre3xwfcpnzked6pfca2wqh4yg4ylwi8lwxn0\" loading=\"lazy\" \/>\n                <\/div>\n                <\/a>\n                <div class=\"elementskit-box-body ekit-image-box-body\">\n                    <div class=\"elementskit-box-content ekit-image-box-body-inner\">\n                                                                <div class=\"elementskit-box-style-content\">\n                        PLAN FOR STRUCTURAL REFORM OF THE COMPANY                    <\/div>\n                                    <\/div>\n\n                                <div class=\"elementskit-box-footer\">\n                    <div class=\"box-footer\">\n                        <div class=\"btn-wraper\">\n                                                            <a href=\"https:\/\/africadevelopmentconsultingroup.com\/en\/plan-de-reforme-structurelle-de-lentreprise\/\" class=\"elementskit-btn whitespace--normal\">\n                                    \n                                    <i aria-hidden=\"true\" class=\"fas fa-greater-than\"><\/i>\n                                    Read                                <\/a>\n                                                        <\/div>\n                    <\/div>\n                <\/div>\n                            <\/div>\n            <\/div>\n    <\/div>\t\t\t\t<\/div>\n\t\t\t\t<\/div>\n\t\t\t\t\t<\/div>\n\t\t<\/div>\n\t\t\t\t<div class=\"elementor-column elementor-col-25 elementor-inner-column elementor-element elementor-element-7e4f6b98\" data-id=\"7e4f6b98\" data-element_type=\"column\">\n\t\t\t<div class=\"elementor-widget-wrap elementor-element-populated\">\n\t\t\t\t\t\t<div class=\"elementor-element elementor-element-3a7bbd14 ekit-equal-height-disable elementor-widget elementor-widget-elementskit-image-box\" data-id=\"3a7bbd14\" data-element_type=\"widget\" data-settings=\"{&quot;ekit_we_effect_on&quot;:&quot;none&quot;}\" data-widget_type=\"elementskit-image-box.default\">\n\t\t\t\t<div class=\"elementor-widget-container\">\n\t\t\t\t\t<div class=\"ekit-wid-con\" >\n            <div class=\"elementskit-info-image-box ekit-image-box text-center style-modern\" >\n\n                <a href=\"https:\/\/africadevelopmentconsultingroup.com\/en\/plan-strategique-de-developpement-de-lentreprise\/\">\n                <div class=\"elementskit-box-header image-box-img-center\">\n\n                    <img decoding=\"async\" src=\"https:\/\/africadevelopmentconsultingroup.com\/wp-content\/uploads\/elementor\/thumbs\/strategie-emtre-pyeozyoo8i8eocghffakza84af4nvl0i2fi7oke2bw-pz70jwtc5wgff6zc61ix7utw3yfzpgtnbkkpqi014o.jpeg\" title=\"strategie-emtre-pyeozyoo8i8eocghffakza84af4nvl0i2fi7oke2bw\" alt=\"strategie-emtre-pyeozyoo8i8eocghffakza84af4nvl0i2fi7oke2bw\" loading=\"lazy\" \/>\n                <\/div>\n                <\/a>\n                <div class=\"elementskit-box-body ekit-image-box-body\">\n                    <div class=\"elementskit-box-content ekit-image-box-body-inner\">\n                                                                <div class=\"elementskit-box-style-content\">\n                        STRATEGIC PLAN FOR THE DEVELOPMENT OF THE COMPANY                    <\/div>\n                                    <\/div>\n\n                                <div class=\"elementskit-box-footer\">\n                    <div class=\"box-footer\">\n                        <div class=\"btn-wraper\">\n                                                            <a href=\"https:\/\/africadevelopmentconsultingroup.com\/en\/plan-strategique-de-developpement-de-lentreprise\/\" class=\"elementskit-btn whitespace--normal\">\n                                    \n                                    <i aria-hidden=\"true\" class=\"fas fa-greater-than\"><\/i>\n                                    Read                                <\/a>\n                                                        <\/div>\n                    <\/div>\n                <\/div>\n                            <\/div>\n            <\/div>\n    <\/div>\t\t\t\t<\/div>\n\t\t\t\t<\/div>\n\t\t\t\t\t<\/div>\n\t\t<\/div>\n\t\t\t\t<div class=\"elementor-column elementor-col-25 elementor-inner-column elementor-element elementor-element-74aa0f8a\" data-id=\"74aa0f8a\" data-element_type=\"column\">\n\t\t\t<div class=\"elementor-widget-wrap elementor-element-populated\">\n\t\t\t\t\t\t<div class=\"elementor-element elementor-element-464fc9a1 ekit-equal-height-disable elementor-widget elementor-widget-elementskit-image-box\" data-id=\"464fc9a1\" data-element_type=\"widget\" data-settings=\"{&quot;ekit_we_effect_on&quot;:&quot;none&quot;}\" data-widget_type=\"elementskit-image-box.default\">\n\t\t\t\t<div class=\"elementor-widget-container\">\n\t\t\t\t\t<div class=\"ekit-wid-con\" >\n            <div class=\"elementskit-info-image-box ekit-image-box text-center style-modern\" >\n\n                <a href=\"https:\/\/africadevelopmentconsultingroup.com\/en\/marketing\/\">\n                <div class=\"elementskit-box-header image-box-img-center\">\n\n                    <img decoding=\"async\" src=\"https:\/\/africadevelopmentconsultingroup.com\/wp-content\/uploads\/elementor\/thumbs\/formation-pw5g117x8t7zwe318imdtsd66gjx278qel0kjz2zlk.jpeg\" title=\"formation\" alt=\"formation\" loading=\"lazy\" \/>\n                <\/div>\n                <\/a>\n                <div class=\"elementskit-box-body ekit-image-box-body\">\n                    <div class=\"elementskit-box-content ekit-image-box-body-inner\">\n                                                                <div class=\"elementskit-box-style-content\">\n                        MARKETING                    <\/div>\n                                    <\/div>\n\n                                <div class=\"elementskit-box-footer\">\n                    <div class=\"box-footer\">\n                        <div class=\"btn-wraper\">\n                                                            <a href=\"https:\/\/africadevelopmentconsultingroup.com\/en\/marketing\/\" class=\"elementskit-btn whitespace--normal\">\n                                    \n                                    <i aria-hidden=\"true\" class=\"fas fa-greater-than\"><\/i>\n                                    Read                                <\/a>\n                                                        <\/div>\n                    <\/div>\n                <\/div>\n                            <\/div>\n            <\/div>\n    <\/div>\t\t\t\t<\/div>\n\t\t\t\t<\/div>\n\t\t\t\t\t<\/div>\n\t\t<\/div>\n\t\t\t\t<div class=\"elementor-column elementor-col-25 elementor-inner-column elementor-element elementor-element-752627da\" data-id=\"752627da\" data-element_type=\"column\">\n\t\t\t<div class=\"elementor-widget-wrap elementor-element-populated\">\n\t\t\t\t\t\t<div class=\"elementor-element elementor-element-9ea8765 ekit-equal-height-disable elementor-widget elementor-widget-elementskit-image-box\" data-id=\"9ea8765\" data-element_type=\"widget\" data-settings=\"{&quot;ekit_we_effect_on&quot;:&quot;none&quot;}\" data-widget_type=\"elementskit-image-box.default\">\n\t\t\t\t<div class=\"elementor-widget-container\">\n\t\t\t\t\t<div class=\"ekit-wid-con\" >\n            <div class=\"elementskit-info-image-box ekit-image-box text-center style-modern\" >\n\n                <a href=\"https:\/\/africadevelopmentconsultingroup.com\/en\/restructuration-des-plans-comptables-des-entreprises\/\">\n                <div class=\"elementskit-box-header image-box-img-center\">\n\n                    <img decoding=\"async\" src=\"https:\/\/africadevelopmentconsultingroup.com\/wp-content\/uploads\/elementor\/thumbs\/b8-pw6wzuldfnic6wbsrqymzly0ny3lxr63wg2i9jtt4o.jpeg\" title=\"b8\" alt=\"b8\" loading=\"lazy\" \/>\n                <\/div>\n                <\/a>\n                <div class=\"elementskit-box-body ekit-image-box-body\">\n                    <div class=\"elementskit-box-content ekit-image-box-body-inner\">\n                                                                <div class=\"elementskit-box-style-content\">\n                        RESTRUCTURING OF COMPANY CHARTS OF ACCOUNTS                    <\/div>\n                                    <\/div>\n\n                                <div class=\"elementskit-box-footer\">\n                    <div class=\"box-footer\">\n                        <div class=\"btn-wraper\">\n                                                            <a href=\"https:\/\/africadevelopmentconsultingroup.com\/en\/restructuration-des-plans-comptables-des-entreprises\/\" class=\"elementskit-btn whitespace--normal\">\n                                    \n                                    <i aria-hidden=\"true\" class=\"fas fa-greater-than\"><\/i>\n                                    Read                                <\/a>\n                                                        <\/div>\n                    <\/div>\n                <\/div>\n                            <\/div>\n            <\/div>\n    <\/div>\t\t\t\t<\/div>\n\t\t\t\t<\/div>\n\t\t\t\t\t<\/div>\n\t\t<\/div>\n\t\t\t\t\t<\/div>\n\t\t<\/section>\n\t\t\t\t\t<\/div>\n\t\t<\/div>\n\t\t\t\t\t<\/div>\n\t\t<\/section>\n\t\t\t\t<\/div>","protected":false},"excerpt":{"rendered":"<p>MANAGEMENT FORMATION \u00c0 LA CULTURE D\u2019ENTREPRISE CANADIENNE Lire GESTION DES RISQUES Lire GESTION DES RISQUES ENVIRONNEMENTAUX Lire ANALYSE STRAT\u00c9GIQUE DE L&rsquo;ENTREPRISE Lire PLAN DE R\u00c9FORME STRUCTURELLE DE L&rsquo;ENTREPRISE Lire PLAN STRAT\u00c9GIQUE DE D\u00c9VELOPPEMENT DE L&rsquo;ENTREPRISE Lire MARKETING Lire RESTRUCTURATION DES PLANS COMPTABLES DES ENTREPRISES Lire<\/p>","protected":false},"author":1,"featured_media":0,"parent":0,"menu_order":0,"comment_status":"closed","ping_status":"closed","template":"elementor_header_footer","meta":{"_editorskit_title_hidden":false,"_editorskit_reading_time":0,"_editorskit_is_block_options_detached":false,"_editorskit_block_options_position":"{}","footnotes":""},"class_list":["post-281","page","type-page","status-publish","hentry"],"_links":{"self":[{"href":"https:\/\/africadevelopmentconsultingroup.com\/en\/wp-json\/wp\/v2\/pages\/281","targetHints":{"allow":["GET"]}}],"collection":[{"href":"https:\/\/africadevelopmentconsultingroup.com\/en\/wp-json\/wp\/v2\/pages"}],"about":[{"href":"https:\/\/africadevelopmentconsultingroup.com\/en\/wp-json\/wp\/v2\/types\/page"}],"author":[{"embeddable":true,"href":"https:\/\/africadevelopmentconsultingroup.com\/en\/wp-json\/wp\/v2\/users\/1"}],"replies":[{"embeddable":true,"href":"https:\/\/africadevelopmentconsultingroup.com\/en\/wp-json\/wp\/v2\/comments?post=281"}],"version-history":[{"count":58,"href":"https:\/\/africadevelopmentconsultingroup.com\/en\/wp-json\/wp\/v2\/pages\/281\/revisions"}],"predecessor-version":[{"id":3208,"href":"https:\/\/africadevelopmentconsultingroup.com\/en\/wp-json\/wp\/v2\/pages\/281\/revisions\/3208"}],"wp:attachment":[{"href":"https:\/\/africadevelopmentconsultingroup.com\/en\/wp-json\/wp\/v2\/media?parent=281"}],"curies":[{"name":"wp","href":"https:\/\/api.w.org\/{rel}","templated":true}]}}