{"id":2054,"date":"2022-12-15T20:21:45","date_gmt":"2022-12-15T20:21:45","guid":{"rendered":"https:\/\/africadevelopmentconsultingroup.com\/?page_id=2054"},"modified":"2023-02-21T08:33:33","modified_gmt":"2023-02-21T08:33:33","slug":"staff-construction-renovation-decoration-interieure","status":"publish","type":"page","link":"https:\/\/africadevelopmentconsultingroup.com\/en\/staff-construction-renovation-decoration-interieure\/","title":{"rendered":"STAFF : CONSTRUCTION - RENOVATION - INTERIOR DESIGN"},"content":{"rendered":"<div data-elementor-type=\"wp-page\" data-elementor-id=\"2054\" class=\"elementor elementor-2054\" data-elementor-post-type=\"page\">\n\t\t\t\t\t\t<section data-particle_enable=\"false\" data-particle-mobile-disabled=\"false\" class=\"elementor-section elementor-top-section elementor-element elementor-element-65d64dc7 elementor-section-full_width elementor-section-stretched elementor-section-height-default elementor-section-height-default\" data-id=\"65d64dc7\" data-element_type=\"section\" data-settings=\"{&quot;background_background&quot;:&quot;gradient&quot;,&quot;stretch_section&quot;:&quot;section-stretched&quot;,&quot;ekit_has_onepagescroll_dot&quot;:&quot;yes&quot;}\">\n\t\t\t\t\t\t\t<div class=\"elementor-background-overlay\"><\/div>\n\t\t\t\t\t\t\t<div class=\"elementor-container elementor-column-gap-default\">\n\t\t\t\t\t<div class=\"elementor-column elementor-col-50 elementor-top-column elementor-element elementor-element-4b9c767f\" data-id=\"4b9c767f\" data-element_type=\"column\" data-settings=\"{&quot;background_background&quot;:&quot;classic&quot;}\">\n\t\t\t<div class=\"elementor-widget-wrap elementor-element-populated\">\n\t\t\t\t\t\t<div class=\"elementor-element elementor-element-7bf325b elementor-widget elementor-widget-image\" data-id=\"7bf325b\" data-element_type=\"widget\" data-settings=\"{&quot;ekit_we_effect_on&quot;:&quot;none&quot;}\" data-widget_type=\"image.default\">\n\t\t\t\t<div class=\"elementor-widget-container\">\n\t\t\t\t\t\t\t\t\t\t\t\t\t\t\t<img fetchpriority=\"high\" decoding=\"async\" width=\"800\" height=\"452\" src=\"https:\/\/africadevelopmentconsultingroup.com\/wp-content\/uploads\/2022\/12\/Travail-dequipe-Mag-min-1024x579.jpeg\" class=\"attachment-large size-large wp-image-2094\" alt=\"\" srcset=\"https:\/\/africadevelopmentconsultingroup.com\/wp-content\/uploads\/2022\/12\/Travail-dequipe-Mag-min-1024x579.jpeg 1024w, https:\/\/africadevelopmentconsultingroup.com\/wp-content\/uploads\/2022\/12\/Travail-dequipe-Mag-min-300x170.jpeg 300w, https:\/\/africadevelopmentconsultingroup.com\/wp-content\/uploads\/2022\/12\/Travail-dequipe-Mag-min-768x434.jpeg 768w, https:\/\/africadevelopmentconsultingroup.com\/wp-content\/uploads\/2022\/12\/Travail-dequipe-Mag-min-18x10.jpeg 18w, https:\/\/africadevelopmentconsultingroup.com\/wp-content\/uploads\/2022\/12\/Travail-dequipe-Mag-min.jpeg 1167w\" sizes=\"(max-width: 800px) 100vw, 800px\" \/>\t\t\t\t\t\t\t\t\t\t\t\t\t\t\t<\/div>\n\t\t\t\t<\/div>\n\t\t\t\t\t<\/div>\n\t\t<\/div>\n\t\t\t\t<div class=\"elementor-column elementor-col-50 elementor-top-column elementor-element elementor-element-74c71392\" data-id=\"74c71392\" data-element_type=\"column\" data-settings=\"{&quot;background_background&quot;:&quot;classic&quot;}\">\n\t\t\t<div class=\"elementor-widget-wrap elementor-element-populated\">\n\t\t\t\t\t\t<div class=\"elementor-element elementor-element-7f37594 elementor-widget elementor-widget-bdt-advanced-heading\" data-id=\"7f37594\" data-element_type=\"widget\" data-settings=\"{&quot;ekit_we_effect_on&quot;:&quot;none&quot;}\" data-widget_type=\"bdt-advanced-heading.default\">\n\t\t\t\t<div class=\"elementor-widget-container\">\n\t\t\t\t\t<div id =\"7f37594\" class=\"bdt-ep-advanced-heading\" data-settings=\"{&quot;titleMultiColor&quot;:&quot;no&quot;}\"><div class=\"bdt-ep-advanced-heading-content bdt-visible@m\"><div class=\"bdt-transform-origin-top-left\">Africa development\nconsultingroup<\/div><\/div><h2 class=\"bdt-ep-advanced-heading-title\"><span class=\"bdt-ep-advanced-heading-main-title\"><span class=\"bdt-ep-advanced-heading-main-title-inner\">STAFF : CONSTRUCTION - RENOVATION - INTERIOR DESIGN<\/span><\/span><\/h2><\/div>\t\t\t\t<\/div>\n\t\t\t\t<\/div>\n\t\t\t\t<div class=\"elementor-element elementor-element-81d2ffc elementor-invisible elementor-widget elementor-widget-text-editor\" data-id=\"81d2ffc\" data-element_type=\"widget\" data-settings=\"{&quot;_animation&quot;:&quot;fadeInUp&quot;,&quot;_animation_delay&quot;:400,&quot;ekit_we_effect_on&quot;:&quot;none&quot;}\" data-widget_type=\"text-editor.default\">\n\t\t\t\t<div class=\"elementor-widget-container\">\n\t\t\t\t\t\t\t\t\t<p>Africa Development Consulting Group in collaboration with partners having several decades of experience, offer staff services in the fields of construction, renovation and interior design. Recognized expertise in the manufacture and installation of ornamental elements, classic and contemporary staff, acoustic ceilings and suspended ceilings are available to you for the realization of your projects.<\/p><p>Discover our know-how and our expertise in the field of Staff. Trust us to make your dreams come true.<\/p>\t\t\t\t\t\t\t\t<\/div>\n\t\t\t\t<\/div>\n\t\t\t\t\t<\/div>\n\t\t<\/div>\n\t\t\t\t\t<\/div>\n\t\t<\/section>\n\t\t\t\t<section data-particle_enable=\"false\" data-particle-mobile-disabled=\"false\" class=\"elementor-section elementor-top-section elementor-element elementor-element-aafe185 elementor-section-full_width elementor-section-stretched elementor-section-height-default elementor-section-height-default\" data-id=\"aafe185\" data-element_type=\"section\" data-settings=\"{&quot;stretch_section&quot;:&quot;section-stretched&quot;,&quot;background_background&quot;:&quot;classic&quot;,&quot;ekit_has_onepagescroll_dot&quot;:&quot;yes&quot;}\">\n\t\t\t\t\t\t\t<div class=\"elementor-background-overlay\"><\/div>\n\t\t\t\t\t\t\t<div class=\"elementor-container elementor-column-gap-default\">\n\t\t\t\t\t<div class=\"elementor-column elementor-col-100 elementor-top-column elementor-element elementor-element-bce085f\" data-id=\"bce085f\" data-element_type=\"column\">\n\t\t\t<div class=\"elementor-widget-wrap elementor-element-populated\">\n\t\t\t\t\t\t<section data-particle_enable=\"false\" data-particle-mobile-disabled=\"false\" class=\"elementor-section elementor-inner-section elementor-element elementor-element-5ad4d29 elementor-section-full_width elementor-section-height-default elementor-section-height-default\" data-id=\"5ad4d29\" data-element_type=\"section\" data-settings=\"{&quot;background_background&quot;:&quot;classic&quot;,&quot;ekit_has_onepagescroll_dot&quot;:&quot;yes&quot;}\">\n\t\t\t\t\t\t<div class=\"elementor-container elementor-column-gap-default\">\n\t\t\t\t\t<div class=\"elementor-column elementor-col-33 elementor-inner-column elementor-element elementor-element-c82f025\" data-id=\"c82f025\" data-element_type=\"column\">\n\t\t\t<div class=\"elementor-widget-wrap\">\n\t\t\t\t\t\t\t<\/div>\n\t\t<\/div>\n\t\t\t\t<div class=\"elementor-column elementor-col-33 elementor-inner-column elementor-element elementor-element-291df97\" data-id=\"291df97\" data-element_type=\"column\">\n\t\t\t<div class=\"elementor-widget-wrap elementor-element-populated\">\n\t\t\t\t\t\t<div class=\"elementor-element elementor-element-d5189c6 elementor-widget elementor-widget-elementskit-heading\" data-id=\"d5189c6\" data-element_type=\"widget\" data-settings=\"{&quot;ekit_we_effect_on&quot;:&quot;none&quot;}\" data-widget_type=\"elementskit-heading.default\">\n\t\t\t\t<div class=\"elementor-widget-container\">\n\t\t\t\t\t<div class=\"ekit-wid-con\" ><div class=\"ekit-heading elementskit-section-title-wraper text_center   ekit_heading_tablet-   ekit_heading_mobile-\"><h3 class=\"elementskit-section-subtitle  elementskit-style-border\">\n\t\t\t\t\t\tAfrica development consulting group\n\t\t\t\t\t<\/h3><h2 class=\"ekit-heading--title elementskit-section-title\">Our team<\/h2><\/div><\/div>\t\t\t\t<\/div>\n\t\t\t\t<\/div>\n\t\t\t\t\t<\/div>\n\t\t<\/div>\n\t\t\t\t<div class=\"elementor-column elementor-col-33 elementor-inner-column elementor-element elementor-element-3240f59\" data-id=\"3240f59\" data-element_type=\"column\">\n\t\t\t<div class=\"elementor-widget-wrap\">\n\t\t\t\t\t\t\t<\/div>\n\t\t<\/div>\n\t\t\t\t\t<\/div>\n\t\t<\/section>\n\t\t\t\t<section data-particle_enable=\"false\" data-particle-mobile-disabled=\"false\" class=\"elementor-section elementor-inner-section elementor-element elementor-element-aed7289 elementor-section-full_width elementor-section-height-default elementor-section-height-default\" data-id=\"aed7289\" data-element_type=\"section\" data-settings=\"{&quot;ekit_has_onepagescroll_dot&quot;:&quot;yes&quot;}\">\n\t\t\t\t\t\t<div class=\"elementor-container elementor-column-gap-default\">\n\t\t\t\t\t<div class=\"elementor-column elementor-col-25 elementor-inner-column elementor-element elementor-element-66a831f\" data-id=\"66a831f\" data-element_type=\"column\">\n\t\t\t<div class=\"elementor-widget-wrap\">\n\t\t\t\t\t\t\t<\/div>\n\t\t<\/div>\n\t\t\t\t<div class=\"elementor-column elementor-col-25 elementor-inner-column elementor-element elementor-element-7756fb7\" data-id=\"7756fb7\" data-element_type=\"column\">\n\t\t\t<div class=\"elementor-widget-wrap elementor-element-populated\">\n\t\t\t\t\t\t<div class=\"elementor-element elementor-element-d317e38 elementor-widget elementor-widget-text-editor\" data-id=\"d317e38\" data-element_type=\"widget\" data-settings=\"{&quot;ekit_we_effect_on&quot;:&quot;none&quot;}\" data-widget_type=\"text-editor.default\">\n\t\t\t\t<div class=\"elementor-widget-container\">\n\t\t\t\t\t\t\t\t\t<ul><li>rehabilitates buildings<\/li><li>makes renovations<\/li><li>takes care of your restoration projects;<\/li><li>real estate sales and rentals<\/li><li>does topographic work<\/li><li>realizes allotments<\/li><li>made of road works and connections to the various networks<\/li><\/ul>\t\t\t\t\t\t\t\t<\/div>\n\t\t\t\t<\/div>\n\t\t\t\t\t<\/div>\n\t\t<\/div>\n\t\t\t\t<div class=\"elementor-column elementor-col-25 elementor-inner-column elementor-element elementor-element-fee2aab\" data-id=\"fee2aab\" data-element_type=\"column\">\n\t\t\t<div class=\"elementor-widget-wrap elementor-element-populated\">\n\t\t\t\t\t\t<div class=\"elementor-element elementor-element-17cc767 elementor-widget elementor-widget-text-editor\" data-id=\"17cc767\" data-element_type=\"widget\" data-settings=\"{&quot;ekit_we_effect_on&quot;:&quot;none&quot;}\" data-widget_type=\"text-editor.default\">\n\t\t\t\t<div class=\"elementor-widget-container\">\n\t\t\t\t\t\t\t\t\t<ul><li>supplies electrical equipment from Canada<\/li><li>manages your projects;<\/li><li>carries out deforestation operations;<\/li><li>does urban and rural pruning work;<\/li><li>makes staff in construction, renovation and decoration.<\/li><\/ul>\t\t\t\t\t\t\t\t<\/div>\n\t\t\t\t<\/div>\n\t\t\t\t\t<\/div>\n\t\t<\/div>\n\t\t\t\t<div class=\"elementor-column elementor-col-25 elementor-inner-column elementor-element elementor-element-385f7ba\" data-id=\"385f7ba\" data-element_type=\"column\">\n\t\t\t<div class=\"elementor-widget-wrap\">\n\t\t\t\t\t\t\t<\/div>\n\t\t<\/div>\n\t\t\t\t\t<\/div>\n\t\t<\/section>\n\t\t\t\t\t<\/div>\n\t\t<\/div>\n\t\t\t\t\t<\/div>\n\t\t<\/section>\n\t\t\t\t<\/div>","protected":false},"excerpt":{"rendered":"<p>Africa development consultingroup STAFF : CONSTRUCTION \u2013 R\u00c9NOVATION \u2013 D\u00c9CORATION INT\u00c9RIEURE Africa Development Consulting Group en collaboration avec des partenaires ayant \u00a0plusieurs d\u00e9cennies d\u2019exp\u00e9rience, proposent de services de staff dans les domaines de la construction, de la r\u00e9novation et de la d\u00e9coration int\u00e9rieure. Des savoir-faire reconnus haut de gamme pour la fabrication et la pose [&hellip;]<\/p>","protected":false},"author":1,"featured_media":0,"parent":0,"menu_order":0,"comment_status":"closed","ping_status":"closed","template":"","meta":{"_editorskit_title_hidden":false,"_editorskit_reading_time":0,"_editorskit_is_block_options_detached":false,"_editorskit_block_options_position":"{}","footnotes":""},"class_list":["post-2054","page","type-page","status-publish","hentry"],"_links":{"self":[{"href":"https:\/\/africadevelopmentconsultingroup.com\/en\/wp-json\/wp\/v2\/pages\/2054","targetHints":{"allow":["GET"]}}],"collection":[{"href":"https:\/\/africadevelopmentconsultingroup.com\/en\/wp-json\/wp\/v2\/pages"}],"about":[{"href":"https:\/\/africadevelopmentconsultingroup.com\/en\/wp-json\/wp\/v2\/types\/page"}],"author":[{"embeddable":true,"href":"https:\/\/africadevelopmentconsultingroup.com\/en\/wp-json\/wp\/v2\/users\/1"}],"replies":[{"embeddable":true,"href":"https:\/\/africadevelopmentconsultingroup.com\/en\/wp-json\/wp\/v2\/comments?post=2054"}],"version-history":[{"count":22,"href":"https:\/\/africadevelopmentconsultingroup.com\/en\/wp-json\/wp\/v2\/pages\/2054\/revisions"}],"predecessor-version":[{"id":3910,"href":"https:\/\/africadevelopmentconsultingroup.com\/en\/wp-json\/wp\/v2\/pages\/2054\/revisions\/3910"}],"wp:attachment":[{"href":"https:\/\/africadevelopmentconsultingroup.com\/en\/wp-json\/wp\/v2\/media?parent=2054"}],"curies":[{"name":"wp","href":"https:\/\/api.w.org\/{rel}","templated":true}]}}