{"id":1949,"date":"2022-12-15T09:23:35","date_gmt":"2022-12-15T09:23:35","guid":{"rendered":"https:\/\/africadevelopmentconsultingroup.com\/?page_id=1949"},"modified":"2023-02-21T09:27:13","modified_gmt":"2023-02-21T09:27:13","slug":"marketing","status":"publish","type":"page","link":"https:\/\/africadevelopmentconsultingroup.com\/en\/marketing\/","title":{"rendered":"MARKETING"},"content":{"rendered":"<div data-elementor-type=\"wp-page\" data-elementor-id=\"1949\" class=\"elementor elementor-1949\" data-elementor-post-type=\"page\">\n\t\t\t\t\t\t<section data-particle_enable=\"false\" data-particle-mobile-disabled=\"false\" class=\"elementor-section elementor-top-section elementor-element elementor-element-4a6d9f84 elementor-section-full_width elementor-section-stretched elementor-section-height-default elementor-section-height-default\" data-id=\"4a6d9f84\" data-element_type=\"section\" data-settings=\"{&quot;background_background&quot;:&quot;gradient&quot;,&quot;stretch_section&quot;:&quot;section-stretched&quot;,&quot;ekit_has_onepagescroll_dot&quot;:&quot;yes&quot;}\">\n\t\t\t\t\t\t\t<div class=\"elementor-background-overlay\"><\/div>\n\t\t\t\t\t\t\t<div class=\"elementor-container elementor-column-gap-default\">\n\t\t\t\t\t<div class=\"elementor-column elementor-col-50 elementor-top-column elementor-element elementor-element-32d8b31e\" data-id=\"32d8b31e\" data-element_type=\"column\" data-settings=\"{&quot;background_background&quot;:&quot;classic&quot;}\">\n\t\t\t<div class=\"elementor-widget-wrap elementor-element-populated\">\n\t\t\t\t\t\t<div class=\"elementor-element elementor-element-25cbdc4e elementor-widget elementor-widget-image\" data-id=\"25cbdc4e\" data-element_type=\"widget\" data-settings=\"{&quot;ekit_we_effect_on&quot;:&quot;none&quot;}\" data-widget_type=\"image.default\">\n\t\t\t\t<div class=\"elementor-widget-container\">\n\t\t\t\t\t\t\t\t\t\t\t\t\t\t\t<img fetchpriority=\"high\" decoding=\"async\" width=\"667\" height=\"1000\" src=\"https:\/\/africadevelopmentconsultingroup.com\/wp-content\/uploads\/2022\/10\/mission.jpeg\" class=\"attachment-large size-large wp-image-932\" alt=\"\" srcset=\"https:\/\/africadevelopmentconsultingroup.com\/wp-content\/uploads\/2022\/10\/mission.jpeg 667w, https:\/\/africadevelopmentconsultingroup.com\/wp-content\/uploads\/2022\/10\/mission-200x300.jpeg 200w\" sizes=\"(max-width: 667px) 100vw, 667px\" \/>\t\t\t\t\t\t\t\t\t\t\t\t\t\t\t<\/div>\n\t\t\t\t<\/div>\n\t\t\t\t\t<\/div>\n\t\t<\/div>\n\t\t\t\t<div class=\"elementor-column elementor-col-50 elementor-top-column elementor-element elementor-element-37b907e1\" data-id=\"37b907e1\" data-element_type=\"column\" data-settings=\"{&quot;background_background&quot;:&quot;classic&quot;}\">\n\t\t\t<div class=\"elementor-widget-wrap elementor-element-populated\">\n\t\t\t\t\t\t<div class=\"elementor-element elementor-element-2c744ed elementor-widget elementor-widget-bdt-advanced-heading\" data-id=\"2c744ed\" data-element_type=\"widget\" data-settings=\"{&quot;ekit_we_effect_on&quot;:&quot;none&quot;}\" data-widget_type=\"bdt-advanced-heading.default\">\n\t\t\t\t<div class=\"elementor-widget-container\">\n\t\t\t\t\t<div id =\"2c744ed\" class=\"bdt-ep-advanced-heading\" data-settings=\"{&quot;titleMultiColor&quot;:&quot;no&quot;}\"><div class=\"bdt-ep-advanced-heading-content bdt-visible@m\"><div class=\"bdt-transform-origin-top-left\">Africa development\nconsultingroup<\/div><\/div><h2 class=\"bdt-ep-advanced-heading-title\"><span class=\"bdt-ep-advanced-heading-main-title\"><span class=\"bdt-ep-advanced-heading-main-title-inner\">MARKETING<\/span><\/span><\/h2><\/div>\t\t\t\t<\/div>\n\t\t\t\t<\/div>\n\t\t\t\t<div class=\"elementor-element elementor-element-5e11553 elementor-invisible elementor-widget elementor-widget-text-editor\" data-id=\"5e11553\" data-element_type=\"widget\" data-settings=\"{&quot;_animation&quot;:&quot;fadeInUp&quot;,&quot;_animation_delay&quot;:400,&quot;ekit_we_effect_on&quot;:&quot;none&quot;}\" data-widget_type=\"text-editor.default\">\n\t\t\t\t<div class=\"elementor-widget-container\">\n\t\t\t\t\t\t\t\t\t<p class=\"p1\">Marketing is at the heart of the market conquest strategy. A very good planning of the marketing activities allows to avoid tedious and costly mistakes.<\/p><p class=\"p1\">Africa Development Consulting Group (ADCG) designs a marketing plan for your business with a focus on reaching and attracting customers and persuading them to buy your products or services. ADCG clearly defines objectives, actions and responsibilities.<\/p><p class=\"p1\">The marketing plan provided by ADCG lists the promotional tactics that will help you achieve the objectives of your business plan, which defines your target markets and the solutions you will offer them.<\/p><p class=\"p1\">The development of a marketing plan by the experts at ADCG generally involves the following 5 steps:<\/p><ul class=\"ul1\"><li class=\"li1\">Conduct a SWOT analysis (strengths, weaknesses, opportunities and threats)<\/li><li class=\"li1\">Establish a customer profile<\/li><li class=\"li1\">Set clear objectives<\/li><li class=\"li1\">Evaluate the \"four P\" of marketing (Product, Price, Place &amp; Promotion)<\/li><li class=\"li1\">Establish a budget<\/li><\/ul><p class=\"p1\">You have marketing needs, the ADCG has the expertise, trust us.<\/p>\t\t\t\t\t\t\t\t<\/div>\n\t\t\t\t<\/div>\n\t\t\t\t\t<\/div>\n\t\t<\/div>\n\t\t\t\t\t<\/div>\n\t\t<\/section>\n\t\t\t\t<section data-particle_enable=\"false\" data-particle-mobile-disabled=\"false\" class=\"elementor-section elementor-top-section elementor-element elementor-element-34fd839 elementor-section-full_width elementor-section-stretched elementor-section-height-default elementor-section-height-default\" data-id=\"34fd839\" data-element_type=\"section\" data-settings=\"{&quot;stretch_section&quot;:&quot;section-stretched&quot;,&quot;background_background&quot;:&quot;classic&quot;,&quot;ekit_has_onepagescroll_dot&quot;:&quot;yes&quot;}\">\n\t\t\t\t\t\t<div class=\"elementor-container elementor-column-gap-default\">\n\t\t\t\t\t<div class=\"elementor-column elementor-col-100 elementor-top-column elementor-element elementor-element-c66281a\" data-id=\"c66281a\" data-element_type=\"column\">\n\t\t\t<div class=\"elementor-widget-wrap elementor-element-populated\">\n\t\t\t\t\t\t<section data-particle_enable=\"false\" data-particle-mobile-disabled=\"false\" class=\"elementor-section elementor-inner-section elementor-element elementor-element-227125a elementor-section-full_width elementor-section-height-default elementor-section-height-default\" data-id=\"227125a\" data-element_type=\"section\" data-settings=\"{&quot;background_background&quot;:&quot;classic&quot;,&quot;ekit_has_onepagescroll_dot&quot;:&quot;yes&quot;}\">\n\t\t\t\t\t\t<div class=\"elementor-container elementor-column-gap-default\">\n\t\t\t\t\t<div class=\"elementor-column elementor-col-33 elementor-inner-column elementor-element elementor-element-6a1c111\" data-id=\"6a1c111\" data-element_type=\"column\">\n\t\t\t<div class=\"elementor-widget-wrap\">\n\t\t\t\t\t\t\t<\/div>\n\t\t<\/div>\n\t\t\t\t<div class=\"elementor-column elementor-col-33 elementor-inner-column elementor-element elementor-element-d4a4af3\" data-id=\"d4a4af3\" data-element_type=\"column\">\n\t\t\t<div class=\"elementor-widget-wrap elementor-element-populated\">\n\t\t\t\t\t\t<div class=\"elementor-element elementor-element-2c479f2 elementor-widget elementor-widget-elementskit-heading\" data-id=\"2c479f2\" data-element_type=\"widget\" data-settings=\"{&quot;ekit_we_effect_on&quot;:&quot;none&quot;}\" data-widget_type=\"elementskit-heading.default\">\n\t\t\t\t<div class=\"elementor-widget-container\">\n\t\t\t\t\t<div class=\"ekit-wid-con\" ><div class=\"ekit-heading elementskit-section-title-wraper text_center   ekit_heading_tablet-   ekit_heading_mobile-\"><h3 class=\"elementskit-section-subtitle  elementskit-style-border\">\n\t\t\t\t\t\tAfrica development consulting Group\n\t\t\t\t\t<\/h3><h2 class=\"ekit-heading--title elementskit-section-title\">Our team<\/h2>\t\t\t\t<div class='ekit-heading__description'>\n\t\t\t\t\t<p class=\"p1\"><span style=\"color: #000000\">Our professionals accompany you in the realization of your projects.<\/span><\/p>\n\t\t\t\t<\/div>\n\t\t\t<\/div><\/div>\t\t\t\t<\/div>\n\t\t\t\t<\/div>\n\t\t\t\t<div class=\"elementor-element elementor-element-022127f elementor-widget elementor-widget-spacer\" data-id=\"022127f\" data-element_type=\"widget\" data-settings=\"{&quot;ekit_we_effect_on&quot;:&quot;none&quot;}\" data-widget_type=\"spacer.default\">\n\t\t\t\t<div class=\"elementor-widget-container\">\n\t\t\t\t\t\t\t<div class=\"elementor-spacer\">\n\t\t\t<div class=\"elementor-spacer-inner\"><\/div>\n\t\t<\/div>\n\t\t\t\t\t\t<\/div>\n\t\t\t\t<\/div>\n\t\t\t\t\t<\/div>\n\t\t<\/div>\n\t\t\t\t<div class=\"elementor-column elementor-col-33 elementor-inner-column elementor-element elementor-element-2964e60\" data-id=\"2964e60\" data-element_type=\"column\">\n\t\t\t<div class=\"elementor-widget-wrap\">\n\t\t\t\t\t\t\t<\/div>\n\t\t<\/div>\n\t\t\t\t\t<\/div>\n\t\t<\/section>\n\t\t\t\t<section data-particle_enable=\"false\" data-particle-mobile-disabled=\"false\" class=\"elementor-section elementor-inner-section elementor-element elementor-element-3b297e2 elementor-section-full_width elementor-section-height-default elementor-section-height-default\" data-id=\"3b297e2\" data-element_type=\"section\" data-settings=\"{&quot;ekit_has_onepagescroll_dot&quot;:&quot;yes&quot;}\">\n\t\t\t\t\t\t<div class=\"elementor-container elementor-column-gap-default\">\n\t\t\t\t\t<div class=\"elementor-column elementor-col-33 elementor-inner-column elementor-element elementor-element-67e95ce\" data-id=\"67e95ce\" data-element_type=\"column\">\n\t\t\t<div class=\"elementor-widget-wrap elementor-element-populated\">\n\t\t\t\t\t\t<div class=\"elementor-element elementor-element-49e4ac2 elementor-widget elementor-widget-text-editor\" data-id=\"49e4ac2\" data-element_type=\"widget\" data-settings=\"{&quot;ekit_we_effect_on&quot;:&quot;none&quot;}\" data-widget_type=\"text-editor.default\">\n\t\t\t\t<div class=\"elementor-widget-container\">\n\t\t\t\t\t\t\t\t\t<ul><li>offers training to Ivorian entrepreneurs on the \"<br \/>Canadian management \"<\/li><li>performs internal audits<\/li><li>performs performance audits<\/li><\/ul>\t\t\t\t\t\t\t\t<\/div>\n\t\t\t\t<\/div>\n\t\t\t\t\t<\/div>\n\t\t<\/div>\n\t\t\t\t<div class=\"elementor-column elementor-col-33 elementor-inner-column elementor-element elementor-element-0df6aa4\" data-id=\"0df6aa4\" data-element_type=\"column\">\n\t\t\t<div class=\"elementor-widget-wrap elementor-element-populated\">\n\t\t\t\t\t\t<div class=\"elementor-element elementor-element-aca185d elementor-widget elementor-widget-text-editor\" data-id=\"aca185d\" data-element_type=\"widget\" data-settings=\"{&quot;ekit_we_effect_on&quot;:&quot;none&quot;}\" data-widget_type=\"text-editor.default\">\n\t\t\t\t<div class=\"elementor-widget-container\">\n\t\t\t\t\t\t\t\t\t\t<li>supports your company in its environmental risk management\nenvironmental risks<\/li>\n \t<li>analyzes the risks and opportunities associated with climate change\nclimate change<\/li>\n \t<li>makes a strategic analysis of your company<\/li>\n<\/ul>\t\t\t\t\t\t\t\t<\/div>\n\t\t\t\t<\/div>\n\t\t\t\t\t<\/div>\n\t\t<\/div>\n\t\t\t\t<div class=\"elementor-column elementor-col-33 elementor-inner-column elementor-element elementor-element-a5e1a60\" data-id=\"a5e1a60\" data-element_type=\"column\">\n\t\t\t<div class=\"elementor-widget-wrap elementor-element-populated\">\n\t\t\t\t\t\t<div class=\"elementor-element elementor-element-b9ae3f6 elementor-widget elementor-widget-text-editor\" data-id=\"b9ae3f6\" data-element_type=\"widget\" data-settings=\"{&quot;ekit_we_effect_on&quot;:&quot;none&quot;}\" data-widget_type=\"text-editor.default\">\n\t\t\t\t<div class=\"elementor-widget-container\">\n\t\t\t\t\t\t\t\t\t<ul><li>assistance in the structural reform of the company<\/li><li>develops the company's strategic plan<\/li><li>implements a marketing plan for your company<\/li><li>restructure the company's chart of accounts<\/li><\/ul>\t\t\t\t\t\t\t\t<\/div>\n\t\t\t\t<\/div>\n\t\t\t\t\t<\/div>\n\t\t<\/div>\n\t\t\t\t\t<\/div>\n\t\t<\/section>\n\t\t\t\t\t<\/div>\n\t\t<\/div>\n\t\t\t\t\t<\/div>\n\t\t<\/section>\n\t\t\t\t<\/div>","protected":false},"excerpt":{"rendered":"<p>Africa development consultingroup MARKETING Le marketing est au c\u0153ur de la strat\u00e9gie de conqu\u00eate des march\u00e9s. Une tr\u00e8s bonne planification des activit\u00e9s de marketing permet d\u2019\u00e9viter des erreurs fastidieuses et co\u00fbteuses. Africa Development Consulting Group (ADCG) con\u00e7oit un plan marketing pour votre entreprise en mettant l\u2019accent sur l\u2019atteinte et l\u2019attraction des clients et sur la [&hellip;]<\/p>","protected":false},"author":1,"featured_media":0,"parent":0,"menu_order":0,"comment_status":"closed","ping_status":"closed","template":"elementor_header_footer","meta":{"_editorskit_title_hidden":false,"_editorskit_reading_time":0,"_editorskit_is_block_options_detached":false,"_editorskit_block_options_position":"{}","footnotes":""},"class_list":["post-1949","page","type-page","status-publish","hentry"],"_links":{"self":[{"href":"https:\/\/africadevelopmentconsultingroup.com\/en\/wp-json\/wp\/v2\/pages\/1949","targetHints":{"allow":["GET"]}}],"collection":[{"href":"https:\/\/africadevelopmentconsultingroup.com\/en\/wp-json\/wp\/v2\/pages"}],"about":[{"href":"https:\/\/africadevelopmentconsultingroup.com\/en\/wp-json\/wp\/v2\/types\/page"}],"author":[{"embeddable":true,"href":"https:\/\/africadevelopmentconsultingroup.com\/en\/wp-json\/wp\/v2\/users\/1"}],"replies":[{"embeddable":true,"href":"https:\/\/africadevelopmentconsultingroup.com\/en\/wp-json\/wp\/v2\/comments?post=1949"}],"version-history":[{"count":16,"href":"https:\/\/africadevelopmentconsultingroup.com\/en\/wp-json\/wp\/v2\/pages\/1949\/revisions"}],"predecessor-version":[{"id":3933,"href":"https:\/\/africadevelopmentconsultingroup.com\/en\/wp-json\/wp\/v2\/pages\/1949\/revisions\/3933"}],"wp:attachment":[{"href":"https:\/\/africadevelopmentconsultingroup.com\/en\/wp-json\/wp\/v2\/media?parent=1949"}],"curies":[{"name":"wp","href":"https:\/\/api.w.org\/{rel}","templated":true}]}}