{"id":1849,"date":"2022-12-08T19:25:36","date_gmt":"2022-12-08T19:25:36","guid":{"rendered":"https:\/\/africadevelopmentconsultingroup.com\/?page_id=1849"},"modified":"2023-02-28T08:25:19","modified_gmt":"2023-02-28T08:25:19","slug":"plan-daction-environnemental","status":"publish","type":"page","link":"https:\/\/africadevelopmentconsultingroup.com\/en\/plan-daction-environnemental\/","title":{"rendered":"PLAN D&rsquo;ACTION ENVIRONNEMENTAL"},"content":{"rendered":"<div data-elementor-type=\"wp-page\" data-elementor-id=\"1849\" class=\"elementor elementor-1849\" data-elementor-post-type=\"page\">\n\t\t\t\t\t\t<section data-particle_enable=\"false\" data-particle-mobile-disabled=\"false\" class=\"elementor-section elementor-top-section elementor-element elementor-element-4baa4a76 elementor-section-full_width elementor-section-stretched elementor-section-height-default elementor-section-height-default\" data-id=\"4baa4a76\" data-element_type=\"section\" data-settings=\"{&quot;background_background&quot;:&quot;gradient&quot;,&quot;stretch_section&quot;:&quot;section-stretched&quot;,&quot;ekit_has_onepagescroll_dot&quot;:&quot;yes&quot;}\">\n\t\t\t\t\t\t\t<div class=\"elementor-background-overlay\"><\/div>\n\t\t\t\t\t\t\t<div class=\"elementor-container elementor-column-gap-default\">\n\t\t\t\t\t<div class=\"elementor-column elementor-col-50 elementor-top-column elementor-element elementor-element-2d042266\" data-id=\"2d042266\" data-element_type=\"column\" data-settings=\"{&quot;background_background&quot;:&quot;classic&quot;}\">\n\t\t\t<div class=\"elementor-widget-wrap elementor-element-populated\">\n\t\t\t\t\t\t<div class=\"elementor-element elementor-element-1b6d9dd0 elementor-widget elementor-widget-image\" data-id=\"1b6d9dd0\" data-element_type=\"widget\" data-settings=\"{&quot;ekit_we_effect_on&quot;:&quot;none&quot;}\" data-widget_type=\"image.default\">\n\t\t\t\t<div class=\"elementor-widget-container\">\n\t\t\t\t\t\t\t\t\t\t\t\t\t\t\t<img fetchpriority=\"high\" decoding=\"async\" width=\"667\" height=\"1000\" src=\"https:\/\/africadevelopmentconsultingroup.com\/wp-content\/uploads\/2022\/10\/mission.jpeg\" class=\"attachment-large size-large wp-image-932\" alt=\"\" srcset=\"https:\/\/africadevelopmentconsultingroup.com\/wp-content\/uploads\/2022\/10\/mission.jpeg 667w, https:\/\/africadevelopmentconsultingroup.com\/wp-content\/uploads\/2022\/10\/mission-200x300.jpeg 200w\" sizes=\"(max-width: 667px) 100vw, 667px\" \/>\t\t\t\t\t\t\t\t\t\t\t\t\t\t\t<\/div>\n\t\t\t\t<\/div>\n\t\t\t\t\t<\/div>\n\t\t<\/div>\n\t\t\t\t<div class=\"elementor-column elementor-col-50 elementor-top-column elementor-element elementor-element-26bbc6f0\" data-id=\"26bbc6f0\" data-element_type=\"column\" data-settings=\"{&quot;background_background&quot;:&quot;classic&quot;}\">\n\t\t\t<div class=\"elementor-widget-wrap elementor-element-populated\">\n\t\t\t\t\t\t<div class=\"elementor-element elementor-element-1252eea elementor-widget elementor-widget-bdt-advanced-heading\" data-id=\"1252eea\" data-element_type=\"widget\" data-settings=\"{&quot;ekit_we_effect_on&quot;:&quot;none&quot;}\" data-widget_type=\"bdt-advanced-heading.default\">\n\t\t\t\t<div class=\"elementor-widget-container\">\n\t\t\t\t\t<div id =\"1252eea\" class=\"bdt-ep-advanced-heading\" data-settings=\"{&quot;titleMultiColor&quot;:&quot;no&quot;}\"><div class=\"bdt-ep-advanced-heading-content bdt-visible@m\"><div class=\"bdt-transform-origin-top-left\">Africa development\nconsultingroup<\/div><\/div><h2 class=\"bdt-ep-advanced-heading-title\"><span class=\"bdt-ep-advanced-heading-main-title\"><span class=\"bdt-ep-advanced-heading-main-title-inner\">ENVIRONMENTAL ACTION PLAN<\/span><\/span><\/h2><\/div>\t\t\t\t<\/div>\n\t\t\t\t<\/div>\n\t\t\t\t<div class=\"elementor-element elementor-element-6c359ec8 elementor-invisible elementor-widget elementor-widget-text-editor\" data-id=\"6c359ec8\" data-element_type=\"widget\" data-settings=\"{&quot;_animation&quot;:&quot;fadeInUp&quot;,&quot;_animation_delay&quot;:400,&quot;ekit_we_effect_on&quot;:&quot;none&quot;}\" data-widget_type=\"text-editor.default\">\n\t\t\t\t<div class=\"elementor-widget-container\">\n\t\t\t\t\t\t\t\t\t<p>An action plan is a document that defines a strategy to achieve a result.<\/p>\n<p>It is part of a process that includes a development phase, an implementation phase and a monitoring and evaluation phase.<\/p>\n<p>The action plan can address any issue identified by a company, community or public institution.<br><br>The development of the action plan is a process that identifies priority actions and establishes a strategic timeline to implement them, based on available human, financial and technical resources.<\/p>\n<p>Our team develops your environmental action plan, which is accompanied by an implementation plan, an internal management tool that provides a framework for carrying out and monitoring the planned actions.<\/p>\t\t\t\t\t\t\t\t<\/div>\n\t\t\t\t<\/div>\n\t\t\t\t\t<\/div>\n\t\t<\/div>\n\t\t\t\t\t<\/div>\n\t\t<\/section>\n\t\t\t\t<section data-particle_enable=\"false\" data-particle-mobile-disabled=\"false\" class=\"elementor-section elementor-top-section elementor-element elementor-element-677ad16b elementor-section-full_width elementor-section-stretched elementor-section-height-default elementor-section-height-default\" data-id=\"677ad16b\" data-element_type=\"section\" data-settings=\"{&quot;stretch_section&quot;:&quot;section-stretched&quot;,&quot;background_background&quot;:&quot;classic&quot;,&quot;ekit_has_onepagescroll_dot&quot;:&quot;yes&quot;}\">\n\t\t\t\t\t\t\t<div class=\"elementor-background-overlay\"><\/div>\n\t\t\t\t\t\t\t<div class=\"elementor-container elementor-column-gap-default\">\n\t\t\t\t\t<div class=\"elementor-column elementor-col-100 elementor-top-column elementor-element elementor-element-223311fd\" data-id=\"223311fd\" data-element_type=\"column\">\n\t\t\t<div class=\"elementor-widget-wrap elementor-element-populated\">\n\t\t\t\t\t\t<section data-particle_enable=\"false\" data-particle-mobile-disabled=\"false\" class=\"elementor-section elementor-inner-section elementor-element elementor-element-1ecb9bb8 elementor-section-full_width elementor-section-height-default elementor-section-height-default\" data-id=\"1ecb9bb8\" data-element_type=\"section\" data-settings=\"{&quot;background_background&quot;:&quot;classic&quot;,&quot;ekit_has_onepagescroll_dot&quot;:&quot;yes&quot;}\">\n\t\t\t\t\t\t<div class=\"elementor-container elementor-column-gap-default\">\n\t\t\t\t\t<div class=\"elementor-column elementor-col-33 elementor-inner-column elementor-element elementor-element-33be65d5\" data-id=\"33be65d5\" data-element_type=\"column\">\n\t\t\t<div class=\"elementor-widget-wrap\">\n\t\t\t\t\t\t\t<\/div>\n\t\t<\/div>\n\t\t\t\t<div class=\"elementor-column elementor-col-33 elementor-inner-column elementor-element elementor-element-34e374e2\" data-id=\"34e374e2\" data-element_type=\"column\">\n\t\t\t<div class=\"elementor-widget-wrap elementor-element-populated\">\n\t\t\t\t\t\t<div class=\"elementor-element elementor-element-6aa23ac elementor-widget elementor-widget-elementskit-heading\" data-id=\"6aa23ac\" data-element_type=\"widget\" data-settings=\"{&quot;ekit_we_effect_on&quot;:&quot;none&quot;}\" data-widget_type=\"elementskit-heading.default\">\n\t\t\t\t<div class=\"elementor-widget-container\">\n\t\t\t\t\t<div class=\"ekit-wid-con\" ><div class=\"ekit-heading elementskit-section-title-wraper text_center   ekit_heading_tablet-   ekit_heading_mobile-\"><h3 class=\"elementskit-section-subtitle  elementskit-style-border\">\n\t\t\t\t\t\tAfrica development consulting Group\n\t\t\t\t\t<\/h3><h2 class=\"ekit-heading--title elementskit-section-title\">Our team<\/h2>\t\t\t\t<div class='ekit-heading__description'>\n\t\t\t\t\t<p class=\"p1\"><span style=\"color: #000000\">Our professionals accompany you in the realization of your projects.<\/span><\/p>\n\t\t\t\t<\/div>\n\t\t\t<\/div><\/div>\t\t\t\t<\/div>\n\t\t\t\t<\/div>\n\t\t\t\t\t<\/div>\n\t\t<\/div>\n\t\t\t\t<div class=\"elementor-column elementor-col-33 elementor-inner-column elementor-element elementor-element-7f9cec23\" data-id=\"7f9cec23\" data-element_type=\"column\">\n\t\t\t<div class=\"elementor-widget-wrap\">\n\t\t\t\t\t\t\t<\/div>\n\t\t<\/div>\n\t\t\t\t\t<\/div>\n\t\t<\/section>\n\t\t\t\t<section data-particle_enable=\"false\" data-particle-mobile-disabled=\"false\" class=\"elementor-section elementor-inner-section elementor-element elementor-element-630c7176 elementor-section-full_width elementor-section-height-default elementor-section-height-default\" data-id=\"630c7176\" data-element_type=\"section\" data-settings=\"{&quot;ekit_has_onepagescroll_dot&quot;:&quot;yes&quot;}\">\n\t\t\t\t\t\t<div class=\"elementor-container elementor-column-gap-default\">\n\t\t\t\t\t<div class=\"elementor-column elementor-col-33 elementor-inner-column elementor-element elementor-element-4a25398a\" data-id=\"4a25398a\" data-element_type=\"column\">\n\t\t\t<div class=\"elementor-widget-wrap elementor-element-populated\">\n\t\t\t\t\t\t<div class=\"elementor-element elementor-element-2de0e65e elementor-widget elementor-widget-text-editor\" data-id=\"2de0e65e\" data-element_type=\"widget\" data-settings=\"{&quot;ekit_we_effect_on&quot;:&quot;none&quot;}\" data-widget_type=\"text-editor.default\">\n\t\t\t\t<div class=\"elementor-widget-container\">\n\t\t\t\t\t\t\t\t\t<ul>\n<li class=\"li3\"><span class=\"s2\">writes the environmental impact study;\u00a0<\/span><\/li>\n<li class=\"li3\"><span class=\"s2\">integrates environmental, social and economic issues into your studies;<\/span><\/li>\n<li class=\"li3\"><span class=\"s2\">analyzes the impacts of your project on the environment;<\/span><\/li>\n<li class=\"li3\"><span class=\"s2\">recommends mitigation measures and solutions to reduce impacts;<\/span><\/li>\n<li class=\"li3\"><span class=\"s2\">helps to configure your project according to the particularities of the environment;<\/span><\/li>\n<li class=\"li3\"><span class=\"s2\">prepares and implements environmental monitoring and follow-up programs;<\/span><\/li>\n<li class=\"li3\"><span class=\"s2\">plans and organizes public consultations and community relations;<\/span><\/li>\n<li class=\"li2\"><span class=\"s1\">implements project management protocols<\/span><\/li>\n<li class=\"li2\"><span class=\"s1\">implements an environmental action plan<\/span><\/li>\n<\/ul>\t\t\t\t\t\t\t\t<\/div>\n\t\t\t\t<\/div>\n\t\t\t\t\t<\/div>\n\t\t<\/div>\n\t\t\t\t<div class=\"elementor-column elementor-col-33 elementor-inner-column elementor-element elementor-element-377f9036\" data-id=\"377f9036\" data-element_type=\"column\">\n\t\t\t<div class=\"elementor-widget-wrap elementor-element-populated\">\n\t\t\t\t\t\t<div class=\"elementor-element elementor-element-59795341 elementor-widget elementor-widget-text-editor\" data-id=\"59795341\" data-element_type=\"widget\" data-settings=\"{&quot;ekit_we_effect_on&quot;:&quot;none&quot;}\" data-widget_type=\"text-editor.default\">\n\t\t\t\t<div class=\"elementor-widget-container\">\n\t\t\t\t\t\t\t\t\t<ul>\n<li class=\"li4\"><span class=\"s2\">water management assistance<\/span><\/li>\n<li class=\"li4\"><span class=\"s2\">analyses the quality of the water<\/span><\/li>\n<li class=\"li4\"><span class=\"s2\">conducts studies of wetlands, hydrology, watersheds, etc.<\/span><\/li>\n<li class=\"li3\"><span class=\"s2\">analyzes the geospatial data associated with your project;<\/span><\/li>\n<\/ul>\n<ul class=\"ul1\">\n<li class=\"li1\"><span class=\"s1\">helps design your project while respecting the physical, biological and human environments;<\/span><\/li>\n<li class=\"li1\"><span class=\"s1\">designs thematic maps to illustrate complex or numerous issues;<\/span><\/li>\n<li class=\"li1\"><span class=\"s1\">photo-interprets relief, forest stands, wetlands and land use;<\/span><\/li>\n<li class=\"li1\"><span class=\"s1\">processes LIDAR data and manages the corresponding imagery;<\/span><\/li>\n<li class=\"li1\"><span class=\"s1\">puts geomatics at the heart of your projects<\/span><\/li>\n<\/ul>\t\t\t\t\t\t\t\t<\/div>\n\t\t\t\t<\/div>\n\t\t\t\t\t<\/div>\n\t\t<\/div>\n\t\t\t\t<div class=\"elementor-column elementor-col-33 elementor-inner-column elementor-element elementor-element-23512d16\" data-id=\"23512d16\" data-element_type=\"column\">\n\t\t\t<div class=\"elementor-widget-wrap elementor-element-populated\">\n\t\t\t\t\t\t<div class=\"elementor-element elementor-element-79a990c4 elementor-widget elementor-widget-text-editor\" data-id=\"79a990c4\" data-element_type=\"widget\" data-settings=\"{&quot;ekit_we_effect_on&quot;:&quot;none&quot;}\" data-widget_type=\"text-editor.default\">\n\t\t\t\t<div class=\"elementor-widget-container\">\n\t\t\t\t\t\t\t\t\t<ul>\n<li class=\"li1\"><span class=\"s1\">develops monitoring and follow-up programs<\/span><\/li>\n<li class=\"li1\"><span class=\"s1\">offers environmental solutions to contractors and authorities;<\/span><\/li>\n<li class=\"li1\"><span class=\"s1\">documents the results of the follow-ups;<\/span><\/li>\n<li class=\"li1\"><span class=\"s1\">follows up with the responsible authorities;<\/span><\/li>\n<li class=\"li2\"><span class=\"s1\">anticipates the elements of your project that will generate reactions because of the impacts on the environment;\u00a0<\/span><\/li>\n<li class=\"li2\"><span class=\"s1\">creates and leads liaison, monitoring and vigilance committees;<\/span><\/li>\n<li class=\"li2\"><span class=\"s1\">conducts information and consultation sessions;<\/span><\/li>\n<li class=\"li2\"><span class=\"s1\">measures the effectiveness and success of your social acceptability process;<\/span><\/li>\n<li class=\"li2\"><span class=\"s1\">provides you with all the necessary tools to manage your project<\/span><\/li>\n<\/ul>\t\t\t\t\t\t\t\t<\/div>\n\t\t\t\t<\/div>\n\t\t\t\t\t<\/div>\n\t\t<\/div>\n\t\t\t\t\t<\/div>\n\t\t<\/section>\n\t\t\t\t\t<\/div>\n\t\t<\/div>\n\t\t\t\t\t<\/div>\n\t\t<\/section>\n\t\t\t\t<\/div>","protected":false},"excerpt":{"rendered":"<p>Africa development consultingroup PLAN D&rsquo;ACTION ENVIRONNEMENTAL Un plan d\u2019action est un document qui d\u00e9finit une strat\u00e9gie \u00e0 appliquer pour arriver \u00e0 un r\u00e9sultat. Il s\u2019inscrit dans un processus comprenant une phase d\u2019\u00e9laboration, une phase de mise en \u0153uvre et une phase de suivi et d\u2019\u00e9valuation. Le plan d\u2019action peut toucher toutes les probl\u00e9matiques identifi\u00e9es par [&hellip;]<\/p>","protected":false},"author":1,"featured_media":0,"parent":0,"menu_order":0,"comment_status":"closed","ping_status":"closed","template":"elementor_header_footer","meta":{"_editorskit_title_hidden":false,"_editorskit_reading_time":0,"_editorskit_is_block_options_detached":false,"_editorskit_block_options_position":"{}","footnotes":""},"class_list":["post-1849","page","type-page","status-publish","hentry"],"_links":{"self":[{"href":"https:\/\/africadevelopmentconsultingroup.com\/en\/wp-json\/wp\/v2\/pages\/1849","targetHints":{"allow":["GET"]}}],"collection":[{"href":"https:\/\/africadevelopmentconsultingroup.com\/en\/wp-json\/wp\/v2\/pages"}],"about":[{"href":"https:\/\/africadevelopmentconsultingroup.com\/en\/wp-json\/wp\/v2\/types\/page"}],"author":[{"embeddable":true,"href":"https:\/\/africadevelopmentconsultingroup.com\/en\/wp-json\/wp\/v2\/users\/1"}],"replies":[{"embeddable":true,"href":"https:\/\/africadevelopmentconsultingroup.com\/en\/wp-json\/wp\/v2\/comments?post=1849"}],"version-history":[{"count":25,"href":"https:\/\/africadevelopmentconsultingroup.com\/en\/wp-json\/wp\/v2\/pages\/1849\/revisions"}],"predecessor-version":[{"id":4090,"href":"https:\/\/africadevelopmentconsultingroup.com\/en\/wp-json\/wp\/v2\/pages\/1849\/revisions\/4090"}],"wp:attachment":[{"href":"https:\/\/africadevelopmentconsultingroup.com\/en\/wp-json\/wp\/v2\/media?parent=1849"}],"curies":[{"name":"wp","href":"https:\/\/api.w.org\/{rel}","templated":true}]}}