{"id":1831,"date":"2022-12-08T19:11:20","date_gmt":"2022-12-08T19:11:20","guid":{"rendered":"https:\/\/africadevelopmentconsultingroup.com\/?page_id=1831"},"modified":"2023-02-28T09:01:44","modified_gmt":"2023-02-28T09:01:44","slug":"gestion-de-projets-environnementaux","status":"publish","type":"page","link":"https:\/\/africadevelopmentconsultingroup.com\/en\/gestion-de-projets-environnementaux\/","title":{"rendered":"ENVIRONMENTAL PROJECT MANAGEMENT"},"content":{"rendered":"<div data-elementor-type=\"wp-page\" data-elementor-id=\"1831\" class=\"elementor elementor-1831\" data-elementor-post-type=\"page\">\n\t\t\t\t\t\t<section data-particle_enable=\"false\" data-particle-mobile-disabled=\"false\" class=\"elementor-section elementor-top-section elementor-element elementor-element-5de42949 elementor-section-full_width elementor-section-stretched elementor-section-height-default elementor-section-height-default\" data-id=\"5de42949\" data-element_type=\"section\" data-settings=\"{&quot;background_background&quot;:&quot;gradient&quot;,&quot;stretch_section&quot;:&quot;section-stretched&quot;,&quot;ekit_has_onepagescroll_dot&quot;:&quot;yes&quot;}\">\n\t\t\t\t\t\t\t<div class=\"elementor-background-overlay\"><\/div>\n\t\t\t\t\t\t\t<div class=\"elementor-container elementor-column-gap-default\">\n\t\t\t\t\t<div class=\"elementor-column elementor-col-50 elementor-top-column elementor-element elementor-element-3d44c9b9\" data-id=\"3d44c9b9\" data-element_type=\"column\" data-settings=\"{&quot;background_background&quot;:&quot;classic&quot;}\">\n\t\t\t<div class=\"elementor-widget-wrap elementor-element-populated\">\n\t\t\t\t\t\t<div class=\"elementor-element elementor-element-5d18e409 elementor-widget elementor-widget-image\" data-id=\"5d18e409\" data-element_type=\"widget\" data-settings=\"{&quot;ekit_we_effect_on&quot;:&quot;none&quot;}\" data-widget_type=\"image.default\">\n\t\t\t\t<div class=\"elementor-widget-container\">\n\t\t\t\t\t\t\t\t\t\t\t\t\t\t\t<img fetchpriority=\"high\" decoding=\"async\" width=\"667\" height=\"1000\" src=\"https:\/\/africadevelopmentconsultingroup.com\/wp-content\/uploads\/2022\/10\/mission.jpeg\" class=\"attachment-large size-large wp-image-932\" alt=\"\" srcset=\"https:\/\/africadevelopmentconsultingroup.com\/wp-content\/uploads\/2022\/10\/mission.jpeg 667w, https:\/\/africadevelopmentconsultingroup.com\/wp-content\/uploads\/2022\/10\/mission-200x300.jpeg 200w\" sizes=\"(max-width: 667px) 100vw, 667px\" \/>\t\t\t\t\t\t\t\t\t\t\t\t\t\t\t<\/div>\n\t\t\t\t<\/div>\n\t\t\t\t\t<\/div>\n\t\t<\/div>\n\t\t\t\t<div class=\"elementor-column elementor-col-50 elementor-top-column elementor-element elementor-element-23a49122\" data-id=\"23a49122\" data-element_type=\"column\" data-settings=\"{&quot;background_background&quot;:&quot;classic&quot;}\">\n\t\t\t<div class=\"elementor-widget-wrap elementor-element-populated\">\n\t\t\t\t\t\t<div class=\"elementor-element elementor-element-8b565a3 elementor-widget elementor-widget-bdt-advanced-heading\" data-id=\"8b565a3\" data-element_type=\"widget\" data-settings=\"{&quot;ekit_we_effect_on&quot;:&quot;none&quot;}\" data-widget_type=\"bdt-advanced-heading.default\">\n\t\t\t\t<div class=\"elementor-widget-container\">\n\t\t\t\t\t<div id =\"8b565a3\" class=\"bdt-ep-advanced-heading\" data-settings=\"{&quot;titleMultiColor&quot;:&quot;no&quot;}\"><div class=\"bdt-ep-advanced-heading-content bdt-visible@m\"><div class=\"bdt-transform-origin-top-left\">Africa development\nconsultingroup<\/div><\/div><h2 class=\"bdt-ep-advanced-heading-title\"><span class=\"bdt-ep-advanced-heading-main-title\"><span class=\"bdt-ep-advanced-heading-main-title-inner\">ENVIRONMENTAL PROJECT MANAGEMENT<\/span><\/span><\/h2><\/div>\t\t\t\t<\/div>\n\t\t\t\t<\/div>\n\t\t\t\t<div class=\"elementor-element elementor-element-5b94c6e2 elementor-invisible elementor-widget elementor-widget-text-editor\" data-id=\"5b94c6e2\" data-element_type=\"widget\" data-settings=\"{&quot;_animation&quot;:&quot;fadeInUp&quot;,&quot;_animation_delay&quot;:400,&quot;ekit_we_effect_on&quot;:&quot;none&quot;}\" data-widget_type=\"text-editor.default\">\n\t\t\t\t<div class=\"elementor-widget-container\">\n\t\t\t\t\t\t\t\t\t<p class=\"p1\">Project management covers all the tools, techniques and methods that allow the project manager and the more or less numerous team directly associated with him\/her to lead, coordinate and harmonize the various tasks carried out within the framework of the project, so that it satisfies the explicit and implicit needs for which it has been undertaken.<\/p><p class=\"p1\">It consists of applying specific management methods, techniques, and tools to the various stages of the project, from opportunity assessment to project completion.<\/p><p class=\"p1\">Africa Development Consulting Group is your key partner in environmental project management. Our team's expertise is built around several key services available to you:<\/p><ul><li style=\"list-style-type: none;\"><ul class=\"ul1\"><li class=\"li2\">Needs analysis<\/li><li class=\"li2\">Budget and timeline estimates<\/li><li class=\"li2\">Assessment of resource requirements<\/li><li class=\"li2\">Implementation of project management protocols<\/li><li class=\"li2\">Implementation of cost monitoring tools, etc.<\/li><\/ul><\/li><\/ul>\t\t\t\t\t\t\t\t<\/div>\n\t\t\t\t<\/div>\n\t\t\t\t\t<\/div>\n\t\t<\/div>\n\t\t\t\t\t<\/div>\n\t\t<\/section>\n\t\t\t\t<section data-particle_enable=\"false\" data-particle-mobile-disabled=\"false\" class=\"elementor-section elementor-top-section elementor-element elementor-element-26f64788 elementor-section-full_width elementor-section-stretched elementor-section-height-default elementor-section-height-default\" data-id=\"26f64788\" data-element_type=\"section\" data-settings=\"{&quot;stretch_section&quot;:&quot;section-stretched&quot;,&quot;background_background&quot;:&quot;classic&quot;,&quot;ekit_has_onepagescroll_dot&quot;:&quot;yes&quot;}\">\n\t\t\t\t\t\t\t<div class=\"elementor-background-overlay\"><\/div>\n\t\t\t\t\t\t\t<div class=\"elementor-container elementor-column-gap-default\">\n\t\t\t\t\t<div class=\"elementor-column elementor-col-100 elementor-top-column elementor-element elementor-element-58fe9fb1\" data-id=\"58fe9fb1\" data-element_type=\"column\">\n\t\t\t<div class=\"elementor-widget-wrap elementor-element-populated\">\n\t\t\t\t\t\t<section data-particle_enable=\"false\" data-particle-mobile-disabled=\"false\" class=\"elementor-section elementor-inner-section elementor-element elementor-element-3d5726bb elementor-section-full_width elementor-section-height-default elementor-section-height-default\" data-id=\"3d5726bb\" data-element_type=\"section\" data-settings=\"{&quot;background_background&quot;:&quot;classic&quot;,&quot;ekit_has_onepagescroll_dot&quot;:&quot;yes&quot;}\">\n\t\t\t\t\t\t<div class=\"elementor-container elementor-column-gap-default\">\n\t\t\t\t\t<div class=\"elementor-column elementor-col-33 elementor-inner-column elementor-element elementor-element-69a5905f\" data-id=\"69a5905f\" data-element_type=\"column\">\n\t\t\t<div class=\"elementor-widget-wrap\">\n\t\t\t\t\t\t\t<\/div>\n\t\t<\/div>\n\t\t\t\t<div class=\"elementor-column elementor-col-33 elementor-inner-column elementor-element elementor-element-159f4f76\" data-id=\"159f4f76\" data-element_type=\"column\">\n\t\t\t<div class=\"elementor-widget-wrap elementor-element-populated\">\n\t\t\t\t\t\t<div class=\"elementor-element elementor-element-d84b5fe elementor-widget elementor-widget-elementskit-heading\" data-id=\"d84b5fe\" data-element_type=\"widget\" data-settings=\"{&quot;ekit_we_effect_on&quot;:&quot;none&quot;}\" data-widget_type=\"elementskit-heading.default\">\n\t\t\t\t<div class=\"elementor-widget-container\">\n\t\t\t\t\t<div class=\"ekit-wid-con\" ><div class=\"ekit-heading elementskit-section-title-wraper text_center   ekit_heading_tablet-   ekit_heading_mobile-\"><h3 class=\"elementskit-section-subtitle  elementskit-style-border\">\n\t\t\t\t\t\tAfrica development consulting Group\n\t\t\t\t\t<\/h3><h2 class=\"ekit-heading--title elementskit-section-title\">Our team<\/h2>\t\t\t\t<div class='ekit-heading__description'>\n\t\t\t\t\t<p class=\"p1\"><span style=\"color: #000000\">Our professionals accompany you in the realization of your projects.<\/span><\/p>\n\t\t\t\t<\/div>\n\t\t\t<\/div><\/div>\t\t\t\t<\/div>\n\t\t\t\t<\/div>\n\t\t\t\t\t<\/div>\n\t\t<\/div>\n\t\t\t\t<div class=\"elementor-column elementor-col-33 elementor-inner-column elementor-element elementor-element-1a642fe5\" data-id=\"1a642fe5\" data-element_type=\"column\">\n\t\t\t<div class=\"elementor-widget-wrap\">\n\t\t\t\t\t\t\t<\/div>\n\t\t<\/div>\n\t\t\t\t\t<\/div>\n\t\t<\/section>\n\t\t\t\t<section data-particle_enable=\"false\" data-particle-mobile-disabled=\"false\" class=\"elementor-section elementor-inner-section elementor-element elementor-element-714a78dc elementor-section-full_width elementor-section-height-default elementor-section-height-default\" data-id=\"714a78dc\" data-element_type=\"section\" data-settings=\"{&quot;ekit_has_onepagescroll_dot&quot;:&quot;yes&quot;}\">\n\t\t\t\t\t\t<div class=\"elementor-container elementor-column-gap-default\">\n\t\t\t\t\t<div class=\"elementor-column elementor-col-33 elementor-inner-column elementor-element elementor-element-4c8a051b\" data-id=\"4c8a051b\" data-element_type=\"column\">\n\t\t\t<div class=\"elementor-widget-wrap elementor-element-populated\">\n\t\t\t\t\t\t<div class=\"elementor-element elementor-element-5146a503 elementor-widget elementor-widget-text-editor\" data-id=\"5146a503\" data-element_type=\"widget\" data-settings=\"{&quot;ekit_we_effect_on&quot;:&quot;none&quot;}\" data-widget_type=\"text-editor.default\">\n\t\t\t\t<div class=\"elementor-widget-container\">\n\t\t\t\t\t\t\t\t\t<ul>\n<li class=\"li3\"><span class=\"s2\">writes the environmental impact study;\u00a0<\/span><\/li>\n<li class=\"li3\"><span class=\"s2\">integrates environmental, social and economic issues into your studies;<\/span><\/li>\n<li class=\"li3\"><span class=\"s2\">analyzes the impacts of your project on the environment;<\/span><\/li>\n<li class=\"li3\"><span class=\"s2\">recommends mitigation measures and solutions to reduce impacts;<\/span><\/li>\n<li class=\"li3\"><span class=\"s2\">helps to configure your project according to the particularities of the environment;<\/span><\/li>\n<li class=\"li3\"><span class=\"s2\">prepares and implements environmental monitoring and follow-up programs;<\/span><\/li>\n<li class=\"li3\"><span class=\"s2\">plans and organizes public consultations and community relations;<\/span><\/li>\n<li class=\"li2\"><span class=\"s1\">implements project management protocols<\/span><\/li>\n<li class=\"li2\"><span class=\"s1\">implements an environmental action plan<\/span><\/li>\n<\/ul>\t\t\t\t\t\t\t\t<\/div>\n\t\t\t\t<\/div>\n\t\t\t\t\t<\/div>\n\t\t<\/div>\n\t\t\t\t<div class=\"elementor-column elementor-col-33 elementor-inner-column elementor-element elementor-element-35836a80\" data-id=\"35836a80\" data-element_type=\"column\">\n\t\t\t<div class=\"elementor-widget-wrap elementor-element-populated\">\n\t\t\t\t\t\t<div class=\"elementor-element elementor-element-7ea55bf3 elementor-widget elementor-widget-text-editor\" data-id=\"7ea55bf3\" data-element_type=\"widget\" data-settings=\"{&quot;ekit_we_effect_on&quot;:&quot;none&quot;}\" data-widget_type=\"text-editor.default\">\n\t\t\t\t<div class=\"elementor-widget-container\">\n\t\t\t\t\t\t\t\t\t<ul>\n<li class=\"li4\"><span class=\"s2\">water management assistance<\/span><\/li>\n<li class=\"li4\"><span class=\"s2\">analyses the quality of the water<\/span><\/li>\n<li class=\"li4\"><span class=\"s2\">conducts studies of wetlands, hydrology, watersheds, etc.<\/span><\/li>\n<li class=\"li3\"><span class=\"s2\">analyzes the geospatial data associated with your project;<\/span><\/li>\n<\/ul>\n<ul class=\"ul1\">\n<li class=\"li1\"><span class=\"s1\">helps design your project while respecting the physical, biological and human environments;<\/span><\/li>\n<li class=\"li1\"><span class=\"s1\">designs thematic maps to illustrate complex or numerous issues;<\/span><\/li>\n<li class=\"li1\"><span class=\"s1\">photo-interprets relief, forest stands, wetlands and land use;<\/span><\/li>\n<li class=\"li1\"><span class=\"s1\">processes LIDAR data and manages the corresponding imagery;<\/span><\/li>\n<li class=\"li1\"><span class=\"s1\">puts geomatics at the heart of your projects<\/span><\/li>\n<\/ul>\t\t\t\t\t\t\t\t<\/div>\n\t\t\t\t<\/div>\n\t\t\t\t\t<\/div>\n\t\t<\/div>\n\t\t\t\t<div class=\"elementor-column elementor-col-33 elementor-inner-column elementor-element elementor-element-1081bf78\" data-id=\"1081bf78\" data-element_type=\"column\">\n\t\t\t<div class=\"elementor-widget-wrap elementor-element-populated\">\n\t\t\t\t\t\t<div class=\"elementor-element elementor-element-77680272 elementor-widget elementor-widget-text-editor\" data-id=\"77680272\" data-element_type=\"widget\" data-settings=\"{&quot;ekit_we_effect_on&quot;:&quot;none&quot;}\" data-widget_type=\"text-editor.default\">\n\t\t\t\t<div class=\"elementor-widget-container\">\n\t\t\t\t\t\t\t\t\t<ul>\n<li class=\"li1\"><span class=\"s1\">develops monitoring and follow-up programs<\/span><\/li>\n<li class=\"li1\"><span class=\"s1\">offers environmental solutions to contractors and authorities;<\/span><\/li>\n<li class=\"li1\"><span class=\"s1\">documents the results of the follow-ups;<\/span><\/li>\n<li class=\"li1\"><span class=\"s1\">follows up with the responsible authorities;<\/span><\/li>\n<li class=\"li2\"><span class=\"s1\">anticipates the elements of your project that will generate reactions because of the impacts on the environment;\u00a0<\/span><\/li>\n<li class=\"li2\"><span class=\"s1\">creates and leads liaison, monitoring and vigilance committees;<\/span><\/li>\n<li class=\"li2\"><span class=\"s1\">conducts information and consultation sessions;<\/span><\/li>\n<li class=\"li2\"><span class=\"s1\">measures the effectiveness and success of your social acceptability process;<\/span><\/li>\n<li class=\"li2\"><span class=\"s1\">provides you with all the necessary tools to manage your project<\/span><\/li>\n<\/ul>\t\t\t\t\t\t\t\t<\/div>\n\t\t\t\t<\/div>\n\t\t\t\t\t<\/div>\n\t\t<\/div>\n\t\t\t\t\t<\/div>\n\t\t<\/section>\n\t\t\t\t\t<\/div>\n\t\t<\/div>\n\t\t\t\t\t<\/div>\n\t\t<\/section>\n\t\t\t\t<\/div>","protected":false},"excerpt":{"rendered":"<p>Africa development consultingroup GESTION DE PROJETS ENVIRONNEMENTAUX La gestion de projet couvre l\u2019ensemble des outils, techniques et m\u00e9thodes qui permettent au chef de projet et \u00e0 l\u2019\u00e9quipe plus ou moins nombreuse, qui lui est directement associ\u00e9e, de conduire, coordonner et harmoniser les diverses t\u00e2ches ex\u00e9cut\u00e9es dans le cadre du projet, afin qu\u2019il satisfasse aux besoins [&hellip;]<\/p>","protected":false},"author":1,"featured_media":0,"parent":0,"menu_order":0,"comment_status":"closed","ping_status":"closed","template":"elementor_header_footer","meta":{"_editorskit_title_hidden":false,"_editorskit_reading_time":0,"_editorskit_is_block_options_detached":false,"_editorskit_block_options_position":"{}","footnotes":""},"class_list":["post-1831","page","type-page","status-publish","hentry"],"_links":{"self":[{"href":"https:\/\/africadevelopmentconsultingroup.com\/en\/wp-json\/wp\/v2\/pages\/1831","targetHints":{"allow":["GET"]}}],"collection":[{"href":"https:\/\/africadevelopmentconsultingroup.com\/en\/wp-json\/wp\/v2\/pages"}],"about":[{"href":"https:\/\/africadevelopmentconsultingroup.com\/en\/wp-json\/wp\/v2\/types\/page"}],"author":[{"embeddable":true,"href":"https:\/\/africadevelopmentconsultingroup.com\/en\/wp-json\/wp\/v2\/users\/1"}],"replies":[{"embeddable":true,"href":"https:\/\/africadevelopmentconsultingroup.com\/en\/wp-json\/wp\/v2\/comments?post=1831"}],"version-history":[{"count":22,"href":"https:\/\/africadevelopmentconsultingroup.com\/en\/wp-json\/wp\/v2\/pages\/1831\/revisions"}],"predecessor-version":[{"id":4108,"href":"https:\/\/africadevelopmentconsultingroup.com\/en\/wp-json\/wp\/v2\/pages\/1831\/revisions\/4108"}],"wp:attachment":[{"href":"https:\/\/africadevelopmentconsultingroup.com\/en\/wp-json\/wp\/v2\/media?parent=1831"}],"curies":[{"name":"wp","href":"https:\/\/api.w.org\/{rel}","templated":true}]}}