{"id":1825,"date":"2022-12-08T19:07:53","date_gmt":"2022-12-08T19:07:53","guid":{"rendered":"https:\/\/africadevelopmentconsultingroup.com\/?page_id=1825"},"modified":"2023-02-28T08:34:13","modified_gmt":"2023-02-28T08:34:13","slug":"acceptabilite-sociale","status":"publish","type":"page","link":"https:\/\/africadevelopmentconsultingroup.com\/en\/acceptabilite-sociale\/","title":{"rendered":"SOCIAL ACCEPTABILITY"},"content":{"rendered":"<div data-elementor-type=\"wp-page\" data-elementor-id=\"1825\" class=\"elementor elementor-1825\" data-elementor-post-type=\"page\">\n\t\t\t\t\t\t<section data-particle_enable=\"false\" data-particle-mobile-disabled=\"false\" class=\"elementor-section elementor-top-section elementor-element elementor-element-1963159a elementor-section-full_width elementor-section-stretched elementor-section-height-default elementor-section-height-default\" data-id=\"1963159a\" data-element_type=\"section\" data-settings=\"{&quot;background_background&quot;:&quot;gradient&quot;,&quot;stretch_section&quot;:&quot;section-stretched&quot;,&quot;ekit_has_onepagescroll_dot&quot;:&quot;yes&quot;}\">\n\t\t\t\t\t\t\t<div class=\"elementor-background-overlay\"><\/div>\n\t\t\t\t\t\t\t<div class=\"elementor-container elementor-column-gap-default\">\n\t\t\t\t\t<div class=\"elementor-column elementor-col-50 elementor-top-column elementor-element elementor-element-5ec2fd9\" data-id=\"5ec2fd9\" data-element_type=\"column\" data-settings=\"{&quot;background_background&quot;:&quot;classic&quot;}\">\n\t\t\t<div class=\"elementor-widget-wrap elementor-element-populated\">\n\t\t\t\t\t\t<div class=\"elementor-element elementor-element-3cb86d60 elementor-widget elementor-widget-image\" data-id=\"3cb86d60\" data-element_type=\"widget\" data-settings=\"{&quot;ekit_we_effect_on&quot;:&quot;none&quot;}\" data-widget_type=\"image.default\">\n\t\t\t\t<div class=\"elementor-widget-container\">\n\t\t\t\t\t\t\t\t\t\t\t\t\t\t\t<img fetchpriority=\"high\" decoding=\"async\" width=\"667\" height=\"1000\" src=\"https:\/\/africadevelopmentconsultingroup.com\/wp-content\/uploads\/2022\/10\/mission.jpeg\" class=\"attachment-large size-large wp-image-932\" alt=\"\" srcset=\"https:\/\/africadevelopmentconsultingroup.com\/wp-content\/uploads\/2022\/10\/mission.jpeg 667w, https:\/\/africadevelopmentconsultingroup.com\/wp-content\/uploads\/2022\/10\/mission-200x300.jpeg 200w\" sizes=\"(max-width: 667px) 100vw, 667px\" \/>\t\t\t\t\t\t\t\t\t\t\t\t\t\t\t<\/div>\n\t\t\t\t<\/div>\n\t\t\t\t\t<\/div>\n\t\t<\/div>\n\t\t\t\t<div class=\"elementor-column elementor-col-50 elementor-top-column elementor-element elementor-element-6dc7d474\" data-id=\"6dc7d474\" data-element_type=\"column\" data-settings=\"{&quot;background_background&quot;:&quot;classic&quot;}\">\n\t\t\t<div class=\"elementor-widget-wrap elementor-element-populated\">\n\t\t\t\t\t\t<div class=\"elementor-element elementor-element-3b907b8 elementor-widget elementor-widget-bdt-advanced-heading\" data-id=\"3b907b8\" data-element_type=\"widget\" data-settings=\"{&quot;ekit_we_effect_on&quot;:&quot;none&quot;}\" data-widget_type=\"bdt-advanced-heading.default\">\n\t\t\t\t<div class=\"elementor-widget-container\">\n\t\t\t\t\t<div id =\"3b907b8\" class=\"bdt-ep-advanced-heading\" data-settings=\"{&quot;titleMultiColor&quot;:&quot;no&quot;}\"><div class=\"bdt-ep-advanced-heading-content bdt-visible@m\"><div class=\"bdt-transform-origin-top-left\">Africa development\nconsultingroup<\/div><\/div><h2 class=\"bdt-ep-advanced-heading-title\"><span class=\"bdt-ep-advanced-heading-main-title\"><span class=\"bdt-ep-advanced-heading-main-title-inner\">SOCIAL ACCEPTABILITY<\/span><\/span><\/h2><\/div>\t\t\t\t<\/div>\n\t\t\t\t<\/div>\n\t\t\t\t<div class=\"elementor-element elementor-element-97b2293 elementor-invisible elementor-widget elementor-widget-text-editor\" data-id=\"97b2293\" data-element_type=\"widget\" data-settings=\"{&quot;_animation&quot;:&quot;fadeInUp&quot;,&quot;_animation_delay&quot;:400,&quot;ekit_we_effect_on&quot;:&quot;none&quot;}\" data-widget_type=\"text-editor.default\">\n\t\t\t\t<div class=\"elementor-widget-container\">\n\t\t\t\t\t\t\t\t\t<p class=\"p1\">Social acceptability is the result of a collective judgment regarding a project, plan or policy. It is the result of a process of social dialogue between the decision-maker or promoter and the communities affected by the project.<\/p><p class=\"p1\">When your project raises interest or concerns within the community, our social issues analysis helps you identify common interests and build a lasting relationship of trust with local stakeholders.<\/p><p class=\"p1\">Our team offers a structured approach to the social acceptability of your project. Our solutions, at each stage of your project, are based on the relationship of trust established. Our communication strategies and tools are adapted to your needs and context. We accompany you towards success.<\/p>\t\t\t\t\t\t\t\t<\/div>\n\t\t\t\t<\/div>\n\t\t\t\t\t<\/div>\n\t\t<\/div>\n\t\t\t\t\t<\/div>\n\t\t<\/section>\n\t\t\t\t<section data-particle_enable=\"false\" data-particle-mobile-disabled=\"false\" class=\"elementor-section elementor-top-section elementor-element elementor-element-4d146ca4 elementor-section-full_width elementor-section-stretched elementor-section-height-default elementor-section-height-default\" data-id=\"4d146ca4\" data-element_type=\"section\" data-settings=\"{&quot;stretch_section&quot;:&quot;section-stretched&quot;,&quot;background_background&quot;:&quot;classic&quot;,&quot;ekit_has_onepagescroll_dot&quot;:&quot;yes&quot;}\">\n\t\t\t\t\t\t\t<div class=\"elementor-background-overlay\"><\/div>\n\t\t\t\t\t\t\t<div class=\"elementor-container elementor-column-gap-default\">\n\t\t\t\t\t<div class=\"elementor-column elementor-col-100 elementor-top-column elementor-element elementor-element-7239fffa\" data-id=\"7239fffa\" data-element_type=\"column\">\n\t\t\t<div class=\"elementor-widget-wrap elementor-element-populated\">\n\t\t\t\t\t\t<section data-particle_enable=\"false\" data-particle-mobile-disabled=\"false\" class=\"elementor-section elementor-inner-section elementor-element elementor-element-75c159b1 elementor-section-full_width elementor-section-height-default elementor-section-height-default\" data-id=\"75c159b1\" data-element_type=\"section\" data-settings=\"{&quot;background_background&quot;:&quot;classic&quot;,&quot;ekit_has_onepagescroll_dot&quot;:&quot;yes&quot;}\">\n\t\t\t\t\t\t<div class=\"elementor-container elementor-column-gap-default\">\n\t\t\t\t\t<div class=\"elementor-column elementor-col-33 elementor-inner-column elementor-element elementor-element-1379998d\" data-id=\"1379998d\" data-element_type=\"column\">\n\t\t\t<div class=\"elementor-widget-wrap\">\n\t\t\t\t\t\t\t<\/div>\n\t\t<\/div>\n\t\t\t\t<div class=\"elementor-column elementor-col-33 elementor-inner-column elementor-element elementor-element-96d09b9\" data-id=\"96d09b9\" data-element_type=\"column\">\n\t\t\t<div class=\"elementor-widget-wrap elementor-element-populated\">\n\t\t\t\t\t\t<div class=\"elementor-element elementor-element-9ae567f elementor-widget elementor-widget-elementskit-heading\" data-id=\"9ae567f\" data-element_type=\"widget\" data-settings=\"{&quot;ekit_we_effect_on&quot;:&quot;none&quot;}\" data-widget_type=\"elementskit-heading.default\">\n\t\t\t\t<div class=\"elementor-widget-container\">\n\t\t\t\t\t<div class=\"ekit-wid-con\" ><div class=\"ekit-heading elementskit-section-title-wraper text_center   ekit_heading_tablet-   ekit_heading_mobile-\"><h3 class=\"elementskit-section-subtitle  elementskit-style-border\">\n\t\t\t\t\t\tAfrica development consulting Group\n\t\t\t\t\t<\/h3><h2 class=\"ekit-heading--title elementskit-section-title\">Our team<\/h2>\t\t\t\t<div class='ekit-heading__description'>\n\t\t\t\t\t<p class=\"p1\"><span style=\"color: #000000\">Our professionals accompany you in the realization of your projects.<\/span><\/p>\n\t\t\t\t<\/div>\n\t\t\t<\/div><\/div>\t\t\t\t<\/div>\n\t\t\t\t<\/div>\n\t\t\t\t\t<\/div>\n\t\t<\/div>\n\t\t\t\t<div class=\"elementor-column elementor-col-33 elementor-inner-column elementor-element elementor-element-722d9b50\" data-id=\"722d9b50\" data-element_type=\"column\">\n\t\t\t<div class=\"elementor-widget-wrap\">\n\t\t\t\t\t\t\t<\/div>\n\t\t<\/div>\n\t\t\t\t\t<\/div>\n\t\t<\/section>\n\t\t\t\t<section data-particle_enable=\"false\" data-particle-mobile-disabled=\"false\" class=\"elementor-section elementor-inner-section elementor-element elementor-element-73ce4e55 elementor-section-full_width elementor-section-height-default elementor-section-height-default\" data-id=\"73ce4e55\" data-element_type=\"section\" data-settings=\"{&quot;ekit_has_onepagescroll_dot&quot;:&quot;yes&quot;}\">\n\t\t\t\t\t\t<div class=\"elementor-container elementor-column-gap-default\">\n\t\t\t\t\t<div class=\"elementor-column elementor-col-33 elementor-inner-column elementor-element elementor-element-447b57b1\" data-id=\"447b57b1\" data-element_type=\"column\">\n\t\t\t<div class=\"elementor-widget-wrap elementor-element-populated\">\n\t\t\t\t\t\t<div class=\"elementor-element elementor-element-624e1497 elementor-widget elementor-widget-text-editor\" data-id=\"624e1497\" data-element_type=\"widget\" data-settings=\"{&quot;ekit_we_effect_on&quot;:&quot;none&quot;}\" data-widget_type=\"text-editor.default\">\n\t\t\t\t<div class=\"elementor-widget-container\">\n\t\t\t\t\t\t\t\t\t<ul>\n<li class=\"li3\"><span class=\"s2\">writes the environmental impact study;\u00a0<\/span><\/li>\n<li class=\"li3\"><span class=\"s2\">integrates environmental, social and economic issues into your studies;<\/span><\/li>\n<li class=\"li3\"><span class=\"s2\">analyzes the impacts of your project on the environment;<\/span><\/li>\n<li class=\"li3\"><span class=\"s2\">recommends mitigation measures and solutions to reduce impacts;<\/span><\/li>\n<li class=\"li3\"><span class=\"s2\">helps to configure your project according to the particularities of the environment;<\/span><\/li>\n<li class=\"li3\"><span class=\"s2\">prepares and implements environmental monitoring and follow-up programs;<\/span><\/li>\n<li class=\"li3\"><span class=\"s2\">plans and organizes public consultations and community relations;<\/span><\/li>\n<li class=\"li2\"><span class=\"s1\">implements project management protocols<\/span><\/li>\n<li class=\"li2\"><span class=\"s1\">implements an environmental action plan<\/span><\/li>\n<\/ul>\t\t\t\t\t\t\t\t<\/div>\n\t\t\t\t<\/div>\n\t\t\t\t\t<\/div>\n\t\t<\/div>\n\t\t\t\t<div class=\"elementor-column elementor-col-33 elementor-inner-column elementor-element elementor-element-30643c0b\" data-id=\"30643c0b\" data-element_type=\"column\">\n\t\t\t<div class=\"elementor-widget-wrap elementor-element-populated\">\n\t\t\t\t\t\t<div class=\"elementor-element elementor-element-1540850d elementor-widget elementor-widget-text-editor\" data-id=\"1540850d\" data-element_type=\"widget\" data-settings=\"{&quot;ekit_we_effect_on&quot;:&quot;none&quot;}\" data-widget_type=\"text-editor.default\">\n\t\t\t\t<div class=\"elementor-widget-container\">\n\t\t\t\t\t\t\t\t\t<ul>\n<li class=\"li4\"><span class=\"s2\">water management assistance<\/span><\/li>\n<li class=\"li4\"><span class=\"s2\">analyses the quality of the water<\/span><\/li>\n<li class=\"li4\"><span class=\"s2\">conducts studies of wetlands, hydrology, watersheds, etc.<\/span><\/li>\n<li class=\"li3\"><span class=\"s2\">analyzes the geospatial data associated with your project;<\/span><\/li>\n<\/ul>\n<ul class=\"ul1\">\n<li class=\"li1\"><span class=\"s1\">helps design your project while respecting the physical, biological and human environments;<\/span><\/li>\n<li class=\"li1\"><span class=\"s1\">designs thematic maps to illustrate complex or numerous issues;<\/span><\/li>\n<li class=\"li1\"><span class=\"s1\">photo-interprets relief, forest stands, wetlands and land use;<\/span><\/li>\n<li class=\"li1\"><span class=\"s1\">processes LIDAR data and manages the corresponding imagery;<\/span><\/li>\n<li class=\"li1\"><span class=\"s1\">puts geomatics at the heart of your projects<\/span><\/li>\n<\/ul>\t\t\t\t\t\t\t\t<\/div>\n\t\t\t\t<\/div>\n\t\t\t\t\t<\/div>\n\t\t<\/div>\n\t\t\t\t<div class=\"elementor-column elementor-col-33 elementor-inner-column elementor-element elementor-element-714c9519\" data-id=\"714c9519\" data-element_type=\"column\">\n\t\t\t<div class=\"elementor-widget-wrap elementor-element-populated\">\n\t\t\t\t\t\t<div class=\"elementor-element elementor-element-40ffc864 elementor-widget elementor-widget-text-editor\" data-id=\"40ffc864\" data-element_type=\"widget\" data-settings=\"{&quot;ekit_we_effect_on&quot;:&quot;none&quot;}\" data-widget_type=\"text-editor.default\">\n\t\t\t\t<div class=\"elementor-widget-container\">\n\t\t\t\t\t\t\t\t\t<ul>\n<li class=\"li1\"><span class=\"s1\">develops monitoring and follow-up programs<\/span><\/li>\n<li class=\"li1\"><span class=\"s1\">offers environmental solutions to contractors and authorities;<\/span><\/li>\n<li class=\"li1\"><span class=\"s1\">documents the results of the follow-ups;<\/span><\/li>\n<li class=\"li1\"><span class=\"s1\">follows up with the responsible authorities;<\/span><\/li>\n<li class=\"li2\"><span class=\"s1\">anticipates the elements of your project that will generate reactions because of the impacts on the environment;\u00a0<\/span><\/li>\n<li class=\"li2\"><span class=\"s1\">creates and leads liaison, monitoring and vigilance committees;<\/span><\/li>\n<li class=\"li2\"><span class=\"s1\">conducts information and consultation sessions;<\/span><\/li>\n<li class=\"li2\"><span class=\"s1\">measures the effectiveness and success of your social acceptability process;<\/span><\/li>\n<li class=\"li2\"><span class=\"s1\">provides you with all the necessary tools to manage your project<\/span><\/li>\n<\/ul>\t\t\t\t\t\t\t\t<\/div>\n\t\t\t\t<\/div>\n\t\t\t\t\t<\/div>\n\t\t<\/div>\n\t\t\t\t\t<\/div>\n\t\t<\/section>\n\t\t\t\t\t<\/div>\n\t\t<\/div>\n\t\t\t\t\t<\/div>\n\t\t<\/section>\n\t\t\t\t<\/div>","protected":false},"excerpt":{"rendered":"<p>Africa development consultingroup ACCEPTABILIT\u00c9 SOCIALE L\u2019acceptabilit\u00e9 sociale est le r\u00e9sultat d\u2019un jugement collectif \u00e0 l\u2019\u00e9gard d\u2019un projet, d\u2019un plan ou d\u2019une politique. Elle est le r\u00e9sultat d\u2019un processus de dialogue social entre le d\u00e9cideur ou le promoteur et les communaut\u00e9s concern\u00e9es par le projet. Lorsque votre projet suscite de l\u2019int\u00e9r\u00eat ou des pr\u00e9occupations au sein [&hellip;]<\/p>","protected":false},"author":1,"featured_media":0,"parent":0,"menu_order":0,"comment_status":"closed","ping_status":"closed","template":"elementor_header_footer","meta":{"_editorskit_title_hidden":false,"_editorskit_reading_time":0,"_editorskit_is_block_options_detached":false,"_editorskit_block_options_position":"{}","footnotes":""},"class_list":["post-1825","page","type-page","status-publish","hentry"],"_links":{"self":[{"href":"https:\/\/africadevelopmentconsultingroup.com\/en\/wp-json\/wp\/v2\/pages\/1825","targetHints":{"allow":["GET"]}}],"collection":[{"href":"https:\/\/africadevelopmentconsultingroup.com\/en\/wp-json\/wp\/v2\/pages"}],"about":[{"href":"https:\/\/africadevelopmentconsultingroup.com\/en\/wp-json\/wp\/v2\/types\/page"}],"author":[{"embeddable":true,"href":"https:\/\/africadevelopmentconsultingroup.com\/en\/wp-json\/wp\/v2\/users\/1"}],"replies":[{"embeddable":true,"href":"https:\/\/africadevelopmentconsultingroup.com\/en\/wp-json\/wp\/v2\/comments?post=1825"}],"version-history":[{"count":19,"href":"https:\/\/africadevelopmentconsultingroup.com\/en\/wp-json\/wp\/v2\/pages\/1825\/revisions"}],"predecessor-version":[{"id":4096,"href":"https:\/\/africadevelopmentconsultingroup.com\/en\/wp-json\/wp\/v2\/pages\/1825\/revisions\/4096"}],"wp:attachment":[{"href":"https:\/\/africadevelopmentconsultingroup.com\/en\/wp-json\/wp\/v2\/media?parent=1825"}],"curies":[{"name":"wp","href":"https:\/\/api.w.org\/{rel}","templated":true}]}}