{"id":1810,"date":"2022-12-08T18:58:44","date_gmt":"2022-12-08T18:58:44","guid":{"rendered":"https:\/\/africadevelopmentconsultingroup.com\/?page_id=1810"},"modified":"2023-02-28T08:40:37","modified_gmt":"2023-02-28T08:40:37","slug":"cartographie-sig-geomatique","status":"publish","type":"page","link":"https:\/\/africadevelopmentconsultingroup.com\/en\/cartographie-sig-geomatique\/","title":{"rendered":"CARTOGRAPHIE, SIG &#038; G\u00c9OMATIQUE"},"content":{"rendered":"<div data-elementor-type=\"wp-page\" data-elementor-id=\"1810\" class=\"elementor elementor-1810\" data-elementor-post-type=\"page\">\n\t\t\t\t\t\t<section data-particle_enable=\"false\" data-particle-mobile-disabled=\"false\" class=\"elementor-section elementor-top-section elementor-element elementor-element-4e4114b6 elementor-section-full_width elementor-section-stretched elementor-section-height-default elementor-section-height-default\" data-id=\"4e4114b6\" data-element_type=\"section\" data-settings=\"{&quot;background_background&quot;:&quot;gradient&quot;,&quot;stretch_section&quot;:&quot;section-stretched&quot;,&quot;ekit_has_onepagescroll_dot&quot;:&quot;yes&quot;}\">\n\t\t\t\t\t\t\t<div class=\"elementor-background-overlay\"><\/div>\n\t\t\t\t\t\t\t<div class=\"elementor-container elementor-column-gap-default\">\n\t\t\t\t\t<div class=\"elementor-column elementor-col-50 elementor-top-column elementor-element elementor-element-6eb15d83\" data-id=\"6eb15d83\" data-element_type=\"column\" data-settings=\"{&quot;background_background&quot;:&quot;classic&quot;}\">\n\t\t\t<div class=\"elementor-widget-wrap elementor-element-populated\">\n\t\t\t\t\t\t<div class=\"elementor-element elementor-element-6252d502 elementor-widget elementor-widget-image\" data-id=\"6252d502\" data-element_type=\"widget\" data-settings=\"{&quot;ekit_we_effect_on&quot;:&quot;none&quot;}\" data-widget_type=\"image.default\">\n\t\t\t\t<div class=\"elementor-widget-container\">\n\t\t\t\t\t\t\t\t\t\t\t\t\t\t\t<img fetchpriority=\"high\" decoding=\"async\" width=\"667\" height=\"1000\" src=\"https:\/\/africadevelopmentconsultingroup.com\/wp-content\/uploads\/2022\/10\/mission.jpeg\" class=\"attachment-large size-large wp-image-932\" alt=\"\" srcset=\"https:\/\/africadevelopmentconsultingroup.com\/wp-content\/uploads\/2022\/10\/mission.jpeg 667w, https:\/\/africadevelopmentconsultingroup.com\/wp-content\/uploads\/2022\/10\/mission-200x300.jpeg 200w\" sizes=\"(max-width: 667px) 100vw, 667px\" \/>\t\t\t\t\t\t\t\t\t\t\t\t\t\t\t<\/div>\n\t\t\t\t<\/div>\n\t\t\t\t\t<\/div>\n\t\t<\/div>\n\t\t\t\t<div class=\"elementor-column elementor-col-50 elementor-top-column elementor-element elementor-element-4158dd6f\" data-id=\"4158dd6f\" data-element_type=\"column\" data-settings=\"{&quot;background_background&quot;:&quot;classic&quot;}\">\n\t\t\t<div class=\"elementor-widget-wrap elementor-element-populated\">\n\t\t\t\t\t\t<div class=\"elementor-element elementor-element-ac8f0df elementor-widget elementor-widget-bdt-advanced-heading\" data-id=\"ac8f0df\" data-element_type=\"widget\" data-settings=\"{&quot;ekit_we_effect_on&quot;:&quot;none&quot;}\" data-widget_type=\"bdt-advanced-heading.default\">\n\t\t\t\t<div class=\"elementor-widget-container\">\n\t\t\t\t\t<div id =\"ac8f0df\" class=\"bdt-ep-advanced-heading\" data-settings=\"{&quot;titleMultiColor&quot;:&quot;no&quot;}\"><div class=\"bdt-ep-advanced-heading-content bdt-visible@m\"><div class=\"bdt-transform-origin-top-left\">Africa development\nconsultingroup<\/div><\/div><h2 class=\"bdt-ep-advanced-heading-title\"><span class=\"bdt-ep-advanced-heading-main-title\"><span class=\"bdt-ep-advanced-heading-main-title-inner\">CARTOGRAPHY, GIS &amp; GEOMATICS<\/span><\/span><\/h2><\/div>\t\t\t\t<\/div>\n\t\t\t\t<\/div>\n\t\t\t\t<div class=\"elementor-element elementor-element-7e58c963 elementor-invisible elementor-widget elementor-widget-text-editor\" data-id=\"7e58c963\" data-element_type=\"widget\" data-settings=\"{&quot;_animation&quot;:&quot;fadeInUp&quot;,&quot;_animation_delay&quot;:400,&quot;ekit_we_effect_on&quot;:&quot;none&quot;}\" data-widget_type=\"text-editor.default\">\n\t\t\t\t<div class=\"elementor-widget-container\">\n\t\t\t\t\t\t\t\t\t<p class=\"p1\">The cartography has for goal the conception, the production, the diffusion and the study of the maps. Our office has mapping software following a Geographic Information System (GIS), such as Mapinfo or AutoCad.\u00a0<\/p><p class=\"p1\">A GIS is a computer system allowing, from various sources, to gather and organize, manage, analyze and combine, elaborate and present geographically localized information, contributing in particular to the management of space (Soci\u00e9t\u00e9 fran\u00e7aise de photogramm\u00e9trie et t\u00e9l\u00e9d\u00e9tection, 1989).<\/p><p class=\"p1\">Geomatics is the modern discipline that integrates the collection, storage, processing, modeling, analysis, and dissemination of spatial data and location information. It encompasses surveying, hydrography, cartography, remote sensing (often called earth observation) and geographic information processing using geographic information systems (often called GIS).<\/p><p class=\"p1\">Africa Development Consulting Group offers a turnkey service for structured and secure management of your data. Our professionals collect, create, store, process, model, analyze and disseminate spatial data related to environmental issues.<\/p><p class=\"p1\">ADCG takes on the challenges of designing and implementing your project. Our mapping and geomatics team understands your needs and responds effectively.<\/p>\t\t\t\t\t\t\t\t<\/div>\n\t\t\t\t<\/div>\n\t\t\t\t\t<\/div>\n\t\t<\/div>\n\t\t\t\t\t<\/div>\n\t\t<\/section>\n\t\t\t\t<section data-particle_enable=\"false\" data-particle-mobile-disabled=\"false\" class=\"elementor-section elementor-top-section elementor-element elementor-element-483630ff elementor-section-full_width elementor-section-stretched elementor-section-height-default elementor-section-height-default\" data-id=\"483630ff\" data-element_type=\"section\" data-settings=\"{&quot;stretch_section&quot;:&quot;section-stretched&quot;,&quot;background_background&quot;:&quot;classic&quot;,&quot;ekit_has_onepagescroll_dot&quot;:&quot;yes&quot;}\">\n\t\t\t\t\t\t\t<div class=\"elementor-background-overlay\"><\/div>\n\t\t\t\t\t\t\t<div class=\"elementor-container elementor-column-gap-default\">\n\t\t\t\t\t<div class=\"elementor-column elementor-col-100 elementor-top-column elementor-element elementor-element-152cb04c\" data-id=\"152cb04c\" data-element_type=\"column\">\n\t\t\t<div class=\"elementor-widget-wrap elementor-element-populated\">\n\t\t\t\t\t\t<section data-particle_enable=\"false\" data-particle-mobile-disabled=\"false\" class=\"elementor-section elementor-inner-section elementor-element elementor-element-766fef5e elementor-section-full_width elementor-section-height-default elementor-section-height-default\" data-id=\"766fef5e\" data-element_type=\"section\" data-settings=\"{&quot;background_background&quot;:&quot;classic&quot;,&quot;ekit_has_onepagescroll_dot&quot;:&quot;yes&quot;}\">\n\t\t\t\t\t\t<div class=\"elementor-container elementor-column-gap-default\">\n\t\t\t\t\t<div class=\"elementor-column elementor-col-33 elementor-inner-column elementor-element elementor-element-6efedaa5\" data-id=\"6efedaa5\" data-element_type=\"column\">\n\t\t\t<div class=\"elementor-widget-wrap\">\n\t\t\t\t\t\t\t<\/div>\n\t\t<\/div>\n\t\t\t\t<div class=\"elementor-column elementor-col-33 elementor-inner-column elementor-element elementor-element-1be11bb2\" data-id=\"1be11bb2\" data-element_type=\"column\">\n\t\t\t<div class=\"elementor-widget-wrap elementor-element-populated\">\n\t\t\t\t\t\t<div class=\"elementor-element elementor-element-80f0961 elementor-widget elementor-widget-elementskit-heading\" data-id=\"80f0961\" data-element_type=\"widget\" data-settings=\"{&quot;ekit_we_effect_on&quot;:&quot;none&quot;}\" data-widget_type=\"elementskit-heading.default\">\n\t\t\t\t<div class=\"elementor-widget-container\">\n\t\t\t\t\t<div class=\"ekit-wid-con\" ><div class=\"ekit-heading elementskit-section-title-wraper text_center   ekit_heading_tablet-   ekit_heading_mobile-\"><h3 class=\"elementskit-section-subtitle  elementskit-style-border\">\n\t\t\t\t\t\tAfrica development consulting Group\n\t\t\t\t\t<\/h3><h2 class=\"ekit-heading--title elementskit-section-title\">Our team<\/h2>\t\t\t\t<div class='ekit-heading__description'>\n\t\t\t\t\t<p class=\"p1\"><span style=\"color: #000000\">Our professionals accompany you in the realization of your projects.<\/span><\/p>\n\t\t\t\t<\/div>\n\t\t\t<\/div><\/div>\t\t\t\t<\/div>\n\t\t\t\t<\/div>\n\t\t\t\t\t<\/div>\n\t\t<\/div>\n\t\t\t\t<div class=\"elementor-column elementor-col-33 elementor-inner-column elementor-element elementor-element-1cbe1b9b\" data-id=\"1cbe1b9b\" data-element_type=\"column\">\n\t\t\t<div class=\"elementor-widget-wrap\">\n\t\t\t\t\t\t\t<\/div>\n\t\t<\/div>\n\t\t\t\t\t<\/div>\n\t\t<\/section>\n\t\t\t\t<section data-particle_enable=\"false\" data-particle-mobile-disabled=\"false\" class=\"elementor-section elementor-inner-section elementor-element elementor-element-1b02ae5c elementor-section-full_width elementor-section-height-default elementor-section-height-default\" data-id=\"1b02ae5c\" data-element_type=\"section\" data-settings=\"{&quot;ekit_has_onepagescroll_dot&quot;:&quot;yes&quot;}\">\n\t\t\t\t\t\t<div class=\"elementor-container elementor-column-gap-default\">\n\t\t\t\t\t<div class=\"elementor-column elementor-col-33 elementor-inner-column elementor-element elementor-element-45b3c608\" data-id=\"45b3c608\" data-element_type=\"column\">\n\t\t\t<div class=\"elementor-widget-wrap elementor-element-populated\">\n\t\t\t\t\t\t<div class=\"elementor-element elementor-element-372561c elementor-widget elementor-widget-text-editor\" data-id=\"372561c\" data-element_type=\"widget\" data-settings=\"{&quot;ekit_we_effect_on&quot;:&quot;none&quot;}\" data-widget_type=\"text-editor.default\">\n\t\t\t\t<div class=\"elementor-widget-container\">\n\t\t\t\t\t\t\t\t\t<ul>\n<li class=\"li3\"><span class=\"s2\">writes the environmental impact study;\u00a0<\/span><\/li>\n<li class=\"li3\"><span class=\"s2\">integrates environmental, social and economic issues into your studies;<\/span><\/li>\n<li class=\"li3\"><span class=\"s2\">analyzes the impacts of your project on the environment;<\/span><\/li>\n<li class=\"li3\"><span class=\"s2\">recommends mitigation measures and solutions to reduce impacts;<\/span><\/li>\n<li class=\"li3\"><span class=\"s2\">helps to configure your project according to the particularities of the environment;<\/span><\/li>\n<li class=\"li3\"><span class=\"s2\">prepares and implements environmental monitoring and follow-up programs;<\/span><\/li>\n<li class=\"li3\"><span class=\"s2\">plans and organizes public consultations and community relations;<\/span><\/li>\n<li class=\"li2\"><span class=\"s1\">implements project management protocols<\/span><\/li>\n<li class=\"li2\"><span class=\"s1\">implements an environmental action plan<\/span><\/li>\n<\/ul>\t\t\t\t\t\t\t\t<\/div>\n\t\t\t\t<\/div>\n\t\t\t\t\t<\/div>\n\t\t<\/div>\n\t\t\t\t<div class=\"elementor-column elementor-col-33 elementor-inner-column elementor-element elementor-element-72d34e7f\" data-id=\"72d34e7f\" data-element_type=\"column\">\n\t\t\t<div class=\"elementor-widget-wrap elementor-element-populated\">\n\t\t\t\t\t\t<div class=\"elementor-element elementor-element-4c4387be elementor-widget elementor-widget-text-editor\" data-id=\"4c4387be\" data-element_type=\"widget\" data-settings=\"{&quot;ekit_we_effect_on&quot;:&quot;none&quot;}\" data-widget_type=\"text-editor.default\">\n\t\t\t\t<div class=\"elementor-widget-container\">\n\t\t\t\t\t\t\t\t\t<ul>\n<li class=\"li4\"><span class=\"s2\">water management assistance<\/span><\/li>\n<li class=\"li4\"><span class=\"s2\">analyses the quality of the water<\/span><\/li>\n<li class=\"li4\"><span class=\"s2\">conducts studies of wetlands, hydrology, watersheds, etc.<\/span><\/li>\n<li class=\"li3\"><span class=\"s2\">analyzes the geospatial data associated with your project;<\/span><\/li>\n<\/ul>\n<ul class=\"ul1\">\n<li class=\"li1\"><span class=\"s1\">helps design your project while respecting the physical, biological and human environments;<\/span><\/li>\n<li class=\"li1\"><span class=\"s1\">designs thematic maps to illustrate complex or numerous issues;<\/span><\/li>\n<li class=\"li1\"><span class=\"s1\">photo-interprets relief, forest stands, wetlands and land use;<\/span><\/li>\n<li class=\"li1\"><span class=\"s1\">processes LIDAR data and manages the corresponding imagery;<\/span><\/li>\n<li class=\"li1\"><span class=\"s1\">puts geomatics at the heart of your projects<\/span><\/li>\n<\/ul>\t\t\t\t\t\t\t\t<\/div>\n\t\t\t\t<\/div>\n\t\t\t\t\t<\/div>\n\t\t<\/div>\n\t\t\t\t<div class=\"elementor-column elementor-col-33 elementor-inner-column elementor-element elementor-element-7b826b7c\" data-id=\"7b826b7c\" data-element_type=\"column\">\n\t\t\t<div class=\"elementor-widget-wrap elementor-element-populated\">\n\t\t\t\t\t\t<div class=\"elementor-element elementor-element-1b56128b elementor-widget elementor-widget-text-editor\" data-id=\"1b56128b\" data-element_type=\"widget\" data-settings=\"{&quot;ekit_we_effect_on&quot;:&quot;none&quot;}\" data-widget_type=\"text-editor.default\">\n\t\t\t\t<div class=\"elementor-widget-container\">\n\t\t\t\t\t\t\t\t\t<ul>\n<li class=\"li1\"><span class=\"s1\">develops monitoring and follow-up programs<\/span><\/li>\n<li class=\"li1\"><span class=\"s1\">offers environmental solutions to contractors and authorities;<\/span><\/li>\n<li class=\"li1\"><span class=\"s1\">documents the results of the follow-ups;<\/span><\/li>\n<li class=\"li1\"><span class=\"s1\">follows up with the responsible authorities;<\/span><\/li>\n<li class=\"li2\"><span class=\"s1\">anticipates the elements of your project that will generate reactions because of the impacts on the environment;\u00a0<\/span><\/li>\n<li class=\"li2\"><span class=\"s1\">creates and leads liaison, monitoring and vigilance committees;<\/span><\/li>\n<li class=\"li2\"><span class=\"s1\">conducts information and consultation sessions;<\/span><\/li>\n<li class=\"li2\"><span class=\"s1\">measures the effectiveness and success of your social acceptability process;<\/span><\/li>\n<li class=\"li2\"><span class=\"s1\">provides you with all the necessary tools to manage your project<\/span><\/li>\n<\/ul>\t\t\t\t\t\t\t\t<\/div>\n\t\t\t\t<\/div>\n\t\t\t\t\t<\/div>\n\t\t<\/div>\n\t\t\t\t\t<\/div>\n\t\t<\/section>\n\t\t\t\t\t<\/div>\n\t\t<\/div>\n\t\t\t\t\t<\/div>\n\t\t<\/section>\n\t\t\t\t<\/div>","protected":false},"excerpt":{"rendered":"<p>Africa development consultingroup CARTOGRAPHIE, SIG &#038; G\u00c9OMATIQUE La cartographie a pour but la conception, la production, la diffusion et de l\u2019\u00e9tude des cartes. Notre bureau d\u2019\u00e9tude poss\u00e8de des logiciels de cartographie suivant un Syst\u00e8me d\u2019Information G\u00e9ographique (SIG), tel que Mapinfo ou AutoCad.\u00a0 Un SIG est un syst\u00e8me informatique permettant \u00e0 partir de diverses sources, de [&hellip;]<\/p>","protected":false},"author":1,"featured_media":0,"parent":0,"menu_order":0,"comment_status":"closed","ping_status":"closed","template":"elementor_header_footer","meta":{"_editorskit_title_hidden":false,"_editorskit_reading_time":0,"_editorskit_is_block_options_detached":false,"_editorskit_block_options_position":"{}","footnotes":""},"class_list":["post-1810","page","type-page","status-publish","hentry"],"_links":{"self":[{"href":"https:\/\/africadevelopmentconsultingroup.com\/en\/wp-json\/wp\/v2\/pages\/1810","targetHints":{"allow":["GET"]}}],"collection":[{"href":"https:\/\/africadevelopmentconsultingroup.com\/en\/wp-json\/wp\/v2\/pages"}],"about":[{"href":"https:\/\/africadevelopmentconsultingroup.com\/en\/wp-json\/wp\/v2\/types\/page"}],"author":[{"embeddable":true,"href":"https:\/\/africadevelopmentconsultingroup.com\/en\/wp-json\/wp\/v2\/users\/1"}],"replies":[{"embeddable":true,"href":"https:\/\/africadevelopmentconsultingroup.com\/en\/wp-json\/wp\/v2\/comments?post=1810"}],"version-history":[{"count":19,"href":"https:\/\/africadevelopmentconsultingroup.com\/en\/wp-json\/wp\/v2\/pages\/1810\/revisions"}],"predecessor-version":[{"id":4102,"href":"https:\/\/africadevelopmentconsultingroup.com\/en\/wp-json\/wp\/v2\/pages\/1810\/revisions\/4102"}],"wp:attachment":[{"href":"https:\/\/africadevelopmentconsultingroup.com\/en\/wp-json\/wp\/v2\/media?parent=1810"}],"curies":[{"name":"wp","href":"https:\/\/api.w.org\/{rel}","templated":true}]}}