{"id":1780,"date":"2022-12-08T18:23:48","date_gmt":"2022-12-08T18:23:48","guid":{"rendered":"https:\/\/africadevelopmentconsultingroup.com\/?page_id=1780"},"modified":"2023-02-28T08:29:14","modified_gmt":"2023-02-28T08:29:14","slug":"etudes-dimpact-environnemental-eie","status":"publish","type":"page","link":"https:\/\/africadevelopmentconsultingroup.com\/en\/etudes-dimpact-environnemental-eie\/","title":{"rendered":"\u00c9TUDES D&rsquo;IMPACT ENVIRONNEMENTAL (EIE)"},"content":{"rendered":"<div data-elementor-type=\"wp-page\" data-elementor-id=\"1780\" class=\"elementor elementor-1780\" data-elementor-post-type=\"page\">\n\t\t\t\t\t\t<section data-particle_enable=\"false\" data-particle-mobile-disabled=\"false\" class=\"elementor-section elementor-top-section elementor-element elementor-element-701c2204 elementor-section-full_width elementor-section-stretched elementor-section-height-default elementor-section-height-default\" data-id=\"701c2204\" data-element_type=\"section\" data-settings=\"{&quot;background_background&quot;:&quot;gradient&quot;,&quot;stretch_section&quot;:&quot;section-stretched&quot;,&quot;ekit_has_onepagescroll_dot&quot;:&quot;yes&quot;}\">\n\t\t\t\t\t\t\t<div class=\"elementor-background-overlay\"><\/div>\n\t\t\t\t\t\t\t<div class=\"elementor-container elementor-column-gap-default\">\n\t\t\t\t\t<div class=\"elementor-column elementor-col-50 elementor-top-column elementor-element elementor-element-584f4aef\" data-id=\"584f4aef\" data-element_type=\"column\" data-settings=\"{&quot;background_background&quot;:&quot;classic&quot;}\">\n\t\t\t<div class=\"elementor-widget-wrap elementor-element-populated\">\n\t\t\t\t\t\t<div class=\"elementor-element elementor-element-3b1f3fcd elementor-widget elementor-widget-image\" data-id=\"3b1f3fcd\" data-element_type=\"widget\" data-settings=\"{&quot;ekit_we_effect_on&quot;:&quot;none&quot;}\" data-widget_type=\"image.default\">\n\t\t\t\t<div class=\"elementor-widget-container\">\n\t\t\t\t\t\t\t\t\t\t\t\t\t\t\t<img fetchpriority=\"high\" decoding=\"async\" width=\"667\" height=\"1000\" src=\"https:\/\/africadevelopmentconsultingroup.com\/wp-content\/uploads\/2022\/10\/mission.jpeg\" class=\"attachment-large size-large wp-image-932\" alt=\"\" srcset=\"https:\/\/africadevelopmentconsultingroup.com\/wp-content\/uploads\/2022\/10\/mission.jpeg 667w, https:\/\/africadevelopmentconsultingroup.com\/wp-content\/uploads\/2022\/10\/mission-200x300.jpeg 200w\" sizes=\"(max-width: 667px) 100vw, 667px\" \/>\t\t\t\t\t\t\t\t\t\t\t\t\t\t\t<\/div>\n\t\t\t\t<\/div>\n\t\t\t\t\t<\/div>\n\t\t<\/div>\n\t\t\t\t<div class=\"elementor-column elementor-col-50 elementor-top-column elementor-element elementor-element-3aa2b59e\" data-id=\"3aa2b59e\" data-element_type=\"column\" data-settings=\"{&quot;background_background&quot;:&quot;classic&quot;}\">\n\t\t\t<div class=\"elementor-widget-wrap elementor-element-populated\">\n\t\t\t\t\t\t<div class=\"elementor-element elementor-element-0fb6475 elementor-widget elementor-widget-bdt-advanced-heading\" data-id=\"0fb6475\" data-element_type=\"widget\" data-settings=\"{&quot;ekit_we_effect_on&quot;:&quot;none&quot;}\" data-widget_type=\"bdt-advanced-heading.default\">\n\t\t\t\t<div class=\"elementor-widget-container\">\n\t\t\t\t\t<div id =\"0fb6475\" class=\"bdt-ep-advanced-heading\" data-settings=\"{&quot;titleMultiColor&quot;:&quot;no&quot;}\"><div class=\"bdt-ep-advanced-heading-content bdt-visible@m\"><div class=\"bdt-transform-origin-top-left\">Africa development\nconsultingroup<\/div><\/div><h2 class=\"bdt-ep-advanced-heading-title\"><span class=\"bdt-ep-advanced-heading-main-title\"><span class=\"bdt-ep-advanced-heading-main-title-inner\">ENVIRONMENTAL IMPACT ASSESSMENT (EIA)<\/span><\/span><\/h2><\/div>\t\t\t\t<\/div>\n\t\t\t\t<\/div>\n\t\t\t\t<div class=\"elementor-element elementor-element-62b81f7a elementor-invisible elementor-widget elementor-widget-text-editor\" data-id=\"62b81f7a\" data-element_type=\"widget\" data-settings=\"{&quot;_animation&quot;:&quot;fadeInUp&quot;,&quot;_animation_delay&quot;:400,&quot;ekit_we_effect_on&quot;:&quot;none&quot;}\" data-widget_type=\"text-editor.default\">\n\t\t\t\t<div class=\"elementor-widget-container\">\n\t\t\t\t\t\t\t\t\t<p class=\"p1\">Nowadays, a large majority of projects require environmental impact studies on the biophysical and human environments.\u00a0<\/p>\n<p class=\"p1\">These impact studies are necessary and, ultimately, mandatory for major projects. Environmental impact is the result of any form of modification of the environment, whether negative or positive, due to any activity undertaken directly or indirectly by humans.\u00a0<\/p>\n<p class=\"p1\">Environmental impact assessment is a process to identify and evaluate the risks of environmental impacts from a planned project. These risks can be assessed at the beginning, during and at the end of a project.\u00a0<\/p>\n<p class=\"p1\">The EIS establishes a set of measures that can be adopted to minimize adverse environmental effects or to reduce them to previously acceptable levels.\u00a0<\/p>\n<p class=\"p1\">The EIA therefore represents both a proactive and preventive approach to environmental management and protection for all business activities.\u00a0<\/p>\n<p class=\"p1\">Aware that the evaluation of an environmental impact is quantified through the measurement of potential impact indicators, Africa Development Consulting Group accompanies you at each stage of your project, according to an approach that prioritizes environmental issues. ADCG's professionals are there to ensure that your projects are environmentally sustainable.<\/p>\t\t\t\t\t\t\t\t<\/div>\n\t\t\t\t<\/div>\n\t\t\t\t\t<\/div>\n\t\t<\/div>\n\t\t\t\t\t<\/div>\n\t\t<\/section>\n\t\t\t\t<section data-particle_enable=\"false\" data-particle-mobile-disabled=\"false\" class=\"elementor-section elementor-top-section elementor-element elementor-element-84e16b0 elementor-section-full_width elementor-section-stretched elementor-section-height-default elementor-section-height-default\" data-id=\"84e16b0\" data-element_type=\"section\" data-settings=\"{&quot;stretch_section&quot;:&quot;section-stretched&quot;,&quot;background_background&quot;:&quot;classic&quot;,&quot;ekit_has_onepagescroll_dot&quot;:&quot;yes&quot;}\">\n\t\t\t\t\t\t\t<div class=\"elementor-background-overlay\"><\/div>\n\t\t\t\t\t\t\t<div class=\"elementor-container elementor-column-gap-default\">\n\t\t\t\t\t<div class=\"elementor-column elementor-col-100 elementor-top-column elementor-element elementor-element-b6f27b5\" data-id=\"b6f27b5\" data-element_type=\"column\">\n\t\t\t<div class=\"elementor-widget-wrap elementor-element-populated\">\n\t\t\t\t\t\t<section data-particle_enable=\"false\" data-particle-mobile-disabled=\"false\" class=\"elementor-section elementor-inner-section elementor-element elementor-element-2cbff43 elementor-section-full_width elementor-section-height-default elementor-section-height-default\" data-id=\"2cbff43\" data-element_type=\"section\" data-settings=\"{&quot;background_background&quot;:&quot;classic&quot;,&quot;ekit_has_onepagescroll_dot&quot;:&quot;yes&quot;}\">\n\t\t\t\t\t\t<div class=\"elementor-container elementor-column-gap-default\">\n\t\t\t\t\t<div class=\"elementor-column elementor-col-33 elementor-inner-column elementor-element elementor-element-8e5f0e2\" data-id=\"8e5f0e2\" data-element_type=\"column\">\n\t\t\t<div class=\"elementor-widget-wrap\">\n\t\t\t\t\t\t\t<\/div>\n\t\t<\/div>\n\t\t\t\t<div class=\"elementor-column elementor-col-33 elementor-inner-column elementor-element elementor-element-a7366a0\" data-id=\"a7366a0\" data-element_type=\"column\">\n\t\t\t<div class=\"elementor-widget-wrap elementor-element-populated\">\n\t\t\t\t\t\t<div class=\"elementor-element elementor-element-5bba85c elementor-widget elementor-widget-elementskit-heading\" data-id=\"5bba85c\" data-element_type=\"widget\" data-settings=\"{&quot;ekit_we_effect_on&quot;:&quot;none&quot;}\" data-widget_type=\"elementskit-heading.default\">\n\t\t\t\t<div class=\"elementor-widget-container\">\n\t\t\t\t\t<div class=\"ekit-wid-con\" ><div class=\"ekit-heading elementskit-section-title-wraper text_center   ekit_heading_tablet-   ekit_heading_mobile-\"><h3 class=\"elementskit-section-subtitle  elementskit-style-border\">\n\t\t\t\t\t\tAfrica development consulting Group\n\t\t\t\t\t<\/h3><h2 class=\"ekit-heading--title elementskit-section-title\">Our team<\/h2>\t\t\t\t<div class='ekit-heading__description'>\n\t\t\t\t\t<p class=\"p1\"><span style=\"color: #000000\">Our professionals accompany you in the realization of your projects.<\/span><\/p>\n\t\t\t\t<\/div>\n\t\t\t<\/div><\/div>\t\t\t\t<\/div>\n\t\t\t\t<\/div>\n\t\t\t\t\t<\/div>\n\t\t<\/div>\n\t\t\t\t<div class=\"elementor-column elementor-col-33 elementor-inner-column elementor-element elementor-element-dfbfbbc\" data-id=\"dfbfbbc\" data-element_type=\"column\">\n\t\t\t<div class=\"elementor-widget-wrap\">\n\t\t\t\t\t\t\t<\/div>\n\t\t<\/div>\n\t\t\t\t\t<\/div>\n\t\t<\/section>\n\t\t\t\t<section data-particle_enable=\"false\" data-particle-mobile-disabled=\"false\" class=\"elementor-section elementor-inner-section elementor-element elementor-element-8de559e elementor-section-full_width elementor-section-height-default elementor-section-height-default\" data-id=\"8de559e\" data-element_type=\"section\" data-settings=\"{&quot;ekit_has_onepagescroll_dot&quot;:&quot;yes&quot;}\">\n\t\t\t\t\t\t<div class=\"elementor-container elementor-column-gap-default\">\n\t\t\t\t\t<div class=\"elementor-column elementor-col-33 elementor-inner-column elementor-element elementor-element-45d28c2\" data-id=\"45d28c2\" data-element_type=\"column\">\n\t\t\t<div class=\"elementor-widget-wrap elementor-element-populated\">\n\t\t\t\t\t\t<div class=\"elementor-element elementor-element-37a5edf elementor-widget elementor-widget-text-editor\" data-id=\"37a5edf\" data-element_type=\"widget\" data-settings=\"{&quot;ekit_we_effect_on&quot;:&quot;none&quot;}\" data-widget_type=\"text-editor.default\">\n\t\t\t\t<div class=\"elementor-widget-container\">\n\t\t\t\t\t\t\t\t\t<ul>\n<li class=\"li3\"><span class=\"s2\">writes the environmental impact study;\u00a0<\/span><\/li>\n<li class=\"li3\"><span class=\"s2\">integrates environmental, social and economic issues into your studies;<\/span><\/li>\n<li class=\"li3\"><span class=\"s2\">analyzes the impacts of your project on the environment;<\/span><\/li>\n<li class=\"li3\"><span class=\"s2\">recommends mitigation measures and solutions to reduce impacts;<\/span><\/li>\n<li class=\"li3\"><span class=\"s2\">helps to configure your project according to the particularities of the environment;<\/span><\/li>\n<li class=\"li3\"><span class=\"s2\">prepares and implements environmental monitoring and follow-up programs;<\/span><\/li>\n<li class=\"li3\"><span class=\"s2\">plans and organizes public consultations and community relations;<\/span><\/li>\n<li class=\"li2\"><span class=\"s1\">implements project management protocols<\/span><\/li>\n<li class=\"li2\"><span class=\"s1\">implements an environmental action plan<\/span><\/li>\n<\/ul>\t\t\t\t\t\t\t\t<\/div>\n\t\t\t\t<\/div>\n\t\t\t\t\t<\/div>\n\t\t<\/div>\n\t\t\t\t<div class=\"elementor-column elementor-col-33 elementor-inner-column elementor-element elementor-element-8f4c87f\" data-id=\"8f4c87f\" data-element_type=\"column\">\n\t\t\t<div class=\"elementor-widget-wrap elementor-element-populated\">\n\t\t\t\t\t\t<div class=\"elementor-element elementor-element-3efb310 elementor-widget elementor-widget-text-editor\" data-id=\"3efb310\" data-element_type=\"widget\" data-settings=\"{&quot;ekit_we_effect_on&quot;:&quot;none&quot;}\" data-widget_type=\"text-editor.default\">\n\t\t\t\t<div class=\"elementor-widget-container\">\n\t\t\t\t\t\t\t\t\t<ul>\n<li class=\"li4\"><span class=\"s2\">water management assistance<\/span><\/li>\n<li class=\"li4\"><span class=\"s2\">analyses the quality of the water<\/span><\/li>\n<li class=\"li4\"><span class=\"s2\">conducts studies of wetlands, hydrology, watersheds, etc.<\/span><\/li>\n<li class=\"li3\"><span class=\"s2\">analyzes the geospatial data associated with your project;<\/span><\/li>\n<\/ul>\n<ul class=\"ul1\">\n<li class=\"li1\"><span class=\"s1\">helps design your project while respecting the physical, biological and human environments;<\/span><\/li>\n<li class=\"li1\"><span class=\"s1\">designs thematic maps to illustrate complex or numerous issues;<\/span><\/li>\n<li class=\"li1\"><span class=\"s1\">photo-interprets relief, forest stands, wetlands and land use;<\/span><\/li>\n<li class=\"li1\"><span class=\"s1\">processes LIDAR data and manages the corresponding imagery;<\/span><\/li>\n<li class=\"li1\"><span class=\"s1\">puts geomatics at the heart of your projects<\/span><\/li>\n<\/ul>\t\t\t\t\t\t\t\t<\/div>\n\t\t\t\t<\/div>\n\t\t\t\t\t<\/div>\n\t\t<\/div>\n\t\t\t\t<div class=\"elementor-column elementor-col-33 elementor-inner-column elementor-element elementor-element-d229d8c\" data-id=\"d229d8c\" data-element_type=\"column\">\n\t\t\t<div class=\"elementor-widget-wrap elementor-element-populated\">\n\t\t\t\t\t\t<div class=\"elementor-element elementor-element-adf8f08 elementor-widget elementor-widget-text-editor\" data-id=\"adf8f08\" data-element_type=\"widget\" data-settings=\"{&quot;ekit_we_effect_on&quot;:&quot;none&quot;}\" data-widget_type=\"text-editor.default\">\n\t\t\t\t<div class=\"elementor-widget-container\">\n\t\t\t\t\t\t\t\t\t<ul>\n<li class=\"li1\"><span class=\"s1\">develops monitoring and follow-up programs<\/span><\/li>\n<li class=\"li1\"><span class=\"s1\">offers environmental solutions to contractors and authorities;<\/span><\/li>\n<li class=\"li1\"><span class=\"s1\">documents the results of the follow-ups;<\/span><\/li>\n<li class=\"li1\"><span class=\"s1\">follows up with the responsible authorities;<\/span><\/li>\n<li class=\"li2\"><span class=\"s1\">anticipates the elements of your project that will generate reactions because of the impacts on the environment;\u00a0<\/span><\/li>\n<li class=\"li2\"><span class=\"s1\">creates and leads liaison, monitoring and vigilance committees;<\/span><\/li>\n<li class=\"li2\"><span class=\"s1\">conducts information and consultation sessions;<\/span><\/li>\n<li class=\"li2\"><span class=\"s1\">measures the effectiveness and success of your social acceptability process;<\/span><\/li>\n<li class=\"li2\"><span class=\"s1\">provides you with all the necessary tools to manage your project<\/span><\/li>\n<\/ul>\t\t\t\t\t\t\t\t<\/div>\n\t\t\t\t<\/div>\n\t\t\t\t\t<\/div>\n\t\t<\/div>\n\t\t\t\t\t<\/div>\n\t\t<\/section>\n\t\t\t\t\t<\/div>\n\t\t<\/div>\n\t\t\t\t\t<\/div>\n\t\t<\/section>\n\t\t\t\t<\/div>","protected":false},"excerpt":{"rendered":"<p>Africa development consultingroup \u00c9TUDES D&rsquo;IMPACT ENVIRONNEMENTAL (EIE) De nos jours, une grande majorit\u00e9 de projets n\u00e9cessitent des \u00e9tudes d\u2019impacts environnementales sur les milieux biophysique et humain.\u00a0 Ces \u00e9tudes d\u2019impacts sont n\u00e9cessaires et, \u00e0 la limite, obligatoires pour de grands projets. L\u2019impact environnemental est le r\u00e9sultat de toute forme de modifications de l\u2019environnement, qu\u2019elles soient n\u00e9gatives [&hellip;]<\/p>","protected":false},"author":1,"featured_media":0,"parent":0,"menu_order":0,"comment_status":"closed","ping_status":"closed","template":"elementor_header_footer","meta":{"_editorskit_title_hidden":false,"_editorskit_reading_time":0,"_editorskit_is_block_options_detached":false,"_editorskit_block_options_position":"{}","footnotes":""},"class_list":["post-1780","page","type-page","status-publish","hentry"],"_links":{"self":[{"href":"https:\/\/africadevelopmentconsultingroup.com\/en\/wp-json\/wp\/v2\/pages\/1780","targetHints":{"allow":["GET"]}}],"collection":[{"href":"https:\/\/africadevelopmentconsultingroup.com\/en\/wp-json\/wp\/v2\/pages"}],"about":[{"href":"https:\/\/africadevelopmentconsultingroup.com\/en\/wp-json\/wp\/v2\/types\/page"}],"author":[{"embeddable":true,"href":"https:\/\/africadevelopmentconsultingroup.com\/en\/wp-json\/wp\/v2\/users\/1"}],"replies":[{"embeddable":true,"href":"https:\/\/africadevelopmentconsultingroup.com\/en\/wp-json\/wp\/v2\/comments?post=1780"}],"version-history":[{"count":35,"href":"https:\/\/africadevelopmentconsultingroup.com\/en\/wp-json\/wp\/v2\/pages\/1780\/revisions"}],"predecessor-version":[{"id":4093,"href":"https:\/\/africadevelopmentconsultingroup.com\/en\/wp-json\/wp\/v2\/pages\/1780\/revisions\/4093"}],"wp:attachment":[{"href":"https:\/\/africadevelopmentconsultingroup.com\/en\/wp-json\/wp\/v2\/media?parent=1780"}],"curies":[{"name":"wp","href":"https:\/\/api.w.org\/{rel}","templated":true}]}}