{"id":1776,"date":"2022-12-08T18:05:37","date_gmt":"2022-12-08T18:05:37","guid":{"rendered":"https:\/\/africadevelopmentconsultingroup.com\/?page_id=1776"},"modified":"2023-02-28T09:36:18","modified_gmt":"2023-02-28T09:36:18","slug":"ingenierie-environnement","status":"publish","type":"page","link":"https:\/\/africadevelopmentconsultingroup.com\/en\/ingenierie-environnement\/","title":{"rendered":"ING\u00c9NIERIE ENVIRONNEMENT"},"content":{"rendered":"<div data-elementor-type=\"wp-page\" data-elementor-id=\"1776\" class=\"elementor elementor-1776\" data-elementor-post-type=\"page\">\n\t\t\t\t\t\t<section data-particle_enable=\"false\" data-particle-mobile-disabled=\"false\" class=\"elementor-section elementor-top-section elementor-element elementor-element-1fbfed9f elementor-section-boxed elementor-section-height-default elementor-section-height-default\" data-id=\"1fbfed9f\" data-element_type=\"section\" data-settings=\"{&quot;ekit_has_onepagescroll_dot&quot;:&quot;yes&quot;}\">\n\t\t\t\t\t\t<div class=\"elementor-container elementor-column-gap-default\">\n\t\t\t\t\t<div class=\"elementor-column elementor-col-33 elementor-top-column elementor-element elementor-element-520e7fa\" data-id=\"520e7fa\" data-element_type=\"column\">\n\t\t\t<div class=\"elementor-widget-wrap\">\n\t\t\t\t\t\t\t<\/div>\n\t\t<\/div>\n\t\t\t\t<div class=\"elementor-column elementor-col-66 elementor-top-column elementor-element elementor-element-1a74e61f\" data-id=\"1a74e61f\" data-element_type=\"column\">\n\t\t\t<div class=\"elementor-widget-wrap elementor-element-populated\">\n\t\t\t\t\t\t<div class=\"elementor-element elementor-element-1868a826 elementor-widget elementor-widget-heading\" data-id=\"1868a826\" data-element_type=\"widget\" data-settings=\"{&quot;ekit_we_effect_on&quot;:&quot;none&quot;}\" data-widget_type=\"heading.default\">\n\t\t\t\t<div class=\"elementor-widget-container\">\n\t\t\t\t\t<h3 class=\"elementor-heading-title elementor-size-default\">ENVIRONMENT ENGINEERING<\/h3>\t\t\t\t<\/div>\n\t\t\t\t<\/div>\n\t\t\t\t\t<\/div>\n\t\t<\/div>\n\t\t\t\t\t<\/div>\n\t\t<\/section>\n\t\t\t\t<section data-particle_enable=\"false\" data-particle-mobile-disabled=\"false\" class=\"elementor-section elementor-top-section elementor-element elementor-element-7cc5916c elementor-section-full_width elementor-section-height-default elementor-section-height-default\" data-id=\"7cc5916c\" data-element_type=\"section\" data-settings=\"{&quot;background_background&quot;:&quot;classic&quot;,&quot;ekit_has_onepagescroll_dot&quot;:&quot;yes&quot;}\">\n\t\t\t\t\t\t<div class=\"elementor-container elementor-column-gap-no\">\n\t\t\t\t\t<div class=\"elementor-column elementor-col-100 elementor-top-column elementor-element elementor-element-4b571adf\" data-id=\"4b571adf\" data-element_type=\"column\">\n\t\t\t<div class=\"elementor-widget-wrap elementor-element-populated\">\n\t\t\t\t\t\t<section data-particle_enable=\"false\" data-particle-mobile-disabled=\"false\" class=\"elementor-section elementor-inner-section elementor-element elementor-element-1a2a9a19 elementor-section-full_width elementor-section-height-default elementor-section-height-default\" data-id=\"1a2a9a19\" data-element_type=\"section\" data-settings=\"{&quot;ekit_has_onepagescroll_dot&quot;:&quot;yes&quot;}\">\n\t\t\t\t\t\t<div class=\"elementor-container elementor-column-gap-default\">\n\t\t\t\t\t<div class=\"elementor-column elementor-col-25 elementor-inner-column elementor-element elementor-element-1fd1a3e\" data-id=\"1fd1a3e\" data-element_type=\"column\">\n\t\t\t<div class=\"elementor-widget-wrap elementor-element-populated\">\n\t\t\t\t\t\t<div class=\"elementor-element elementor-element-59564c31 ekit-equal-height-disable elementor-widget elementor-widget-elementskit-image-box\" data-id=\"59564c31\" data-element_type=\"widget\" data-settings=\"{&quot;ekit_we_effect_on&quot;:&quot;none&quot;}\" data-widget_type=\"elementskit-image-box.default\">\n\t\t\t\t<div class=\"elementor-widget-container\">\n\t\t\t\t\t<div class=\"ekit-wid-con\" >\n            <div class=\"elementskit-info-image-box ekit-image-box text-center style-modern\" >\n\n                <a href=\"https:\/\/africadevelopmentconsultingroup.com\/en\/etudes-dimpact-environnemental-eie\/\">\n                <div class=\"elementskit-box-header image-box-img-center\">\n\n                    <img decoding=\"async\" src=\"https:\/\/africadevelopmentconsultingroup.com\/wp-content\/uploads\/elementor\/thumbs\/htrte-pw5gk75gl7ggm68vbsujny9i7a3c01bppfuyt2o0qg.jpeg\" title=\"htrte\" alt=\"htrte\" loading=\"lazy\" \/>\n                <\/div>\n                <\/a>\n                <div class=\"elementskit-box-body ekit-image-box-body\">\n                    <div class=\"elementskit-box-content ekit-image-box-body-inner\">\n                                                                <div class=\"elementskit-box-style-content\">\n                        ENVIRONMENTAL IMPACT ASSESSMENT (EIA)                    <\/div>\n                                    <\/div>\n\n                                <div class=\"elementskit-box-footer\">\n                    <div class=\"box-footer\">\n                        <div class=\"btn-wraper\">\n                                                            <a href=\"https:\/\/africadevelopmentconsultingroup.com\/en\/etudes-dimpact-environnemental-eie\/\" class=\"elementskit-btn whitespace--normal\">\n                                    \n                                    <i aria-hidden=\"true\" class=\"fas fa-greater-than\"><\/i>\n                                    Read                                <\/a>\n                                                        <\/div>\n                    <\/div>\n                <\/div>\n                            <\/div>\n            <\/div>\n    <\/div>\t\t\t\t<\/div>\n\t\t\t\t<\/div>\n\t\t\t\t\t<\/div>\n\t\t<\/div>\n\t\t\t\t<div class=\"elementor-column elementor-col-25 elementor-inner-column elementor-element elementor-element-38182da9\" data-id=\"38182da9\" data-element_type=\"column\">\n\t\t\t<div class=\"elementor-widget-wrap elementor-element-populated\">\n\t\t\t\t\t\t<div class=\"elementor-element elementor-element-eacd75c ekit-equal-height-disable elementor-widget elementor-widget-elementskit-image-box\" data-id=\"eacd75c\" data-element_type=\"widget\" data-settings=\"{&quot;ekit_we_effect_on&quot;:&quot;none&quot;}\" data-widget_type=\"elementskit-image-box.default\">\n\t\t\t\t<div class=\"elementor-widget-container\">\n\t\t\t\t\t<div class=\"ekit-wid-con\" >\n            <div class=\"elementskit-info-image-box ekit-image-box text-center style-modern\" >\n\n                <a href=\"https:\/\/africadevelopmentconsultingroup.com\/en\/evaluation-environnementale\/\">\n                <div class=\"elementskit-box-header image-box-img-center\">\n\n                    <img decoding=\"async\" src=\"https:\/\/africadevelopmentconsultingroup.com\/wp-content\/uploads\/elementor\/thumbs\/jjueue-pw5grfir6bcvy5qo3fe7cmk6r0g0871d18kgqpxyuw.jpeg\" title=\"jjueue\" alt=\"jjueue\" loading=\"lazy\" \/>\n                <\/div>\n                <\/a>\n                <div class=\"elementskit-box-body ekit-image-box-body\">\n                    <div class=\"elementskit-box-content ekit-image-box-body-inner\">\n                                                                <div class=\"elementskit-box-style-content\">\n                        ENVIRONMENTAL ASSESSMENT                    <\/div>\n                                    <\/div>\n\n                                <div class=\"elementskit-box-footer\">\n                    <div class=\"box-footer\">\n                        <div class=\"btn-wraper\">\n                                                            <a href=\"https:\/\/africadevelopmentconsultingroup.com\/en\/evaluation-environnementale\/\" class=\"elementskit-btn whitespace--normal\">\n                                    \n                                    <i aria-hidden=\"true\" class=\"fas fa-greater-than\"><\/i>\n                                    Read                                <\/a>\n                                                        <\/div>\n                    <\/div>\n                <\/div>\n                            <\/div>\n            <\/div>\n    <\/div>\t\t\t\t<\/div>\n\t\t\t\t<\/div>\n\t\t\t\t\t<\/div>\n\t\t<\/div>\n\t\t\t\t<div class=\"elementor-column elementor-col-25 elementor-inner-column elementor-element elementor-element-5489b13f\" data-id=\"5489b13f\" data-element_type=\"column\">\n\t\t\t<div class=\"elementor-widget-wrap elementor-element-populated\">\n\t\t\t\t\t\t<div class=\"elementor-element elementor-element-57235237 ekit-equal-height-disable elementor-widget elementor-widget-elementskit-image-box\" data-id=\"57235237\" data-element_type=\"widget\" data-settings=\"{&quot;ekit_we_effect_on&quot;:&quot;none&quot;}\" data-widget_type=\"elementskit-image-box.default\">\n\t\t\t\t<div class=\"elementor-widget-container\">\n\t\t\t\t\t<div class=\"ekit-wid-con\" >\n            <div class=\"elementskit-info-image-box ekit-image-box text-center style-modern\" >\n\n                <a href=\"https:\/\/africadevelopmentconsultingroup.com\/en\/gestion-de-leau\/\">\n                <div class=\"elementskit-box-header image-box-img-center\">\n\n                    <img decoding=\"async\" src=\"https:\/\/africadevelopmentconsultingroup.com\/wp-content\/uploads\/elementor\/thumbs\/poue-pw6w4r3lbyxu3bhxct1yzyg161dga8psmj37ozxozc.jpeg\" title=\"poue\" alt=\"poue\" loading=\"lazy\" \/>\n                <\/div>\n                <\/a>\n                <div class=\"elementskit-box-body ekit-image-box-body\">\n                    <div class=\"elementskit-box-content ekit-image-box-body-inner\">\n                                                                <div class=\"elementskit-box-style-content\">\n                        WATER MANAGEMENT                    <\/div>\n                                    <\/div>\n\n                                <div class=\"elementskit-box-footer\">\n                    <div class=\"box-footer\">\n                        <div class=\"btn-wraper\">\n                                                            <a href=\"https:\/\/africadevelopmentconsultingroup.com\/en\/gestion-de-leau\/\" class=\"elementskit-btn whitespace--normal\">\n                                    \n                                    <i aria-hidden=\"true\" class=\"fas fa-greater-than\"><\/i>\n                                    Read                                <\/a>\n                                                        <\/div>\n                    <\/div>\n                <\/div>\n                            <\/div>\n            <\/div>\n    <\/div>\t\t\t\t<\/div>\n\t\t\t\t<\/div>\n\t\t\t\t\t<\/div>\n\t\t<\/div>\n\t\t\t\t<div class=\"elementor-column elementor-col-25 elementor-inner-column elementor-element elementor-element-262933a8\" data-id=\"262933a8\" data-element_type=\"column\">\n\t\t\t<div class=\"elementor-widget-wrap elementor-element-populated\">\n\t\t\t\t\t\t<div class=\"elementor-element elementor-element-5182471c ekit-equal-height-disable elementor-widget elementor-widget-elementskit-image-box\" data-id=\"5182471c\" data-element_type=\"widget\" data-settings=\"{&quot;ekit_we_effect_on&quot;:&quot;none&quot;}\" data-widget_type=\"elementskit-image-box.default\">\n\t\t\t\t<div class=\"elementor-widget-container\">\n\t\t\t\t\t<div class=\"ekit-wid-con\" >\n            <div class=\"elementskit-info-image-box ekit-image-box text-center style-modern\" >\n\n                <a href=\"https:\/\/africadevelopmentconsultingroup.com\/en\/cartographie-sig-geomatique\/\">\n                <div class=\"elementskit-box-header image-box-img-center\">\n\n                    <img decoding=\"async\" src=\"https:\/\/africadevelopmentconsultingroup.com\/wp-content\/uploads\/elementor\/thumbs\/k1-pw6wa3si909m7dq13mchp3tiy0zp46yrp0tr2pzzjs.jpeg\" title=\"k1\" alt=\"k1\" loading=\"lazy\" \/>\n                <\/div>\n                <\/a>\n                <div class=\"elementskit-box-body ekit-image-box-body\">\n                    <div class=\"elementskit-box-content ekit-image-box-body-inner\">\n                                                                <div class=\"elementskit-box-style-content\">\n                        CARTOGRAPHY, GIS &amp; GEOMATICS                    <\/div>\n                                    <\/div>\n\n                                <div class=\"elementskit-box-footer\">\n                    <div class=\"box-footer\">\n                        <div class=\"btn-wraper\">\n                                                            <a href=\"https:\/\/africadevelopmentconsultingroup.com\/en\/cartographie-sig-geomatique\/\" class=\"elementskit-btn whitespace--normal\">\n                                    \n                                    <i aria-hidden=\"true\" class=\"fas fa-greater-than\"><\/i>\n                                    Read                                <\/a>\n                                                        <\/div>\n                    <\/div>\n                <\/div>\n                            <\/div>\n            <\/div>\n    <\/div>\t\t\t\t<\/div>\n\t\t\t\t<\/div>\n\t\t\t\t\t<\/div>\n\t\t<\/div>\n\t\t\t\t\t<\/div>\n\t\t<\/section>\n\t\t\t\t<section data-particle_enable=\"false\" data-particle-mobile-disabled=\"false\" class=\"elementor-section elementor-inner-section elementor-element elementor-element-27ba5f61 elementor-section-full_width elementor-section-height-default elementor-section-height-default\" data-id=\"27ba5f61\" data-element_type=\"section\" data-settings=\"{&quot;ekit_has_onepagescroll_dot&quot;:&quot;yes&quot;}\">\n\t\t\t\t\t\t<div class=\"elementor-container elementor-column-gap-default\">\n\t\t\t\t\t<div class=\"elementor-column elementor-col-25 elementor-inner-column elementor-element elementor-element-9e20\" data-id=\"9e20\" data-element_type=\"column\">\n\t\t\t<div class=\"elementor-widget-wrap elementor-element-populated\">\n\t\t\t\t\t\t<div class=\"elementor-element elementor-element-86fd788 ekit-equal-height-disable elementor-widget elementor-widget-elementskit-image-box\" data-id=\"86fd788\" data-element_type=\"widget\" data-settings=\"{&quot;ekit_we_effect_on&quot;:&quot;none&quot;}\" data-widget_type=\"elementskit-image-box.default\">\n\t\t\t\t<div class=\"elementor-widget-container\">\n\t\t\t\t\t<div class=\"ekit-wid-con\" >\n            <div class=\"elementskit-info-image-box ekit-image-box text-center style-modern\" >\n\n                <a href=\"https:\/\/africadevelopmentconsultingroup.com\/en\/surveillance-et-suivi-environnemental\/\">\n                <div class=\"elementskit-box-header image-box-img-center\">\n\n                    <img decoding=\"async\" src=\"https:\/\/africadevelopmentconsultingroup.com\/wp-content\/uploads\/elementor\/thumbs\/h1-pw6wos1sxwcrg8epeyotmeiksknza37x1ngms88qew.jpeg\" title=\"h1\" alt=\"h1\" loading=\"lazy\" \/>\n                <\/div>\n                <\/a>\n                <div class=\"elementskit-box-body ekit-image-box-body\">\n                    <div class=\"elementskit-box-content ekit-image-box-body-inner\">\n                                                                <div class=\"elementskit-box-style-content\">\n                        ENVIRONMENTAL MONITORING AND FOLLOW-UP                    <\/div>\n                                    <\/div>\n\n                                <div class=\"elementskit-box-footer\">\n                    <div class=\"box-footer\">\n                        <div class=\"btn-wraper\">\n                                                            <a href=\"https:\/\/africadevelopmentconsultingroup.com\/en\/surveillance-et-suivi-environnemental\/\" class=\"elementskit-btn whitespace--normal\">\n                                    \n                                    <i aria-hidden=\"true\" class=\"fas fa-greater-than\"><\/i>\n                                    Read                                <\/a>\n                                                        <\/div>\n                    <\/div>\n                <\/div>\n                            <\/div>\n            <\/div>\n    <\/div>\t\t\t\t<\/div>\n\t\t\t\t<\/div>\n\t\t\t\t\t<\/div>\n\t\t<\/div>\n\t\t\t\t<div class=\"elementor-column elementor-col-25 elementor-inner-column elementor-element elementor-element-102695ec\" data-id=\"102695ec\" data-element_type=\"column\">\n\t\t\t<div class=\"elementor-widget-wrap elementor-element-populated\">\n\t\t\t\t\t\t<div class=\"elementor-element elementor-element-5639da3e ekit-equal-height-disable elementor-widget elementor-widget-elementskit-image-box\" data-id=\"5639da3e\" data-element_type=\"widget\" data-settings=\"{&quot;ekit_we_effect_on&quot;:&quot;none&quot;}\" data-widget_type=\"elementskit-image-box.default\">\n\t\t\t\t<div class=\"elementor-widget-container\">\n\t\t\t\t\t<div class=\"ekit-wid-con\" >\n            <div class=\"elementskit-info-image-box ekit-image-box text-center style-modern\" >\n\n                <a href=\"https:\/\/africadevelopmentconsultingroup.com\/en\/acceptabilite-sociale\/\">\n                <div class=\"elementskit-box-header image-box-img-center\">\n\n                    <img decoding=\"async\" src=\"https:\/\/africadevelopmentconsultingroup.com\/wp-content\/uploads\/elementor\/thumbs\/f2Z-pw6wuf2xy42p407sheg8kza53sv9gplxtkdifzvp2w.jpeg\" title=\"f2Z\" alt=\"f2Z\" loading=\"lazy\" \/>\n                <\/div>\n                <\/a>\n                <div class=\"elementskit-box-body ekit-image-box-body\">\n                    <div class=\"elementskit-box-content ekit-image-box-body-inner\">\n                                                                <div class=\"elementskit-box-style-content\">\n                        SOCIAL ACCEPTABILITY                    <\/div>\n                                    <\/div>\n\n                                <div class=\"elementskit-box-footer\">\n                    <div class=\"box-footer\">\n                        <div class=\"btn-wraper\">\n                                                            <a href=\"https:\/\/africadevelopmentconsultingroup.com\/en\/acceptabilite-sociale\/\" class=\"elementskit-btn whitespace--normal\">\n                                    \n                                    <i aria-hidden=\"true\" class=\"fas fa-greater-than\"><\/i>\n                                    Read                                <\/a>\n                                                        <\/div>\n                    <\/div>\n                <\/div>\n                            <\/div>\n            <\/div>\n    <\/div>\t\t\t\t<\/div>\n\t\t\t\t<\/div>\n\t\t\t\t\t<\/div>\n\t\t<\/div>\n\t\t\t\t<div class=\"elementor-column elementor-col-25 elementor-inner-column elementor-element elementor-element-2f7df881\" data-id=\"2f7df881\" data-element_type=\"column\">\n\t\t\t<div class=\"elementor-widget-wrap elementor-element-populated\">\n\t\t\t\t\t\t<div class=\"elementor-element elementor-element-24061da3 ekit-equal-height-disable elementor-widget elementor-widget-elementskit-image-box\" data-id=\"24061da3\" data-element_type=\"widget\" data-settings=\"{&quot;ekit_we_effect_on&quot;:&quot;none&quot;}\" data-widget_type=\"elementskit-image-box.default\">\n\t\t\t\t<div class=\"elementor-widget-container\">\n\t\t\t\t\t<div class=\"ekit-wid-con\" >\n            <div class=\"elementskit-info-image-box ekit-image-box text-center style-modern\" >\n\n                <a href=\"https:\/\/africadevelopmentconsultingroup.com\/en\/gestion-de-projets-environnementaux\/\">\n                <div class=\"elementskit-box-header image-box-img-center\">\n\n                    <img decoding=\"async\" src=\"https:\/\/africadevelopmentconsultingroup.com\/wp-content\/uploads\/elementor\/thumbs\/formation-pw5g117x8t7zwe318imdtsd66gjx278qel0kjz2zlk.jpeg\" title=\"formation\" alt=\"formation\" loading=\"lazy\" \/>\n                <\/div>\n                <\/a>\n                <div class=\"elementskit-box-body ekit-image-box-body\">\n                    <div class=\"elementskit-box-content ekit-image-box-body-inner\">\n                                                                <div class=\"elementskit-box-style-content\">\n                        ENVIRONMENTAL PROJECT MANAGEMENT                    <\/div>\n                                    <\/div>\n\n                                <div class=\"elementskit-box-footer\">\n                    <div class=\"box-footer\">\n                        <div class=\"btn-wraper\">\n                                                            <a href=\"https:\/\/africadevelopmentconsultingroup.com\/en\/gestion-de-projets-environnementaux\/\" class=\"elementskit-btn whitespace--normal\">\n                                    \n                                    <i aria-hidden=\"true\" class=\"fas fa-greater-than\"><\/i>\n                                    Read                                <\/a>\n                                                        <\/div>\n                    <\/div>\n                <\/div>\n                            <\/div>\n            <\/div>\n    <\/div>\t\t\t\t<\/div>\n\t\t\t\t<\/div>\n\t\t\t\t\t<\/div>\n\t\t<\/div>\n\t\t\t\t<div class=\"elementor-column elementor-col-25 elementor-inner-column elementor-element elementor-element-2cc049c0\" data-id=\"2cc049c0\" data-element_type=\"column\">\n\t\t\t<div class=\"elementor-widget-wrap elementor-element-populated\">\n\t\t\t\t\t\t<div class=\"elementor-element elementor-element-6e8f22a ekit-equal-height-disable elementor-widget elementor-widget-elementskit-image-box\" data-id=\"6e8f22a\" data-element_type=\"widget\" data-settings=\"{&quot;ekit_we_effect_on&quot;:&quot;none&quot;}\" data-widget_type=\"elementskit-image-box.default\">\n\t\t\t\t<div class=\"elementor-widget-container\">\n\t\t\t\t\t<div class=\"ekit-wid-con\" >\n            <div class=\"elementskit-info-image-box ekit-image-box text-center style-modern\" >\n\n                <a href=\"https:\/\/africadevelopmentconsultingroup.com\/en\/plan-daction-environnemental\/\">\n                <div class=\"elementskit-box-header image-box-img-center\">\n\n                    <img decoding=\"async\" src=\"https:\/\/africadevelopmentconsultingroup.com\/wp-content\/uploads\/elementor\/thumbs\/hte-pw6xx35x3r0t3rx55h4ohent6j1855pcvqxvt5rmc8.jpg\" title=\"hte\" alt=\"hte\" loading=\"lazy\" \/>\n                <\/div>\n                <\/a>\n                <div class=\"elementskit-box-body ekit-image-box-body\">\n                    <div class=\"elementskit-box-content ekit-image-box-body-inner\">\n                                                                <div class=\"elementskit-box-style-content\">\n                        ENVIRONMENTAL ACTION PLAN                    <\/div>\n                                    <\/div>\n\n                                <div class=\"elementskit-box-footer\">\n                    <div class=\"box-footer\">\n                        <div class=\"btn-wraper\">\n                                                            <a href=\"https:\/\/africadevelopmentconsultingroup.com\/en\/plan-daction-environnemental\/\" class=\"elementskit-btn whitespace--normal\">\n                                    \n                                    <i aria-hidden=\"true\" class=\"fas fa-greater-than\"><\/i>\n                                    Read                                <\/a>\n                                                        <\/div>\n                    <\/div>\n                <\/div>\n                            <\/div>\n            <\/div>\n    <\/div>\t\t\t\t<\/div>\n\t\t\t\t<\/div>\n\t\t\t\t\t<\/div>\n\t\t<\/div>\n\t\t\t\t\t<\/div>\n\t\t<\/section>\n\t\t\t\t\t<\/div>\n\t\t<\/div>\n\t\t\t\t\t<\/div>\n\t\t<\/section>\n\t\t\t\t<\/div>","protected":false},"excerpt":{"rendered":"<p>ING\u00c9NIERIE ENVIRONNEMENTALE \u00c9TUDES D&rsquo;IMPACT ENVIRONNEMENTAL (EIE) Lire \u00c9VALUATION ENVIRONNEMENTALE Lire GESTION DE L&rsquo;EAU Lire CARTOGRAPHIE, SIG &amp; G\u00c9OMATIQUE Lire SURVEILLANCE ET SUIVI ENVIRONNEMENTAL Lire ACCEPTABILIT\u00c9 SOCIALE Lire GESTION DE PROJETS ENVIRONNEMENTAUX Lire PLAN D&rsquo;ACTION ENVIRONNEMENTAL Lire<\/p>","protected":false},"author":1,"featured_media":0,"parent":0,"menu_order":0,"comment_status":"closed","ping_status":"closed","template":"elementor_header_footer","meta":{"_editorskit_title_hidden":false,"_editorskit_reading_time":0,"_editorskit_is_block_options_detached":false,"_editorskit_block_options_position":"{}","footnotes":""},"class_list":["post-1776","page","type-page","status-publish","hentry"],"_links":{"self":[{"href":"https:\/\/africadevelopmentconsultingroup.com\/en\/wp-json\/wp\/v2\/pages\/1776","targetHints":{"allow":["GET"]}}],"collection":[{"href":"https:\/\/africadevelopmentconsultingroup.com\/en\/wp-json\/wp\/v2\/pages"}],"about":[{"href":"https:\/\/africadevelopmentconsultingroup.com\/en\/wp-json\/wp\/v2\/types\/page"}],"author":[{"embeddable":true,"href":"https:\/\/africadevelopmentconsultingroup.com\/en\/wp-json\/wp\/v2\/users\/1"}],"replies":[{"embeddable":true,"href":"https:\/\/africadevelopmentconsultingroup.com\/en\/wp-json\/wp\/v2\/comments?post=1776"}],"version-history":[{"count":30,"href":"https:\/\/africadevelopmentconsultingroup.com\/en\/wp-json\/wp\/v2\/pages\/1776\/revisions"}],"predecessor-version":[{"id":4118,"href":"https:\/\/africadevelopmentconsultingroup.com\/en\/wp-json\/wp\/v2\/pages\/1776\/revisions\/4118"}],"wp:attachment":[{"href":"https:\/\/africadevelopmentconsultingroup.com\/en\/wp-json\/wp\/v2\/media?parent=1776"}],"curies":[{"name":"wp","href":"https:\/\/api.w.org\/{rel}","templated":true}]}}